{"id":404,"date":"2023-08-18T12:33:13","date_gmt":"2023-08-18T12:33:13","guid":{"rendered":"https:\/\/www.tpa-group.cz\/?page_id=404"},"modified":"2023-11-29T12:57:46","modified_gmt":"2023-11-29T12:57:46","slug":"our-locations","status":"publish","type":"page","link":"https:\/\/www.tpa-group.cz\/en\/our-locations\/","title":{"rendered":"Locations"},"content":{"rendered":"\t\t<div data-elementor-type=\"wp-page\" data-elementor-id=\"404\" class=\"elementor elementor-404\" data-elementor-post-type=\"page\">\n\t\t\t\t\t\t<section class=\"elementor-section elementor-top-section elementor-element elementor-element-3a0576e8 hero-banner elementor-section-boxed elementor-section-height-default elementor-section-height-default\" data-id=\"3a0576e8\" data-element_type=\"section\">\n\t\t\t\t\t\t<div class=\"elementor-container elementor-column-gap-default\">\n\t\t\t\t\t<div class=\"elementor-column elementor-col-50 elementor-top-column elementor-element elementor-element-6893031e\" data-id=\"6893031e\" data-element_type=\"column\">\n\t\t\t<div class=\"elementor-widget-wrap elementor-element-populated\">\n\t\t\t\t\t\t<section class=\"elementor-section elementor-inner-section elementor-element elementor-element-1bc8d hero-banner-breadcrumbs-container elementor-section-boxed elementor-section-height-default elementor-section-height-default\" data-id=\"1bc8d\" data-element_type=\"section\">\n\t\t\t\t\t\t<div class=\"elementor-container elementor-column-gap-default\">\n\t\t\t\t\t<div class=\"elementor-column elementor-col-100 elementor-inner-column elementor-element elementor-element-6d4f4ca4\" data-id=\"6d4f4ca4\" data-element_type=\"column\">\n\t\t\t<div class=\"elementor-widget-wrap elementor-element-populated\">\n\t\t\t\t\t\t<div class=\"elementor-element elementor-element-3fe0f403 elementor-widget elementor-widget-heading\" data-id=\"3fe0f403\" data-element_type=\"widget\" data-widget_type=\"heading.default\">\n\t\t\t\t<div class=\"elementor-widget-container\">\n\t\t\t\t\t<p class=\"elementor-heading-title elementor-size-default\"><a href=\"\/\">Home |&nbsp;<\/a><\/p>\t\t\t\t<\/div>\n\t\t\t\t<\/div>\n\t\t\t\t<div class=\"elementor-element elementor-element-74e9abad elementor-widget elementor-widget-heading\" data-id=\"74e9abad\" data-element_type=\"widget\" data-widget_type=\"heading.default\">\n\t\t\t\t<div class=\"elementor-widget-container\">\n\t\t\t\t\t<p class=\"elementor-heading-title elementor-size-default\">Locations<\/p>\t\t\t\t<\/div>\n\t\t\t\t<\/div>\n\t\t\t\t\t<\/div>\n\t\t<\/div>\n\t\t\t\t\t<\/div>\n\t\t<\/section>\n\t\t\t\t<div class=\"elementor-element elementor-element-3fd19a92 elementor-widget elementor-widget-heading\" data-id=\"3fd19a92\" data-element_type=\"widget\" data-widget_type=\"heading.default\">\n\t\t\t\t<div class=\"elementor-widget-container\">\n\t\t\t\t\t<h1 class=\"elementor-heading-title elementor-size-default\">Our Locations<\/h1>\t\t\t\t<\/div>\n\t\t\t\t<\/div>\n\t\t\t\t<div class=\"elementor-element elementor-element-7260b775 elementor-widget elementor-widget-text-editor\" data-id=\"7260b775\" data-element_type=\"widget\" data-widget_type=\"text-editor.default\">\n\t\t\t\t<div class=\"elementor-widget-container\">\n\t\t\t\t\t\t\t\t\t<p>At TPA, we live our consulting approach \u201cpartner at eye level\u201d every day. Visual contact with you is therefore particularly important to us. We would like to offer this to you whenever it is at all possible. After all, most business discussions are easier and more efficient face-to-face. That&#8217;s why we are where you and your company are.<\/p>\t\t\t\t\t\t\t\t<\/div>\n\t\t\t\t<\/div>\n\t\t\t\t\t<\/div>\n\t\t<\/div>\n\t\t\t\t<div class=\"elementor-column elementor-col-50 elementor-top-column elementor-element elementor-element-3b131ef7\" data-id=\"3b131ef7\" data-element_type=\"column\">\n\t\t\t<div class=\"elementor-widget-wrap\">\n\t\t\t\t\t\t\t<\/div>\n\t\t<\/div>\n\t\t\t\t\t<\/div>\n\t\t<\/section>\n\t\t\t\t<section class=\"elementor-section elementor-top-section elementor-element elementor-element-4a4cdc01 elementor-section-boxed elementor-section-height-default elementor-section-height-default\" data-id=\"4a4cdc01\" data-element_type=\"section\" data-settings=\"{&quot;background_background&quot;:&quot;classic&quot;}\">\n\t\t\t\t\t\t<div class=\"elementor-container elementor-column-gap-default\">\n\t\t\t\t\t<div class=\"elementor-column elementor-col-100 elementor-top-column elementor-element elementor-element-90dc73e\" data-id=\"90dc73e\" data-element_type=\"column\">\n\t\t\t<div class=\"elementor-widget-wrap elementor-element-populated\">\n\t\t\t\t\t\t<div class=\"elementor-element elementor-element-172ed3f8 elementor-widget elementor-widget-locations-card-grid\" data-id=\"172ed3f8\" data-element_type=\"widget\" data-widget_type=\"locations-card-grid.default\">\n\t\t\t\t<div class=\"elementor-widget-container\">\n\t\t\t\t\t\t \t<div \n\t \t\tclass=\"locations-card-grid-container\" \n \t\t>   \n\n\t\t\t\t  <div class=\"locations-grid\" style=\"opacity: 0;\">\n\n\t\t  \t<div class=\"locations-grid-sizer\"><\/div>\n\t\t    \t\n\t\t        \t<div class=\"locations-grid-item\">\n\t        \t\t\t<a class=\"location-link\" href=\"https:\/\/www.tpa-group.cz\/en\/locations\/location-opava\/\">\n\t\t        \t\t\t        \t\t\t\t\t\t<p class=\"main-category\">Opava<\/p>\n\t        \t\t\t\t\t\t\t        \t\t\t\t\t        \t\t<div class=\"img-container\">\n\t\t\t        \t\t\t<img decoding=\"async\" class=\"post-image\" src=\"https:\/\/www.tpa-group.cz\/app\/uploads\/sites\/4\/2023\/08\/2018-01-058-600x400-1.jpg\" alt=\"Opava\">\n\t\t\t        \t\t<\/div>\n\t\t        \t\t<\/a>\n\t        \t\t\t\t\t\t        \t\t\t\t<div class=\"post-content-wrapper\">\n\t\t\t\t\t        \t\t<div class=\"content-container\">\n\t\t\t\t\t        \t\t\t\n\t\t\t        \t\t\t\t\t\t<a href=\"https:\/\/www.tpa-group.cz\/en\/locations\/location-opava\/\">\n\t\t\t\t\t        \t\t\t\t\t<h5 class=\"post-title\">Opava<\/h5>\n\t\t\t\t\t        \t\t\t\t<\/a>\n\t\t                    \t\t\t\t\t                    \t\t\t<div class=\"location-email-container\">\n                    \t\t\t\t\t\t<a href=\"mailto:office@tpa-group.cz\">\n\t\t\t                    \t\t\t\t<i aria-hidden=\"true\" class=\"fa6s fa6s-solid-envelope\"><\/i>\n\t\t\t                    \t\t\t\t<p>office@tpa-group.cz<\/p>\n\t\t                    \t\t\t\t<\/a>\n\t\t                    \t\t\t<\/div>\n\t\t\t\t\t\t\t\t\t\t\n\t\t                    \t\t\t<div class=\"location-telephone-container\">\n\t\t                    \t\t\t\t<a href=\"tel:+420 724 286 879\">\n\t\t\t                    \t\t\t\t<i aria-hidden=\"true\" class=\"fa6s fa6s-solid-phone\"><\/i>\n\t\t\t\t\t\t\t\t\t\t\t\t<p>+420 724 286 879<\/p>\n\t\t\t\t\t\t\t\t\t\t\t<\/a>\n\t\t                    \t\t\t<\/div>\n\t\t\t\t\t\t\t\t\t\t\n\t\t                    \t\t\t<div class=\"location-address-container\">\n\t\t                    \t\t\t\t<i aria-hidden=\"true\" class=\"fa6s fa6s-solid-location-dot\"><\/i>\n\t\t\t\t\t\t\t\t\t\t\t<p>Veleslav\u00ednova 240\/8, 746 01 Opava<\/p>\n\t\t                    \t\t\t<\/div>\n\t\t\t\t\t\t\t\t\t\t<br>\n\t\t\t\t\t\t\t\t\t\t\n\t        \t\t\t\t\t\t\t<a href=\"https:\/\/www.tpa-group.cz\/en\/locations\/location-opava\/\">\n\t\t\t        \t\t\t\t\t\t<div class=\"btn-arrow\" style=\"background-image: url('https:\/\/www.tpa-group.cz\/app\/plugins\/ovos-elementor-widgets\/widgets\/locations-card-grid-widget\/img\/button-arrow-right-long.svg')\"><\/div>\n\t\t\t        \t\t\t\t\t<\/a>\n\t\t\t\t\t        \t\t<\/div>\n\t\t\t\t        \t\t<\/div>\n\t        \t\t\t\t\t\t        \t<\/div>\n\t\t        \t\n\t\t        \t<div class=\"locations-grid-item\">\n\t        \t\t\t<a class=\"location-link\" href=\"https:\/\/www.tpa-group.cz\/en\/locations\/ostrava\/\">\n\t\t        \t\t\t        \t\t\t\t\t\t<p class=\"main-category\">Ostrava<\/p>\n\t        \t\t\t\t\t\t\t        \t\t\t\t\t        \t\t<div class=\"img-container\">\n\t\t\t        \t\t\t<img decoding=\"async\" class=\"post-image\" src=\"https:\/\/www.tpa-group.cz\/app\/uploads\/sites\/4\/2024\/11\/Kridlo_byvale_posty-1024x768.jpg\" alt=\"Ostrava\">\n\t\t\t        \t\t<\/div>\n\t\t        \t\t<\/a>\n\t        \t\t\t\t\t\t        \t\t\t\t<div class=\"post-content-wrapper\">\n\t\t\t\t\t        \t\t<div class=\"content-container\">\n\t\t\t\t\t        \t\t\t\n\t\t\t        \t\t\t\t\t\t<a href=\"https:\/\/www.tpa-group.cz\/en\/locations\/ostrava\/\">\n\t\t\t\t\t        \t\t\t\t\t<h5 class=\"post-title\">Ostrava<\/h5>\n\t\t\t\t\t        \t\t\t\t<\/a>\n\t\t                    \t\t\t\t\t                    \t\t\t<div class=\"location-email-container\">\n                    \t\t\t\t\t\t<a href=\"mailto:office@tpa-group.cz\">\n\t\t\t                    \t\t\t\t<i aria-hidden=\"true\" class=\"fa6s fa6s-solid-envelope\"><\/i>\n\t\t\t                    \t\t\t\t<p>office@tpa-group.cz<\/p>\n\t\t                    \t\t\t\t<\/a>\n\t\t                    \t\t\t<\/div>\n\t\t\t\t\t\t\t\t\t\t\n\t\t                    \t\t\t<div class=\"location-telephone-container\">\n\t\t                    \t\t\t\t<a href=\"tel:+420 602 591 268\">\n\t\t\t                    \t\t\t\t<i aria-hidden=\"true\" class=\"fa6s fa6s-solid-phone\"><\/i>\n\t\t\t\t\t\t\t\t\t\t\t\t<p>+420 602 591 268<\/p>\n\t\t\t\t\t\t\t\t\t\t\t<\/a>\n\t\t                    \t\t\t<\/div>\n\t\t\t\t\t\t\t\t\t\t\n\t\t                    \t\t\t<div class=\"location-address-container\">\n\t\t                    \t\t\t\t<i aria-hidden=\"true\" class=\"fa6s fa6s-solid-location-dot\"><\/i>\n\t\t\t\t\t\t\t\t\t\t\t<p>Rusk\u00e1 83\/24, 703 00 Ostrava<\/p>\n\t\t                    \t\t\t<\/div>\n\t\t\t\t\t\t\t\t\t\t<br>\n\t\t\t\t\t\t\t\t\t\t\t\t\t\t\t\t\t\t\t\t\t<div class=\"location-working-hours-container\">\n\t\t                    \t\t\t\t<i aria-hidden=\"true\" class=\"fa6s fa6s-solid-clock\"><\/i>\n\t\t\t\t\t\t\t\t\t\t\t\t\t\t\t\t\t\t\t\t\t        <div class=\"working-hours-row\">\n\t\t\t\t\t\t\t\t\t\t        \t<p class=\"working-days\">Mo - Fr<\/p>\n\t\t\t\t\t\t\t\t\t\t        \t<p class=\"working-hours\">8:00 - 17:00<\/p>\n\t\t\t\t\t\t\t\t\t\t        <\/div>\n\t\t\t\t\t\t\t\t\t        \t\t\t\t\t\t\t\t\t\t\t\t<\/div>\n\t\t\t\t\t\t\t\t\t    \n\t        \t\t\t\t\t\t\t<a href=\"https:\/\/www.tpa-group.cz\/en\/locations\/ostrava\/\">\n\t\t\t        \t\t\t\t\t\t<div class=\"btn-arrow\" style=\"background-image: url('https:\/\/www.tpa-group.cz\/app\/plugins\/ovos-elementor-widgets\/widgets\/locations-card-grid-widget\/img\/button-arrow-right-long.svg')\"><\/div>\n\t\t\t        \t\t\t\t\t<\/a>\n\t\t\t\t\t        \t\t<\/div>\n\t\t\t\t        \t\t<\/div>\n\t        \t\t\t\t\t\t        \t<\/div>\n\t\t        \t\n\t\t        \t<div class=\"locations-grid-item\">\n\t        \t\t\t<a class=\"location-link\" href=\"https:\/\/www.tpa-group.cz\/en\/locations\/prague\/\">\n\t\t        \t\t\t        \t\t\t\t\t\t<p class=\"main-category\">Prague<\/p>\n\t        \t\t\t\t\t\t\t        \t\t\t\t\t        \t\t<div class=\"img-container\">\n\t\t\t        \t\t\t<img decoding=\"async\" class=\"post-image\" src=\"https:\/\/www.tpa-group.cz\/app\/uploads\/sites\/4\/2023\/08\/tpa_prague-1-600x400-1.jpg\" alt=\"Prague\">\n\t\t\t        \t\t<\/div>\n\t\t        \t\t<\/a>\n\t        \t\t\t\t\t\t        \t\t\t\t<div class=\"post-content-wrapper\">\n\t\t\t\t\t        \t\t<div class=\"content-container\">\n\t\t\t\t\t        \t\t\t\n\t\t\t        \t\t\t\t\t\t<a href=\"https:\/\/www.tpa-group.cz\/en\/locations\/prague\/\">\n\t\t\t\t\t        \t\t\t\t\t<h5 class=\"post-title\">Prague<\/h5>\n\t\t\t\t\t        \t\t\t\t<\/a>\n\t\t                    \t\t\t\t\t                    \t\t\t<div class=\"location-email-container\">\n                    \t\t\t\t\t\t<a href=\"mailto:office@tpa-group.cz\">\n\t\t\t                    \t\t\t\t<i aria-hidden=\"true\" class=\"fa6s fa6s-solid-envelope\"><\/i>\n\t\t\t                    \t\t\t\t<p>office@tpa-group.cz<\/p>\n\t\t                    \t\t\t\t<\/a>\n\t\t                    \t\t\t<\/div>\n\t\t\t\t\t\t\t\t\t\t\n\t\t                    \t\t\t<div class=\"location-telephone-container\">\n\t\t                    \t\t\t\t<a href=\"tel:+420 222 826 311\">\n\t\t\t                    \t\t\t\t<i aria-hidden=\"true\" class=\"fa6s fa6s-solid-phone\"><\/i>\n\t\t\t\t\t\t\t\t\t\t\t\t<p>+420 222 826 311<\/p>\n\t\t\t\t\t\t\t\t\t\t\t<\/a>\n\t\t                    \t\t\t<\/div>\n\t\t\t\t\t\t\t\t\t\t\n\t\t                    \t\t\t<div class=\"location-address-container\">\n\t\t                    \t\t\t\t<i aria-hidden=\"true\" class=\"fa6s fa6s-solid-location-dot\"><\/i>\n\t\t\t\t\t\t\t\t\t\t\t<p>Antala Sta\u0161ka 2027\/79, 140 00 Prague<\/p>\n\t\t                    \t\t\t<\/div>\n\t\t\t\t\t\t\t\t\t\t<br>\n\t\t\t\t\t\t\t\t\t\t\t\t\t\t\t\t\t\t\t\t\t<div class=\"location-working-hours-container\">\n\t\t                    \t\t\t\t<i aria-hidden=\"true\" class=\"fa6s fa6s-solid-clock\"><\/i>\n\t\t\t\t\t\t\t\t\t\t\t\t\t\t\t\t\t\t\t\t\t        <div class=\"working-hours-row\">\n\t\t\t\t\t\t\t\t\t\t        \t<p class=\"working-days\">Mo - Fr<\/p>\n\t\t\t\t\t\t\t\t\t\t        \t<p class=\"working-hours\">07:30 -17:00<\/p>\n\t\t\t\t\t\t\t\t\t\t        <\/div>\n\t\t\t\t\t\t\t\t\t        \t\t\t\t\t\t\t\t\t\t\t        <div class=\"working-hours-row\">\n\t\t\t\t\t\t\t\t\t\t        \t<p class=\"working-days\"><\/p>\n\t\t\t\t\t\t\t\t\t\t        \t<p class=\"working-hours\"><\/p>\n\t\t\t\t\t\t\t\t\t\t        <\/div>\n\t\t\t\t\t\t\t\t\t        \t\t\t\t\t\t\t\t\t\t\t\t<\/div>\n\t\t\t\t\t\t\t\t\t    \n\t        \t\t\t\t\t\t\t<a href=\"https:\/\/www.tpa-group.cz\/en\/locations\/prague\/\">\n\t\t\t        \t\t\t\t\t\t<div class=\"btn-arrow\" style=\"background-image: url('https:\/\/www.tpa-group.cz\/app\/plugins\/ovos-elementor-widgets\/widgets\/locations-card-grid-widget\/img\/button-arrow-right-long.svg')\"><\/div>\n\t\t\t        \t\t\t\t\t<\/a>\n\t\t\t\t\t        \t\t<\/div>\n\t\t\t\t        \t\t<\/div>\n\t        \t\t\t\t\t\t        \t<\/div>\n\t\t        \t\n\t\t        \t<div class=\"locations-grid-item\">\n\t        \t\t\t<a class=\"location-link\" href=\"https:\/\/www.tpa-group.cz\/en\/locations\/zlin\/\">\n\t\t        \t\t\t        \t\t\t\t\t\t<p class=\"main-category\">Zl\u00edn<\/p>\n\t        \t\t\t\t\t\t\t        \t\t\t\t\t        \t\t<div class=\"img-container\">\n\t\t\t        \t\t\t<img decoding=\"async\" class=\"post-image\" src=\"https:\/\/www.tpa-group.cz\/app\/uploads\/sites\/4\/2024\/11\/02_Silo_I_NWT-1536x1152-1-1024x768.jpg\" alt=\"Zl\u00edn\">\n\t\t\t        \t\t<\/div>\n\t\t        \t\t<\/a>\n\t        \t\t\t\t\t\t        \t\t\t\t<div class=\"post-content-wrapper\">\n\t\t\t\t\t        \t\t<div class=\"content-container\">\n\t\t\t\t\t        \t\t\t\n\t\t\t        \t\t\t\t\t\t<a href=\"https:\/\/www.tpa-group.cz\/en\/locations\/zlin\/\">\n\t\t\t\t\t        \t\t\t\t\t<h5 class=\"post-title\">Zl\u00edn<\/h5>\n\t\t\t\t\t        \t\t\t\t<\/a>\n\t\t                    \t\t\t\t\t                    \t\t\t<div class=\"location-email-container\">\n                    \t\t\t\t\t\t<a href=\"mailto:stepan.kohoutek@tpa-group.cz\">\n\t\t\t                    \t\t\t\t<i aria-hidden=\"true\" class=\"fa6s fa6s-solid-envelope\"><\/i>\n\t\t\t                    \t\t\t\t<p>stepan.kohoutek@tpa-group.cz<\/p>\n\t\t                    \t\t\t\t<\/a>\n\t\t                    \t\t\t<\/div>\n\t\t\t\t\t\t\t\t\t\t\n\t\t                    \t\t\t<div class=\"location-telephone-container\">\n\t\t                    \t\t\t\t<a href=\"tel:+420 702 130 642\">\n\t\t\t                    \t\t\t\t<i aria-hidden=\"true\" class=\"fa6s fa6s-solid-phone\"><\/i>\n\t\t\t\t\t\t\t\t\t\t\t\t<p>+420 702 130 642<\/p>\n\t\t\t\t\t\t\t\t\t\t\t<\/a>\n\t\t                    \t\t\t<\/div>\n\t\t\t\t\t\t\t\t\t\t\n\t\t                    \t\t\t<div class=\"location-address-container\">\n\t\t                    \t\t\t\t<i aria-hidden=\"true\" class=\"fa6s fa6s-solid-location-dot\"><\/i>\n\t\t\t\t\t\t\t\t\t\t\t<p>t\u0159. Tom\u00e1\u0161e Bati 269, 760 01 Zl\u00edn<\/p>\n\t\t                    \t\t\t<\/div>\n\t\t\t\t\t\t\t\t\t\t<br>\n\t\t\t\t\t\t\t\t\t\t\t\t\t\t\t\t\t\t\t\t\t<div class=\"location-working-hours-container\">\n\t\t                    \t\t\t\t<i aria-hidden=\"true\" class=\"fa6s fa6s-solid-clock\"><\/i>\n\t\t\t\t\t\t\t\t\t\t\t\t\t\t\t\t\t\t\t\t\t        <div class=\"working-hours-row\">\n\t\t\t\t\t\t\t\t\t\t        \t<p class=\"working-days\">Mo - Fr<\/p>\n\t\t\t\t\t\t\t\t\t\t        \t<p class=\"working-hours\">8:00 -17:00<\/p>\n\t\t\t\t\t\t\t\t\t\t        <\/div>\n\t\t\t\t\t\t\t\t\t        \t\t\t\t\t\t\t\t\t\t\t\t<\/div>\n\t\t\t\t\t\t\t\t\t    \n\t        \t\t\t\t\t\t\t<a href=\"https:\/\/www.tpa-group.cz\/en\/locations\/zlin\/\">\n\t\t\t        \t\t\t\t\t\t<div class=\"btn-arrow\" style=\"background-image: url('https:\/\/www.tpa-group.cz\/app\/plugins\/ovos-elementor-widgets\/widgets\/locations-card-grid-widget\/img\/button-arrow-right-long.svg')\"><\/div>\n\t\t\t        \t\t\t\t\t<\/a>\n\t\t\t\t\t        \t\t<\/div>\n\t\t\t\t        \t\t<\/div>\n\t        \t\t\t\t\t\t        \t<\/div>\n\t\t        \t\t  <\/div>\n\t\t  \t\t\t\t\n\t \t<\/div>\n\t\t\t\t\t\t<\/div>\n\t\t\t\t<\/div>\n\t\t\t\t\t<\/div>\n\t\t<\/div>\n\t\t\t\t\t<\/div>\n\t\t<\/section>\n\t\t\t\t<\/div>\n\t\t","protected":false},"excerpt":{"rendered":"<p>Home |&nbsp; Locations Our Locations At TPA, we live our consulting approach \u201cpartner at eye level\u201d every day. Visual contact with you is therefore particularly important to us. We would like to offer this to you whenever it is at all possible. After all, most business discussions are easier and more efficient face-to-face. That&#8217;s why [&hellip;]<\/p>\n","protected":false},"author":1,"featured_media":0,"parent":0,"menu_order":0,"comment_status":"closed","ping_status":"closed","template":"elementor_header_footer","meta":{"_acf_changed":false,"footnotes":""},"class_list":["post-404","page","type-page","status-publish","hentry"],"acf":[],"yoast_head":"<!-- This site is optimized with the Yoast SEO plugin v26.0 - https:\/\/yoast.com\/wordpress\/plugins\/seo\/ -->\n<title>Locations - TPA Czech Republic<\/title>\n<meta name=\"robots\" content=\"index, follow, max-snippet:-1, max-image-preview:large, max-video-preview:-1\" \/>\n<link rel=\"canonical\" href=\"https:\/\/www.tpa-group.cz\/en\/our-locations\/\" \/>\n<meta property=\"og:locale\" content=\"en_US\" \/>\n<meta property=\"og:type\" content=\"article\" \/>\n<meta property=\"og:title\" content=\"Locations - TPA Czech Republic\" \/>\n<meta property=\"og:description\" content=\"Home |&nbsp; Locations Our Locations At TPA, we live our consulting approach \u201cpartner at eye level\u201d every day. Visual contact with you is therefore particularly important to us. We would like to offer this to you whenever it is at all possible. After all, most business discussions are easier and more efficient face-to-face. That&#8217;s why [&hellip;]\" \/>\n<meta property=\"og:url\" content=\"https:\/\/www.tpa-group.cz\/en\/our-locations\/\" \/>\n<meta property=\"og:site_name\" content=\"TPA Czech Republic\" \/>\n<meta property=\"article:modified_time\" content=\"2023-11-29T12:57:46+00:00\" \/>\n<meta property=\"og:image\" content=\"https:\/\/www.tpa-group.cz\/app\/uploads\/sites\/4\/2023\/08\/2018-01-058-600x400-1.jpg\" \/>\n<meta name=\"twitter:card\" content=\"summary_large_image\" \/>\n<meta name=\"twitter:label1\" content=\"Est. reading time\" \/>\n\t<meta name=\"twitter:data1\" content=\"1 minute\" \/>\n<script type=\"application\/ld+json\" class=\"yoast-schema-graph\">{\"@context\":\"https:\/\/schema.org\",\"@graph\":[{\"@type\":\"WebPage\",\"@id\":\"https:\/\/www.tpa-group.cz\/en\/our-locations\/\",\"url\":\"https:\/\/www.tpa-group.cz\/en\/our-locations\/\",\"name\":\"Locations - TPA Czech Republic\",\"isPartOf\":{\"@id\":\"https:\/\/www.tpa-group.cz\/en\/#website\"},\"primaryImageOfPage\":{\"@id\":\"https:\/\/www.tpa-group.cz\/en\/our-locations\/#primaryimage\"},\"image\":{\"@id\":\"https:\/\/www.tpa-group.cz\/en\/our-locations\/#primaryimage\"},\"thumbnailUrl\":\"https:\/\/www.tpa-group.cz\/app\/uploads\/sites\/4\/2023\/08\/2018-01-058-600x400-1.jpg\",\"datePublished\":\"2023-08-18T12:33:13+00:00\",\"dateModified\":\"2023-11-29T12:57:46+00:00\",\"breadcrumb\":{\"@id\":\"https:\/\/www.tpa-group.cz\/en\/our-locations\/#breadcrumb\"},\"inLanguage\":\"en-US\",\"potentialAction\":[{\"@type\":\"ReadAction\",\"target\":[\"https:\/\/www.tpa-group.cz\/en\/our-locations\/\"]}]},{\"@type\":\"ImageObject\",\"inLanguage\":\"en-US\",\"@id\":\"https:\/\/www.tpa-group.cz\/en\/our-locations\/#primaryimage\",\"url\":\"https:\/\/www.tpa-group.cz\/app\/uploads\/sites\/4\/2023\/08\/2018-01-058-600x400-1.jpg\",\"contentUrl\":\"https:\/\/www.tpa-group.cz\/app\/uploads\/sites\/4\/2023\/08\/2018-01-058-600x400-1.jpg\"},{\"@type\":\"BreadcrumbList\",\"@id\":\"https:\/\/www.tpa-group.cz\/en\/our-locations\/#breadcrumb\",\"itemListElement\":[{\"@type\":\"ListItem\",\"position\":1,\"name\":\"Home\",\"item\":\"https:\/\/www.tpa-group.cz\/en\/\"},{\"@type\":\"ListItem\",\"position\":2,\"name\":\"Locations\"}]},{\"@type\":\"WebSite\",\"@id\":\"https:\/\/www.tpa-group.cz\/en\/#website\",\"url\":\"https:\/\/www.tpa-group.cz\/en\/\",\"name\":\"www.tpa-group.cz\",\"description\":\"\",\"publisher\":{\"@id\":\"https:\/\/www.tpa-group.cz\/en\/#organization\"},\"potentialAction\":[{\"@type\":\"SearchAction\",\"target\":{\"@type\":\"EntryPoint\",\"urlTemplate\":\"https:\/\/www.tpa-group.cz\/en\/?s={search_term_string}\"},\"query-input\":{\"@type\":\"PropertyValueSpecification\",\"valueRequired\":true,\"valueName\":\"search_term_string\"}}],\"inLanguage\":\"en-US\"},{\"@type\":\"Organization\",\"@id\":\"https:\/\/www.tpa-group.cz\/en\/#organization\",\"name\":\"www.tpa-group.cz\",\"url\":\"https:\/\/www.tpa-group.cz\/en\/\",\"logo\":{\"@type\":\"ImageObject\",\"inLanguage\":\"en-US\",\"@id\":\"https:\/\/www.tpa-group.cz\/en\/#\/schema\/logo\/image\/\",\"url\":\"https:\/\/www.tpa-group.cz\/app\/uploads\/sites\/4\/2023\/03\/tpa-logo.svg\",\"contentUrl\":\"https:\/\/www.tpa-group.cz\/app\/uploads\/sites\/4\/2023\/03\/tpa-logo.svg\",\"width\":110,\"height\":93,\"caption\":\"www.tpa-group.cz\"},\"image\":{\"@id\":\"https:\/\/www.tpa-group.cz\/en\/#\/schema\/logo\/image\/\"}}]}<\/script>\n<!-- \/ Yoast SEO plugin. -->","yoast_head_json":{"title":"Locations - TPA Czech Republic","robots":{"index":"index","follow":"follow","max-snippet":"max-snippet:-1","max-image-preview":"max-image-preview:large","max-video-preview":"max-video-preview:-1"},"canonical":"https:\/\/www.tpa-group.cz\/en\/our-locations\/","og_locale":"en_US","og_type":"article","og_title":"Locations - TPA Czech Republic","og_description":"Home |&nbsp; Locations Our Locations At TPA, we live our consulting approach \u201cpartner at eye level\u201d every day. Visual contact with you is therefore particularly important to us. We would like to offer this to you whenever it is at all possible. After all, most business discussions are easier and more efficient face-to-face. That&#8217;s why [&hellip;]","og_url":"https:\/\/www.tpa-group.cz\/en\/our-locations\/","og_site_name":"TPA Czech Republic","article_modified_time":"2023-11-29T12:57:46+00:00","og_image":[{"url":"https:\/\/www.tpa-group.cz\/app\/uploads\/sites\/4\/2023\/08\/2018-01-058-600x400-1.jpg","type":"","width":"","height":""}],"twitter_card":"summary_large_image","twitter_misc":{"Est. reading time":"1 minute"},"schema":{"@context":"https:\/\/schema.org","@graph":[{"@type":"WebPage","@id":"https:\/\/www.tpa-group.cz\/en\/our-locations\/","url":"https:\/\/www.tpa-group.cz\/en\/our-locations\/","name":"Locations - TPA Czech Republic","isPartOf":{"@id":"https:\/\/www.tpa-group.cz\/en\/#website"},"primaryImageOfPage":{"@id":"https:\/\/www.tpa-group.cz\/en\/our-locations\/#primaryimage"},"image":{"@id":"https:\/\/www.tpa-group.cz\/en\/our-locations\/#primaryimage"},"thumbnailUrl":"https:\/\/www.tpa-group.cz\/app\/uploads\/sites\/4\/2023\/08\/2018-01-058-600x400-1.jpg","datePublished":"2023-08-18T12:33:13+00:00","dateModified":"2023-11-29T12:57:46+00:00","breadcrumb":{"@id":"https:\/\/www.tpa-group.cz\/en\/our-locations\/#breadcrumb"},"inLanguage":"en-US","potentialAction":[{"@type":"ReadAction","target":["https:\/\/www.tpa-group.cz\/en\/our-locations\/"]}]},{"@type":"ImageObject","inLanguage":"en-US","@id":"https:\/\/www.tpa-group.cz\/en\/our-locations\/#primaryimage","url":"https:\/\/www.tpa-group.cz\/app\/uploads\/sites\/4\/2023\/08\/2018-01-058-600x400-1.jpg","contentUrl":"https:\/\/www.tpa-group.cz\/app\/uploads\/sites\/4\/2023\/08\/2018-01-058-600x400-1.jpg"},{"@type":"BreadcrumbList","@id":"https:\/\/www.tpa-group.cz\/en\/our-locations\/#breadcrumb","itemListElement":[{"@type":"ListItem","position":1,"name":"Home","item":"https:\/\/www.tpa-group.cz\/en\/"},{"@type":"ListItem","position":2,"name":"Locations"}]},{"@type":"WebSite","@id":"https:\/\/www.tpa-group.cz\/en\/#website","url":"https:\/\/www.tpa-group.cz\/en\/","name":"www.tpa-group.cz","description":"","publisher":{"@id":"https:\/\/www.tpa-group.cz\/en\/#organization"},"potentialAction":[{"@type":"SearchAction","target":{"@type":"EntryPoint","urlTemplate":"https:\/\/www.tpa-group.cz\/en\/?s={search_term_string}"},"query-input":{"@type":"PropertyValueSpecification","valueRequired":true,"valueName":"search_term_string"}}],"inLanguage":"en-US"},{"@type":"Organization","@id":"https:\/\/www.tpa-group.cz\/en\/#organization","name":"www.tpa-group.cz","url":"https:\/\/www.tpa-group.cz\/en\/","logo":{"@type":"ImageObject","inLanguage":"en-US","@id":"https:\/\/www.tpa-group.cz\/en\/#\/schema\/logo\/image\/","url":"https:\/\/www.tpa-group.cz\/app\/uploads\/sites\/4\/2023\/03\/tpa-logo.svg","contentUrl":"https:\/\/www.tpa-group.cz\/app\/uploads\/sites\/4\/2023\/03\/tpa-logo.svg","width":110,"height":93,"caption":"www.tpa-group.cz"},"image":{"@id":"https:\/\/www.tpa-group.cz\/en\/#\/schema\/logo\/image\/"}}]}},"_links":{"self":[{"href":"https:\/\/www.tpa-group.cz\/en\/wp-json\/wp\/v2\/pages\/404","targetHints":{"allow":["GET"]}}],"collection":[{"href":"https:\/\/www.tpa-group.cz\/en\/wp-json\/wp\/v2\/pages"}],"about":[{"href":"https:\/\/www.tpa-group.cz\/en\/wp-json\/wp\/v2\/types\/page"}],"author":[{"embeddable":true,"href":"https:\/\/www.tpa-group.cz\/en\/wp-json\/wp\/v2\/users\/1"}],"replies":[{"embeddable":true,"href":"https:\/\/www.tpa-group.cz\/en\/wp-json\/wp\/v2\/comments?post=404"}],"version-history":[{"count":17,"href":"https:\/\/www.tpa-group.cz\/en\/wp-json\/wp\/v2\/pages\/404\/revisions"}],"predecessor-version":[{"id":3450,"href":"https:\/\/www.tpa-group.cz\/en\/wp-json\/wp\/v2\/pages\/404\/revisions\/3450"}],"wp:attachment":[{"href":"https:\/\/www.tpa-group.cz\/en\/wp-json\/wp\/v2\/media?parent=404"}],"curies":[{"name":"wp","href":"https:\/\/api.w.org\/{rel}","templated":true}]}}