{"id":7231,"date":"2023-10-19T12:03:47","date_gmt":"2023-10-19T12:03:47","guid":{"rendered":"https:\/\/www.tpa-group.cz\/ueber-uns\/baker-tilly-international\/"},"modified":"2026-04-16T13:45:12","modified_gmt":"2026-04-16T13:45:12","slug":"baker-tilly-international","status":"publish","type":"page","link":"https:\/\/www.tpa-group.cz\/de\/ueber-uns\/baker-tilly-international\/","title":{"rendered":"Baker Tilly International"},"content":{"rendered":"\t\t<div data-elementor-type=\"wp-page\" data-elementor-id=\"7231\" class=\"elementor elementor-7231 elementor-2365\" data-elementor-post-type=\"page\">\n\t\t\t\t\t\t<section class=\"elementor-section elementor-top-section elementor-element elementor-element-494c3308 hero-banner elementor-section-boxed elementor-section-height-default elementor-section-height-default\" data-id=\"494c3308\" data-element_type=\"section\">\n\t\t\t\t\t\t<div class=\"elementor-container elementor-column-gap-default\">\n\t\t\t\t\t<div class=\"elementor-column elementor-col-50 elementor-top-column elementor-element elementor-element-24de6bb6\" data-id=\"24de6bb6\" data-element_type=\"column\">\n\t\t\t<div class=\"elementor-widget-wrap elementor-element-populated\">\n\t\t\t\t\t\t<section class=\"elementor-section elementor-inner-section elementor-element elementor-element-29833dc1 hero-banner-breadcrumbs-container elementor-section-boxed elementor-section-height-default elementor-section-height-default\" data-id=\"29833dc1\" data-element_type=\"section\">\n\t\t\t\t\t\t<div class=\"elementor-container elementor-column-gap-default\">\n\t\t\t\t\t<div class=\"elementor-column elementor-col-100 elementor-inner-column elementor-element elementor-element-18c046cc\" data-id=\"18c046cc\" data-element_type=\"column\">\n\t\t\t<div class=\"elementor-widget-wrap elementor-element-populated\">\n\t\t\t\t\t\t<div class=\"elementor-element elementor-element-199ea3a2 elementor-widget elementor-widget-heading\" data-id=\"199ea3a2\" data-element_type=\"widget\" data-widget_type=\"heading.default\">\n\t\t\t\t<div class=\"elementor-widget-container\">\n\t\t\t\t\t<p class=\"elementor-heading-title elementor-size-default\"><a href=\"\/de\">Home |&nbsp;<\/a><\/p>\t\t\t\t<\/div>\n\t\t\t\t<\/div>\n\t\t\t\t<div class=\"elementor-element elementor-element-5e4621d elementor-widget elementor-widget-heading\" data-id=\"5e4621d\" data-element_type=\"widget\" data-widget_type=\"heading.default\">\n\t\t\t\t<div class=\"elementor-widget-container\">\n\t\t\t\t\t<p class=\"elementor-heading-title elementor-size-default\"><a href=\"https:\/\/www.tpa-group.cz\/de\/ueber-uns\/\">\u00dcber Uns |&nbsp;<\/a><\/p>\t\t\t\t<\/div>\n\t\t\t\t<\/div>\n\t\t\t\t<div class=\"elementor-element elementor-element-1c94c591 elementor-widget elementor-widget-heading\" data-id=\"1c94c591\" data-element_type=\"widget\" data-widget_type=\"heading.default\">\n\t\t\t\t<div class=\"elementor-widget-container\">\n\t\t\t\t\t<p class=\"elementor-heading-title elementor-size-default\">Baker Tilly International<\/p>\t\t\t\t<\/div>\n\t\t\t\t<\/div>\n\t\t\t\t\t<\/div>\n\t\t<\/div>\n\t\t\t\t\t<\/div>\n\t\t<\/section>\n\t\t\t\t<div class=\"elementor-element elementor-element-3743d8f2 elementor-widget elementor-widget-heading\" data-id=\"3743d8f2\" data-element_type=\"widget\" data-widget_type=\"heading.default\">\n\t\t\t\t<div class=\"elementor-widget-container\">\n\t\t\t\t\t<h1 class=\"elementor-heading-title elementor-size-default\">\u00dcberschreiten Sie Grenzen. Mit TPA an Ihrer Seite<\/h1>\t\t\t\t<\/div>\n\t\t\t\t<\/div>\n\t\t\t\t\t<\/div>\n\t\t<\/div>\n\t\t\t\t<div class=\"elementor-column elementor-col-50 elementor-top-column elementor-element elementor-element-31b62d02\" data-id=\"31b62d02\" data-element_type=\"column\">\n\t\t\t<div class=\"elementor-widget-wrap\">\n\t\t\t\t\t\t\t<\/div>\n\t\t<\/div>\n\t\t\t\t\t<\/div>\n\t\t<\/section>\n\t\t<div class=\"elementor-element elementor-element-5885301 page-content-container e-flex e-con-boxed e-con e-parent\" data-id=\"5885301\" data-element_type=\"container\">\n\t\t\t\t\t<div class=\"e-con-inner\">\n\t\t\t\t<div class=\"elementor-element elementor-element-184a1cc elementor-widget elementor-widget-text-editor\" data-id=\"184a1cc\" data-element_type=\"widget\" data-widget_type=\"text-editor.default\">\n\t\t\t\t<div class=\"elementor-widget-container\">\n\t\t\t\t\t\t\t\t\t<p>Tschechien sowie Mittel- und S\u00fcdosteuropa sind die Kernm\u00e4rkte der TPA Gruppe. Damit sind unsere Grenzen aber l\u00e4ngst nicht erreicht. Wir bieten Ihnen Zugang zu einem weltweiten Netzwerk von Steuerberater:innen, Wirtschaftspr\u00fcfer:innen und Unternehmensberater:innen. Denn die TPA Gruppe ist ein unabh\u00e4ngiges Mitglied der Baker Tilly Europe Alliance. Durch diese Allianzpartnerschaft mit dem Baker Tilly International Netzwerk ist TPA global bestens vernetzt. In allen wirtschaftlich bedeutenden St\u00e4dten und Regionen der Welt bieten wir unseren Kunden hochqualitative Dienstleistungen.<\/p><p>Ihr Vorteil: der Direktkontakt zu internationalen Top-Berater:innen mit exzellenten Kenntnissen der Marktsituation im jeweiligen Land. Das Netzwerk von Baker Tilly International.<\/p>\t\t\t\t\t\t\t\t<\/div>\n\t\t\t\t<\/div>\n\t\t\t\t<div class=\"elementor-element elementor-element-c4faaa4 elementor-widget elementor-widget-heading\" data-id=\"c4faaa4\" data-element_type=\"widget\" data-widget_type=\"heading.default\">\n\t\t\t\t<div class=\"elementor-widget-container\">\n\t\t\t\t\t<h2 class=\"elementor-heading-title elementor-size-default\">Grenz\u00fcberschreitende Steuerberatung: Tschechien - Deutschland - International<\/h2>\t\t\t\t<\/div>\n\t\t\t\t<\/div>\n\t\t\t\t<div class=\"elementor-element elementor-element-48ff4b0 elementor-widget elementor-widget-text-editor\" data-id=\"48ff4b0\" data-element_type=\"widget\" data-widget_type=\"text-editor.default\">\n\t\t\t\t<div class=\"elementor-widget-container\">\n\t\t\t\t\t\t\t\t\t<p>In Deutschland, dem bedeutendsten europ\u00e4ischen Markt, arbeitet die TPA Gruppe intensiv mit einem f\u00fchrenden Mitglied von Baker Tilly International zusammen: Dem renommierten deutschen Beratungsunternehmen Baker Tilly. Besonders bei grenz\u00fcberschreitenden Steuergestaltungsmodelle bietet TPA Steuerberatung mit der Anbindung zur TPA Gruppe, zu Baker Tilly in Deutschland und zum Baker Tilly International Netzwerk die perfekte L\u00f6sung.<\/p><p><img decoding=\"async\" class=\"alignnone size-medium wp-image-7219\" src=\"https:\/\/www.tpa-group.cz\/app\/uploads\/sites\/4\/2024\/05\/BT-logo-300x118.jpg\" alt=\"\" width=\"300\" height=\"118\" srcset=\"https:\/\/www.tpa-group.cz\/app\/uploads\/sites\/4\/2024\/05\/BT-logo-300x118.jpg 300w, https:\/\/www.tpa-group.cz\/app\/uploads\/sites\/4\/2024\/05\/BT-logo-1024x404.jpg 1024w, https:\/\/www.tpa-group.cz\/app\/uploads\/sites\/4\/2024\/05\/BT-logo-768x303.jpg 768w, https:\/\/www.tpa-group.cz\/app\/uploads\/sites\/4\/2024\/05\/BT-logo-1536x606.jpg 1536w, https:\/\/www.tpa-group.cz\/app\/uploads\/sites\/4\/2024\/05\/BT-logo.jpg 1786w\" sizes=\"(max-width: 300px) 100vw, 300px\" \/><\/p><p><em>TPA Czech Republic is an independent member of the <strong>Baker Tilly Europe Alliance<\/strong>. The Baker Tilly Europe Alliance provides no professional services to clients. Each member firm is a separate and independent legal entity and each describes itself as such. TPA Czech Republic is not an agent of the Baker Tilly Europe Alliance, nor an agent for Baker Tilly International, and does not have the authority to bind the Baker Tilly Europe Alliance or Baker Tilly International, or act on either entity\u2019s behalf. None of Baker Tilly International, the Baker Tilly Europe Alliance, TPA Czech Republic, nor any of the other member firms of Baker Tilly International or members of the Baker Tilly Europe Alliance has any liability for each other\u2019s acts or omissions. In addition, neither Baker Tilly International, the Baker Tilly Europe Alliance, nor any other member firm has a right to exercise management control over any other member firm. The name Baker Tilly and its associated logo is used under licence from Baker Tilly International Limited.<\/em><\/p><p>Erfahren Sie mehr \u00fcber die<span style=\"text-decoration: underline;\"> <a href=\"http:\/\/www.tpa-group.com\/de\/ueber-uns\/cee-netzwerk\" target=\"_blank\" rel=\"noopener\"><strong>TPA Gruppe<\/strong> <\/a><\/span>\u2013 Ihrem Partner in <strong>Mittel- und S\u00fcdosteuropa<\/strong>.<\/p>\t\t\t\t\t\t\t\t<\/div>\n\t\t\t\t<\/div>\n\t\t\t\t\t<\/div>\n\t\t\t\t<\/div>\n\t\t\t\t<\/div>\n\t\t","protected":false},"excerpt":{"rendered":"<p>Home |&nbsp; \u00dcber Uns |&nbsp; Baker Tilly International \u00dcberschreiten Sie Grenzen. Mit TPA an Ihrer Seite Tschechien sowie Mittel- und S\u00fcdosteuropa sind die Kernm\u00e4rkte der TPA Gruppe. Damit sind unsere Grenzen aber l\u00e4ngst nicht erreicht. Wir bieten Ihnen Zugang zu einem weltweiten Netzwerk von Steuerberater:innen, Wirtschaftspr\u00fcfer:innen und Unternehmensberater:innen. Denn die TPA Gruppe ist ein unabh\u00e4ngiges [&hellip;]<\/p>\n","protected":false},"author":14,"featured_media":0,"parent":6501,"menu_order":0,"comment_status":"closed","ping_status":"closed","template":"elementor_header_footer","meta":{"_acf_changed":false,"footnotes":""},"class_list":["post-7231","page","type-page","status-publish","hentry"],"acf":[],"yoast_head":"<!-- This site is optimized with the Yoast SEO plugin v26.0 - https:\/\/yoast.com\/wordpress\/plugins\/seo\/ -->\n<title>Baker Tilly International - TPA Czech Republic<\/title>\n<meta name=\"description\" content=\"Erfahren Sie mehr \u00fcber die Zusammenarbeit mit Baker Tilly International. TPA Group bietet globale Reichweite und lokales Know-how.\" \/>\n<meta name=\"robots\" content=\"index, follow, max-snippet:-1, max-image-preview:large, max-video-preview:-1\" \/>\n<link rel=\"canonical\" href=\"https:\/\/www.tpa-group.cz\/de\/ueber-uns\/baker-tilly-international\/\" \/>\n<meta property=\"og:locale\" content=\"de_DE\" \/>\n<meta property=\"og:type\" content=\"article\" \/>\n<meta property=\"og:title\" content=\"Baker Tilly International - TPA Czech Republic\" \/>\n<meta property=\"og:description\" content=\"Erfahren Sie mehr \u00fcber die Zusammenarbeit mit Baker Tilly International. TPA Group bietet globale Reichweite und lokales Know-how.\" \/>\n<meta property=\"og:url\" content=\"https:\/\/www.tpa-group.cz\/de\/ueber-uns\/baker-tilly-international\/\" \/>\n<meta property=\"og:site_name\" content=\"TPA Czech Republic\" \/>\n<meta property=\"article:modified_time\" content=\"2026-04-16T13:45:12+00:00\" \/>\n<meta property=\"og:image\" content=\"https:\/\/www.tpa-group.cz\/app\/uploads\/sites\/4\/2024\/05\/BT-logo.jpg\" \/>\n\t<meta property=\"og:image:width\" content=\"1786\" \/>\n\t<meta property=\"og:image:height\" content=\"705\" \/>\n\t<meta property=\"og:image:type\" content=\"image\/jpeg\" \/>\n<meta name=\"twitter:card\" content=\"summary_large_image\" \/>\n<meta name=\"twitter:label1\" content=\"Est. reading time\" \/>\n\t<meta name=\"twitter:data1\" content=\"3 Minuten\" \/>\n<script type=\"application\/ld+json\" class=\"yoast-schema-graph\">{\"@context\":\"https:\/\/schema.org\",\"@graph\":[{\"@type\":\"WebPage\",\"@id\":\"https:\/\/www.tpa-group.cz\/de\/ueber-uns\/baker-tilly-international\/\",\"url\":\"https:\/\/www.tpa-group.cz\/de\/ueber-uns\/baker-tilly-international\/\",\"name\":\"Baker Tilly International - TPA Czech Republic\",\"isPartOf\":{\"@id\":\"https:\/\/www.tpa-group.cz\/de\/#website\"},\"primaryImageOfPage\":{\"@id\":\"https:\/\/www.tpa-group.cz\/de\/ueber-uns\/baker-tilly-international\/#primaryimage\"},\"image\":{\"@id\":\"https:\/\/www.tpa-group.cz\/de\/ueber-uns\/baker-tilly-international\/#primaryimage\"},\"thumbnailUrl\":\"https:\/\/www.tpa-group.cz\/app\/uploads\/sites\/4\/2024\/05\/BT-logo-300x118.jpg\",\"datePublished\":\"2023-10-19T12:03:47+00:00\",\"dateModified\":\"2026-04-16T13:45:12+00:00\",\"description\":\"Erfahren Sie mehr \u00fcber die Zusammenarbeit mit Baker Tilly International. TPA Group bietet globale Reichweite und lokales Know-how.\",\"breadcrumb\":{\"@id\":\"https:\/\/www.tpa-group.cz\/de\/ueber-uns\/baker-tilly-international\/#breadcrumb\"},\"inLanguage\":\"de-DE\",\"potentialAction\":[{\"@type\":\"ReadAction\",\"target\":[\"https:\/\/www.tpa-group.cz\/de\/ueber-uns\/baker-tilly-international\/\"]}]},{\"@type\":\"ImageObject\",\"inLanguage\":\"de-DE\",\"@id\":\"https:\/\/www.tpa-group.cz\/de\/ueber-uns\/baker-tilly-international\/#primaryimage\",\"url\":\"https:\/\/www.tpa-group.cz\/app\/uploads\/sites\/4\/2024\/05\/BT-logo-300x118.jpg\",\"contentUrl\":\"https:\/\/www.tpa-group.cz\/app\/uploads\/sites\/4\/2024\/05\/BT-logo-300x118.jpg\"},{\"@type\":\"BreadcrumbList\",\"@id\":\"https:\/\/www.tpa-group.cz\/de\/ueber-uns\/baker-tilly-international\/#breadcrumb\",\"itemListElement\":[{\"@type\":\"ListItem\",\"position\":1,\"name\":\"Home\",\"item\":\"https:\/\/www.tpa-group.cz\/de\/\"},{\"@type\":\"ListItem\",\"position\":2,\"name\":\"\u00dcber uns\",\"item\":\"https:\/\/www.tpa-group.cz\/de\/o-nas\/\"},{\"@type\":\"ListItem\",\"position\":3,\"name\":\"Baker Tilly International\"}]},{\"@type\":\"WebSite\",\"@id\":\"https:\/\/www.tpa-group.cz\/de\/#website\",\"url\":\"https:\/\/www.tpa-group.cz\/de\/\",\"name\":\"www.tpa-group.cz\",\"description\":\"\",\"publisher\":{\"@id\":\"https:\/\/www.tpa-group.cz\/de\/#organization\"},\"potentialAction\":[{\"@type\":\"SearchAction\",\"target\":{\"@type\":\"EntryPoint\",\"urlTemplate\":\"https:\/\/www.tpa-group.cz\/de\/?s={search_term_string}\"},\"query-input\":{\"@type\":\"PropertyValueSpecification\",\"valueRequired\":true,\"valueName\":\"search_term_string\"}}],\"inLanguage\":\"de-DE\"},{\"@type\":\"Organization\",\"@id\":\"https:\/\/www.tpa-group.cz\/de\/#organization\",\"name\":\"www.tpa-group.cz\",\"url\":\"https:\/\/www.tpa-group.cz\/de\/\",\"logo\":{\"@type\":\"ImageObject\",\"inLanguage\":\"de-DE\",\"@id\":\"https:\/\/www.tpa-group.cz\/de\/#\/schema\/logo\/image\/\",\"url\":\"https:\/\/www.tpa-group.cz\/app\/uploads\/sites\/4\/2023\/03\/tpa-logo.svg\",\"contentUrl\":\"https:\/\/www.tpa-group.cz\/app\/uploads\/sites\/4\/2023\/03\/tpa-logo.svg\",\"width\":110,\"height\":93,\"caption\":\"www.tpa-group.cz\"},\"image\":{\"@id\":\"https:\/\/www.tpa-group.cz\/de\/#\/schema\/logo\/image\/\"}}]}<\/script>\n<!-- \/ Yoast SEO plugin. -->","yoast_head_json":{"title":"Baker Tilly International - TPA Czech Republic","description":"Erfahren Sie mehr \u00fcber die Zusammenarbeit mit Baker Tilly International. TPA Group bietet globale Reichweite und lokales Know-how.","robots":{"index":"index","follow":"follow","max-snippet":"max-snippet:-1","max-image-preview":"max-image-preview:large","max-video-preview":"max-video-preview:-1"},"canonical":"https:\/\/www.tpa-group.cz\/de\/ueber-uns\/baker-tilly-international\/","og_locale":"de_DE","og_type":"article","og_title":"Baker Tilly International - TPA Czech Republic","og_description":"Erfahren Sie mehr \u00fcber die Zusammenarbeit mit Baker Tilly International. TPA Group bietet globale Reichweite und lokales Know-how.","og_url":"https:\/\/www.tpa-group.cz\/de\/ueber-uns\/baker-tilly-international\/","og_site_name":"TPA Czech Republic","article_modified_time":"2026-04-16T13:45:12+00:00","og_image":[{"width":1786,"height":705,"url":"https:\/\/www.tpa-group.cz\/app\/uploads\/sites\/4\/2024\/05\/BT-logo.jpg","type":"image\/jpeg"}],"twitter_card":"summary_large_image","twitter_misc":{"Est. reading time":"3 Minuten"},"schema":{"@context":"https:\/\/schema.org","@graph":[{"@type":"WebPage","@id":"https:\/\/www.tpa-group.cz\/de\/ueber-uns\/baker-tilly-international\/","url":"https:\/\/www.tpa-group.cz\/de\/ueber-uns\/baker-tilly-international\/","name":"Baker Tilly International - TPA Czech Republic","isPartOf":{"@id":"https:\/\/www.tpa-group.cz\/de\/#website"},"primaryImageOfPage":{"@id":"https:\/\/www.tpa-group.cz\/de\/ueber-uns\/baker-tilly-international\/#primaryimage"},"image":{"@id":"https:\/\/www.tpa-group.cz\/de\/ueber-uns\/baker-tilly-international\/#primaryimage"},"thumbnailUrl":"https:\/\/www.tpa-group.cz\/app\/uploads\/sites\/4\/2024\/05\/BT-logo-300x118.jpg","datePublished":"2023-10-19T12:03:47+00:00","dateModified":"2026-04-16T13:45:12+00:00","description":"Erfahren Sie mehr \u00fcber die Zusammenarbeit mit Baker Tilly International. TPA Group bietet globale Reichweite und lokales Know-how.","breadcrumb":{"@id":"https:\/\/www.tpa-group.cz\/de\/ueber-uns\/baker-tilly-international\/#breadcrumb"},"inLanguage":"de-DE","potentialAction":[{"@type":"ReadAction","target":["https:\/\/www.tpa-group.cz\/de\/ueber-uns\/baker-tilly-international\/"]}]},{"@type":"ImageObject","inLanguage":"de-DE","@id":"https:\/\/www.tpa-group.cz\/de\/ueber-uns\/baker-tilly-international\/#primaryimage","url":"https:\/\/www.tpa-group.cz\/app\/uploads\/sites\/4\/2024\/05\/BT-logo-300x118.jpg","contentUrl":"https:\/\/www.tpa-group.cz\/app\/uploads\/sites\/4\/2024\/05\/BT-logo-300x118.jpg"},{"@type":"BreadcrumbList","@id":"https:\/\/www.tpa-group.cz\/de\/ueber-uns\/baker-tilly-international\/#breadcrumb","itemListElement":[{"@type":"ListItem","position":1,"name":"Home","item":"https:\/\/www.tpa-group.cz\/de\/"},{"@type":"ListItem","position":2,"name":"\u00dcber uns","item":"https:\/\/www.tpa-group.cz\/de\/o-nas\/"},{"@type":"ListItem","position":3,"name":"Baker Tilly International"}]},{"@type":"WebSite","@id":"https:\/\/www.tpa-group.cz\/de\/#website","url":"https:\/\/www.tpa-group.cz\/de\/","name":"www.tpa-group.cz","description":"","publisher":{"@id":"https:\/\/www.tpa-group.cz\/de\/#organization"},"potentialAction":[{"@type":"SearchAction","target":{"@type":"EntryPoint","urlTemplate":"https:\/\/www.tpa-group.cz\/de\/?s={search_term_string}"},"query-input":{"@type":"PropertyValueSpecification","valueRequired":true,"valueName":"search_term_string"}}],"inLanguage":"de-DE"},{"@type":"Organization","@id":"https:\/\/www.tpa-group.cz\/de\/#organization","name":"www.tpa-group.cz","url":"https:\/\/www.tpa-group.cz\/de\/","logo":{"@type":"ImageObject","inLanguage":"de-DE","@id":"https:\/\/www.tpa-group.cz\/de\/#\/schema\/logo\/image\/","url":"https:\/\/www.tpa-group.cz\/app\/uploads\/sites\/4\/2023\/03\/tpa-logo.svg","contentUrl":"https:\/\/www.tpa-group.cz\/app\/uploads\/sites\/4\/2023\/03\/tpa-logo.svg","width":110,"height":93,"caption":"www.tpa-group.cz"},"image":{"@id":"https:\/\/www.tpa-group.cz\/de\/#\/schema\/logo\/image\/"}}]}},"_links":{"self":[{"href":"https:\/\/www.tpa-group.cz\/de\/wp-json\/wp\/v2\/pages\/7231","targetHints":{"allow":["GET"]}}],"collection":[{"href":"https:\/\/www.tpa-group.cz\/de\/wp-json\/wp\/v2\/pages"}],"about":[{"href":"https:\/\/www.tpa-group.cz\/de\/wp-json\/wp\/v2\/types\/page"}],"author":[{"embeddable":true,"href":"https:\/\/www.tpa-group.cz\/de\/wp-json\/wp\/v2\/users\/14"}],"replies":[{"embeddable":true,"href":"https:\/\/www.tpa-group.cz\/de\/wp-json\/wp\/v2\/comments?post=7231"}],"version-history":[{"count":35,"href":"https:\/\/www.tpa-group.cz\/de\/wp-json\/wp\/v2\/pages\/7231\/revisions"}],"predecessor-version":[{"id":14970,"href":"https:\/\/www.tpa-group.cz\/de\/wp-json\/wp\/v2\/pages\/7231\/revisions\/14970"}],"up":[{"embeddable":true,"href":"https:\/\/www.tpa-group.cz\/de\/wp-json\/wp\/v2\/pages\/6501"}],"wp:attachment":[{"href":"https:\/\/www.tpa-group.cz\/de\/wp-json\/wp\/v2\/media?parent=7231"}],"curies":[{"name":"wp","href":"https:\/\/api.w.org\/{rel}","templated":true}]}}