{"id":7213,"date":"2023-10-19T12:03:03","date_gmt":"2023-10-19T12:03:03","guid":{"rendered":"https:\/\/www.tpa-group.cz\/ueber-uns\/die-tpa-gruppe\/"},"modified":"2026-04-16T13:47:43","modified_gmt":"2026-04-16T13:47:43","slug":"die-tpa-gruppe","status":"publish","type":"page","link":"https:\/\/www.tpa-group.cz\/de\/ueber-uns\/die-tpa-gruppe\/","title":{"rendered":"Die TPA Gruppe"},"content":{"rendered":"\t\t<div data-elementor-type=\"wp-page\" data-elementor-id=\"7213\" class=\"elementor elementor-7213 elementor-2360\" data-elementor-post-type=\"page\">\n\t\t\t\t\t\t<section class=\"elementor-section elementor-top-section elementor-element elementor-element-494c3308 hero-banner elementor-section-boxed elementor-section-height-default elementor-section-height-default\" data-id=\"494c3308\" data-element_type=\"section\">\n\t\t\t\t\t\t<div class=\"elementor-container elementor-column-gap-default\">\n\t\t\t\t\t<div class=\"elementor-column elementor-col-50 elementor-top-column elementor-element elementor-element-24de6bb6\" data-id=\"24de6bb6\" data-element_type=\"column\">\n\t\t\t<div class=\"elementor-widget-wrap elementor-element-populated\">\n\t\t\t\t\t\t<section class=\"elementor-section elementor-inner-section elementor-element elementor-element-29833dc1 hero-banner-breadcrumbs-container elementor-section-boxed elementor-section-height-default elementor-section-height-default\" data-id=\"29833dc1\" data-element_type=\"section\">\n\t\t\t\t\t\t<div class=\"elementor-container elementor-column-gap-default\">\n\t\t\t\t\t<div class=\"elementor-column elementor-col-100 elementor-inner-column elementor-element elementor-element-18c046cc\" data-id=\"18c046cc\" data-element_type=\"column\">\n\t\t\t<div class=\"elementor-widget-wrap elementor-element-populated\">\n\t\t\t\t\t\t<div class=\"elementor-element elementor-element-199ea3a2 elementor-widget elementor-widget-heading\" data-id=\"199ea3a2\" data-element_type=\"widget\" data-widget_type=\"heading.default\">\n\t\t\t\t<div class=\"elementor-widget-container\">\n\t\t\t\t\t<p class=\"elementor-heading-title elementor-size-default\"><a href=\"\/de\">Home |&nbsp;<\/a><\/p>\t\t\t\t<\/div>\n\t\t\t\t<\/div>\n\t\t\t\t<div class=\"elementor-element elementor-element-5e4621d elementor-widget elementor-widget-heading\" data-id=\"5e4621d\" data-element_type=\"widget\" data-widget_type=\"heading.default\">\n\t\t\t\t<div class=\"elementor-widget-container\">\n\t\t\t\t\t<p class=\"elementor-heading-title elementor-size-default\"><a href=\"https:\/\/www.tpa-group.cz\/de\/ueber-uns\/\">\u00dcber Uns |&nbsp;<\/a><\/p>\t\t\t\t<\/div>\n\t\t\t\t<\/div>\n\t\t\t\t<div class=\"elementor-element elementor-element-1c94c591 elementor-widget elementor-widget-heading\" data-id=\"1c94c591\" data-element_type=\"widget\" data-widget_type=\"heading.default\">\n\t\t\t\t<div class=\"elementor-widget-container\">\n\t\t\t\t\t<p class=\"elementor-heading-title elementor-size-default\">Die TPA Gruppe<\/p>\t\t\t\t<\/div>\n\t\t\t\t<\/div>\n\t\t\t\t\t<\/div>\n\t\t<\/div>\n\t\t\t\t\t<\/div>\n\t\t<\/section>\n\t\t\t\t<div class=\"elementor-element elementor-element-3743d8f2 elementor-widget elementor-widget-heading\" data-id=\"3743d8f2\" data-element_type=\"widget\" data-widget_type=\"heading.default\">\n\t\t\t\t<div class=\"elementor-widget-container\">\n\t\t\t\t\t<h1 class=\"elementor-heading-title elementor-size-default\">Die TPA Gruppe: 12 L\u00e4nder. 1 Unternehmen.<\/h1>\t\t\t\t<\/div>\n\t\t\t\t<\/div>\n\t\t\t\t<div class=\"elementor-element elementor-element-c2429ea elementor-widget elementor-widget-text-editor\" data-id=\"c2429ea\" data-element_type=\"widget\" data-widget_type=\"text-editor.default\">\n\t\t\t\t<div class=\"elementor-widget-container\">\n\t\t\t\t\t\t\t\t\t<p><strong>Sie planen grenz\u00fcberschreitende Gesch\u00e4fte? Oder sind mit Ihrem Unternehmen bereits im Ausland vertreten? Bauen Sie Ihre St\u00e4rken mit uns weiter aus.<\/strong><\/p>\t\t\t\t\t\t\t\t<\/div>\n\t\t\t\t<\/div>\n\t\t\t\t\t<\/div>\n\t\t<\/div>\n\t\t\t\t<div class=\"elementor-column elementor-col-50 elementor-top-column elementor-element elementor-element-31b62d02\" data-id=\"31b62d02\" data-element_type=\"column\">\n\t\t\t<div class=\"elementor-widget-wrap\">\n\t\t\t\t\t\t\t<\/div>\n\t\t<\/div>\n\t\t\t\t\t<\/div>\n\t\t<\/section>\n\t\t<div class=\"elementor-element elementor-element-06a7ff3 page-content-container e-flex e-con-boxed e-con e-parent\" data-id=\"06a7ff3\" data-element_type=\"container\">\n\t\t\t\t\t<div class=\"e-con-inner\">\n\t\t\t\t<div class=\"elementor-element elementor-element-c2c58ca elementor-widget elementor-widget-text-editor\" data-id=\"c2c58ca\" data-element_type=\"widget\" data-widget_type=\"text-editor.default\">\n\t\t\t\t<div class=\"elementor-widget-container\">\n\t\t\t\t\t\t\t\t\t<p>Un\u00fcbersichtliche Rechtssysteme, komplizierte l\u00e4nder\u00fcbergreifende Verordnungen, sprachliche H\u00fcrden: wir helfen Ihnen durch das Dickicht im internationalen Steuer- und Rechtssystem. Setzen Sie auf uns, wenn Sie Ihre St\u00e4rken noch weiter ausbauen wollen.<\/p>\t\t\t\t\t\t\t\t<\/div>\n\t\t\t\t<\/div>\n\t\t\t\t<div class=\"elementor-element elementor-element-0380b0f elementor-widget elementor-widget-heading\" data-id=\"0380b0f\" data-element_type=\"widget\" data-widget_type=\"heading.default\">\n\t\t\t\t<div class=\"elementor-widget-container\">\n\t\t\t\t\t<h2 class=\"elementor-heading-title elementor-size-default\">25 Jahre Erfahrung in Mittel- und S\u00fcdosteuropa<\/h2>\t\t\t\t<\/div>\n\t\t\t\t<\/div>\n\t\t\t\t<div class=\"elementor-element elementor-element-e38cfeb elementor-widget elementor-widget-text-editor\" data-id=\"e38cfeb\" data-element_type=\"widget\" data-widget_type=\"text-editor.default\">\n\t\t\t\t<div class=\"elementor-widget-container\">\n\t\t\t\t\t\t\t\t\t<p>Seit mehr als 25 Jahren begleitet die TPA Gruppe Unternehmen bei ihren Projekten in Mittel- und S\u00fcdosteuropa. Denn das komplexe EU-Recht und die unterschiedliche Gesetzeslage in den einzelnen EU-Mitgliedstaaten machen es Investoren nicht leicht, den Durchblick zu bewahren. Die TPA\u00a0 kennen die europ\u00e4ischen M\u00e4rkte und ihre Besonderheiten.<\/p><p>Egal, um welches Vorhaben es geht: Kompetent und l\u00f6sungsorientiert begleiten wir unsere Kunden bei der Expansion oder betreuen sie vor Ort. Auf Deutsch und auch in englischer Sprache.<\/p>\t\t\t\t\t\t\t\t<\/div>\n\t\t\t\t<\/div>\n\t\t\t\t<div class=\"elementor-element elementor-element-9546772 elementor-widget elementor-widget-heading\" data-id=\"9546772\" data-element_type=\"widget\" data-widget_type=\"heading.default\">\n\t\t\t\t<div class=\"elementor-widget-container\">\n\t\t\t\t\t<h2 class=\"elementor-heading-title elementor-size-default\">Gehen Sie den n\u00e4chsten Schritt<\/h2>\t\t\t\t<\/div>\n\t\t\t\t<\/div>\n\t\t\t\t<div class=\"elementor-element elementor-element-f43cde8 elementor-widget elementor-widget-text-editor\" data-id=\"f43cde8\" data-element_type=\"widget\" data-widget_type=\"text-editor.default\">\n\t\t\t\t<div class=\"elementor-widget-container\">\n\t\t\t\t\t\t\t\t\t<p>Unternehmen in den typischen Zielm\u00e4rkten in Mittel- und S\u00fcdosteuropa effizient zu unterst\u00fctzen und zu begleiten: das ist eine unserer Kernkompetenzen. Wir sind in den L\u00e4ndern der CEE\/SEE Region stark verwurzelt. Die kulturellen, wirtschaftlichen und steuerrechtlichen Besonderheiten der einzelnen L\u00e4nder sind uns bestens vertraut. Genau diese Erfahrung und Kompetenz n\u00fctzen wir f\u00fcr Ihren wirtschaftlichen Erfolg.<\/p><p>2 100 Mitarbeiterinnen und Mitarbeiter k\u00fcmmern sich an 34 Standorten in zw\u00f6lf L\u00e4ndern um Ihre Anliegen: neben Tschechien auch in Albanien, Bulgarien, Kroatien, Montenegro, Polen, Rum\u00e4nien, Serbien, Slowakei, Slowenien, Ungarn und \u00d6sterreich.<\/p>\t\t\t\t\t\t\t\t<\/div>\n\t\t\t\t<\/div>\n\t\t\t\t<div class=\"elementor-element elementor-element-6ac299e elementor-widget elementor-widget-heading\" data-id=\"6ac299e\" data-element_type=\"widget\" data-widget_type=\"heading.default\">\n\t\t\t\t<div class=\"elementor-widget-container\">\n\t\t\t\t\t<h2 class=\"elementor-heading-title elementor-size-default\">Von Tschechien in die ganze Welt<\/h2>\t\t\t\t<\/div>\n\t\t\t\t<\/div>\n\t\t\t\t<div class=\"elementor-element elementor-element-5931981 elementor-widget elementor-widget-text-editor\" data-id=\"5931981\" data-element_type=\"widget\" data-widget_type=\"text-editor.default\">\n\t\t\t\t<div class=\"elementor-widget-container\">\n\t\t\t\t\t\t\t\t\t<p>Sie denken bereits weit \u00fcber Mittel- und S\u00fcdosteuropa hinaus? Kein Problem. Die TPA Gruppe ist unabh\u00e4ngiges Mitglied des Baker Tilly International Netzwerks mit Zugang zu kompetenten Steuerberatern, Wirtschaftspr\u00fcfern und Unternehmensberatern auf der ganzen Welt. In allen wirtschaftlich bedeutenden St\u00e4dten und Regionen der Welt stehen Ihnen damit hochqualitative Dienstleistungen zur Verf\u00fcgung. Das Baker Tilly International Netzwerk ist eines der \u201eTop Ten\u201c der weltweit t\u00e4tigen Beratungsnetzwerke f\u00fcr Steuerberatung, Buchhaltung, Personalverrechnung, Unternehmensberatung und mehr\u2026.<\/p>\t\t\t\t\t\t\t\t<\/div>\n\t\t\t\t<\/div>\n\t\t\t\t<div class=\"elementor-element elementor-element-6228645 elementor-widget elementor-widget-heading\" data-id=\"6228645\" data-element_type=\"widget\" data-widget_type=\"heading.default\">\n\t\t\t\t<div class=\"elementor-widget-container\">\n\t\t\t\t\t<h2 class=\"elementor-heading-title elementor-size-default\">German &amp; English Desk<\/h2>\t\t\t\t<\/div>\n\t\t\t\t<\/div>\n\t\t\t\t<div class=\"elementor-element elementor-element-a0ab367 elementor-widget elementor-widget-text-editor\" data-id=\"a0ab367\" data-element_type=\"widget\" data-widget_type=\"text-editor.default\">\n\t\t\t\t<div class=\"elementor-widget-container\">\n\t\t\t\t\t\t\t\t\t<p>Erfolgreiche Steuerberatung sehen wir als klassisches<strong>\u00a0Face to Face Business<\/strong>.\u00a0<\/p><p>Die pers\u00f6nliche Kommunikation zwischen Ihnen und der\/dem jeweiligen Berater:in ist aus unserer Sicht au\u00dferordentlich wichtig f\u00fcr den Beratungserfolg.<\/p><p>Deshalb beraten Sie Partner:innen und Mitarbeiter:innen an jedem Standort in Mittel- und S\u00fcdosteuropa nicht nur in der jeweiligen Landessprache, sondern zus\u00e4tzlich auch in deutscher und\/oder englischer Sprache. So schalten wir von vornherein fachliche Missverst\u00e4ndnisse und Fehlerquellen aus.<\/p><p><strong>Profitieren Sie von unserer Expertise in CEE\/SEE:<\/strong><\/p><ul><li>Wir sind in den L\u00e4ndern vor Ort und haben hier langj\u00e4hrige Erfahrung.<\/li><li>Unser kulturelles Verst\u00e4ndnis erleichtert viele Schritte.<\/li><li>Wir kennen die M\u00e4rkte und ihre Besonderheiten.<\/li><li>Wir bieten Ihnen die Vorteile einer Unternehmensgruppe.<\/li><\/ul><p>\u00a0<\/p><p><strong>Wir sprechen Ihre Sprache<\/strong>, das vermindert das Risiko von Missverst\u00e4ndnissen und st\u00e4rkt das Vertrauen beider Gespr\u00e4chspartner:innen.<\/p>\t\t\t\t\t\t\t\t<\/div>\n\t\t\t\t<\/div>\n\t\t\t\t\t<\/div>\n\t\t\t\t<\/div>\n\t\t<div class=\"elementor-element elementor-element-40230ba page-content-container e-flex e-con-boxed e-con e-parent\" data-id=\"40230ba\" data-element_type=\"container\">\n\t\t\t\t\t<div class=\"e-con-inner\">\n\t\t<div class=\"elementor-element elementor-element-7f81f0a e-con-full e-flex e-con e-child\" data-id=\"7f81f0a\" data-element_type=\"container\">\n\t\t\t\t<div class=\"elementor-element elementor-element-6004351 elementor-widget elementor-widget-image\" data-id=\"6004351\" data-element_type=\"widget\" data-widget_type=\"image.default\">\n\t\t\t\t<div class=\"elementor-widget-container\">\n\t\t\t\t\t\t\t\t\t\t\t\t\t\t\t<img fetchpriority=\"high\" decoding=\"async\" width=\"300\" height=\"253\" src=\"https:\/\/www.tpa-group.cz\/app\/uploads\/sites\/4\/2024\/05\/GE_Desk_Logo-300x253-1.png\" class=\"attachment-large size-large wp-image-8146\" alt=\"\" \/>\t\t\t\t\t\t\t\t\t\t\t\t\t\t\t<\/div>\n\t\t\t\t<\/div>\n\t\t\t\t<\/div>\n\t\t<div class=\"elementor-element elementor-element-6c8ffe3 e-con-full e-flex e-con e-child\" data-id=\"6c8ffe3\" data-element_type=\"container\">\n\t\t\t\t<div class=\"elementor-element elementor-element-312a253 elementor-widget elementor-widget-image\" data-id=\"312a253\" data-element_type=\"widget\" data-widget_type=\"image.default\">\n\t\t\t\t<div class=\"elementor-widget-container\">\n\t\t\t\t\t\t\t\t\t\t\t\t\t\t\t<img decoding=\"async\" width=\"300\" height=\"259\" src=\"https:\/\/www.tpa-group.cz\/app\/uploads\/sites\/4\/2024\/05\/See-Tax-Desk-TPA-Steuerberatung-300x259-1.png\" class=\"attachment-large size-large wp-image-8149\" alt=\"\" \/>\t\t\t\t\t\t\t\t\t\t\t\t\t\t\t<\/div>\n\t\t\t\t<\/div>\n\t\t\t\t<\/div>\n\t\t\t\t\t<\/div>\n\t\t\t\t<\/div>\n\t\t<div class=\"elementor-element elementor-element-e808c71 e-flex e-con-boxed e-con e-parent\" data-id=\"e808c71\" data-element_type=\"container\">\n\t\t\t\t\t<div class=\"e-con-inner\">\n\t\t\t\t\t<\/div>\n\t\t\t\t<\/div>\n\t\t\t\t<\/div>\n\t\t","protected":false},"excerpt":{"rendered":"<p>Home |&nbsp; \u00dcber Uns |&nbsp; Die TPA Gruppe Die TPA Gruppe: 12 L\u00e4nder. 1 Unternehmen. Sie planen grenz\u00fcberschreitende Gesch\u00e4fte? Oder sind mit Ihrem Unternehmen bereits im Ausland vertreten? Bauen Sie Ihre St\u00e4rken mit uns weiter aus. Un\u00fcbersichtliche Rechtssysteme, komplizierte l\u00e4nder\u00fcbergreifende Verordnungen, sprachliche H\u00fcrden: wir helfen Ihnen durch das Dickicht im internationalen Steuer- und Rechtssystem. Setzen [&hellip;]<\/p>\n","protected":false},"author":14,"featured_media":0,"parent":6501,"menu_order":0,"comment_status":"closed","ping_status":"closed","template":"elementor_header_footer","meta":{"_acf_changed":false,"footnotes":""},"class_list":["post-7213","page","type-page","status-publish","hentry"],"acf":[],"yoast_head":"<!-- This site is optimized with the Yoast SEO plugin v26.0 - https:\/\/yoast.com\/wordpress\/plugins\/seo\/ -->\n<title>Die TPA Gruppe - TPA Czech Republic<\/title>\n<meta name=\"description\" content=\"Erfahren Sie mehr \u00fcber die TPA Gruppe. Entdecken Sie unsere Werte, Erfahrung und Leistungen im deutschsprachigen Raum.\" \/>\n<meta name=\"robots\" content=\"index, follow, max-snippet:-1, max-image-preview:large, max-video-preview:-1\" \/>\n<link rel=\"canonical\" href=\"https:\/\/www.tpa-group.cz\/de\/ueber-uns\/die-tpa-gruppe\/\" \/>\n<meta property=\"og:locale\" content=\"de_DE\" \/>\n<meta property=\"og:type\" content=\"article\" \/>\n<meta property=\"og:title\" content=\"Die TPA Gruppe - TPA Czech Republic\" \/>\n<meta property=\"og:description\" content=\"Erfahren Sie mehr \u00fcber die TPA Gruppe. Entdecken Sie unsere Werte, Erfahrung und Leistungen im deutschsprachigen Raum.\" \/>\n<meta property=\"og:url\" content=\"https:\/\/www.tpa-group.cz\/de\/ueber-uns\/die-tpa-gruppe\/\" \/>\n<meta property=\"og:site_name\" content=\"TPA Czech Republic\" \/>\n<meta property=\"article:modified_time\" content=\"2026-04-16T13:47:43+00:00\" \/>\n<meta property=\"og:image\" content=\"https:\/\/www.tpa-group.cz\/app\/uploads\/sites\/4\/2024\/05\/GE_Desk_Logo-300x253-1.png\" \/>\n\t<meta property=\"og:image:width\" content=\"300\" \/>\n\t<meta property=\"og:image:height\" content=\"253\" \/>\n\t<meta property=\"og:image:type\" content=\"image\/png\" \/>\n<meta name=\"twitter:card\" content=\"summary_large_image\" \/>\n<meta name=\"twitter:label1\" content=\"Est. reading time\" \/>\n\t<meta name=\"twitter:data1\" content=\"3 Minuten\" \/>\n<script type=\"application\/ld+json\" class=\"yoast-schema-graph\">{\"@context\":\"https:\/\/schema.org\",\"@graph\":[{\"@type\":\"WebPage\",\"@id\":\"https:\/\/www.tpa-group.cz\/de\/ueber-uns\/die-tpa-gruppe\/\",\"url\":\"https:\/\/www.tpa-group.cz\/de\/ueber-uns\/die-tpa-gruppe\/\",\"name\":\"Die TPA Gruppe - TPA Czech Republic\",\"isPartOf\":{\"@id\":\"https:\/\/www.tpa-group.cz\/de\/#website\"},\"primaryImageOfPage\":{\"@id\":\"https:\/\/www.tpa-group.cz\/de\/ueber-uns\/die-tpa-gruppe\/#primaryimage\"},\"image\":{\"@id\":\"https:\/\/www.tpa-group.cz\/de\/ueber-uns\/die-tpa-gruppe\/#primaryimage\"},\"thumbnailUrl\":\"https:\/\/www.tpa-group.cz\/app\/uploads\/sites\/4\/2024\/05\/GE_Desk_Logo-300x253-1.png\",\"datePublished\":\"2023-10-19T12:03:03+00:00\",\"dateModified\":\"2026-04-16T13:47:43+00:00\",\"description\":\"Erfahren Sie mehr \u00fcber die TPA Gruppe. Entdecken Sie unsere Werte, Erfahrung und Leistungen im deutschsprachigen Raum.\",\"breadcrumb\":{\"@id\":\"https:\/\/www.tpa-group.cz\/de\/ueber-uns\/die-tpa-gruppe\/#breadcrumb\"},\"inLanguage\":\"de-DE\",\"potentialAction\":[{\"@type\":\"ReadAction\",\"target\":[\"https:\/\/www.tpa-group.cz\/de\/ueber-uns\/die-tpa-gruppe\/\"]}]},{\"@type\":\"ImageObject\",\"inLanguage\":\"de-DE\",\"@id\":\"https:\/\/www.tpa-group.cz\/de\/ueber-uns\/die-tpa-gruppe\/#primaryimage\",\"url\":\"https:\/\/www.tpa-group.cz\/app\/uploads\/sites\/4\/2024\/05\/GE_Desk_Logo-300x253-1.png\",\"contentUrl\":\"https:\/\/www.tpa-group.cz\/app\/uploads\/sites\/4\/2024\/05\/GE_Desk_Logo-300x253-1.png\"},{\"@type\":\"BreadcrumbList\",\"@id\":\"https:\/\/www.tpa-group.cz\/de\/ueber-uns\/die-tpa-gruppe\/#breadcrumb\",\"itemListElement\":[{\"@type\":\"ListItem\",\"position\":1,\"name\":\"Home\",\"item\":\"https:\/\/www.tpa-group.cz\/de\/\"},{\"@type\":\"ListItem\",\"position\":2,\"name\":\"\u00dcber uns\",\"item\":\"https:\/\/www.tpa-group.cz\/de\/o-nas\/\"},{\"@type\":\"ListItem\",\"position\":3,\"name\":\"Die TPA Gruppe\"}]},{\"@type\":\"WebSite\",\"@id\":\"https:\/\/www.tpa-group.cz\/de\/#website\",\"url\":\"https:\/\/www.tpa-group.cz\/de\/\",\"name\":\"www.tpa-group.cz\",\"description\":\"\",\"publisher\":{\"@id\":\"https:\/\/www.tpa-group.cz\/de\/#organization\"},\"potentialAction\":[{\"@type\":\"SearchAction\",\"target\":{\"@type\":\"EntryPoint\",\"urlTemplate\":\"https:\/\/www.tpa-group.cz\/de\/?s={search_term_string}\"},\"query-input\":{\"@type\":\"PropertyValueSpecification\",\"valueRequired\":true,\"valueName\":\"search_term_string\"}}],\"inLanguage\":\"de-DE\"},{\"@type\":\"Organization\",\"@id\":\"https:\/\/www.tpa-group.cz\/de\/#organization\",\"name\":\"www.tpa-group.cz\",\"url\":\"https:\/\/www.tpa-group.cz\/de\/\",\"logo\":{\"@type\":\"ImageObject\",\"inLanguage\":\"de-DE\",\"@id\":\"https:\/\/www.tpa-group.cz\/de\/#\/schema\/logo\/image\/\",\"url\":\"https:\/\/www.tpa-group.cz\/app\/uploads\/sites\/4\/2023\/03\/tpa-logo.svg\",\"contentUrl\":\"https:\/\/www.tpa-group.cz\/app\/uploads\/sites\/4\/2023\/03\/tpa-logo.svg\",\"width\":110,\"height\":93,\"caption\":\"www.tpa-group.cz\"},\"image\":{\"@id\":\"https:\/\/www.tpa-group.cz\/de\/#\/schema\/logo\/image\/\"}}]}<\/script>\n<!-- \/ Yoast SEO plugin. -->","yoast_head_json":{"title":"Die TPA Gruppe - TPA Czech Republic","description":"Erfahren Sie mehr \u00fcber die TPA Gruppe. Entdecken Sie unsere Werte, Erfahrung und Leistungen im deutschsprachigen Raum.","robots":{"index":"index","follow":"follow","max-snippet":"max-snippet:-1","max-image-preview":"max-image-preview:large","max-video-preview":"max-video-preview:-1"},"canonical":"https:\/\/www.tpa-group.cz\/de\/ueber-uns\/die-tpa-gruppe\/","og_locale":"de_DE","og_type":"article","og_title":"Die TPA Gruppe - TPA Czech Republic","og_description":"Erfahren Sie mehr \u00fcber die TPA Gruppe. Entdecken Sie unsere Werte, Erfahrung und Leistungen im deutschsprachigen Raum.","og_url":"https:\/\/www.tpa-group.cz\/de\/ueber-uns\/die-tpa-gruppe\/","og_site_name":"TPA Czech Republic","article_modified_time":"2026-04-16T13:47:43+00:00","og_image":[{"width":300,"height":253,"url":"https:\/\/www.tpa-group.cz\/app\/uploads\/sites\/4\/2024\/05\/GE_Desk_Logo-300x253-1.png","type":"image\/png"}],"twitter_card":"summary_large_image","twitter_misc":{"Est. reading time":"3 Minuten"},"schema":{"@context":"https:\/\/schema.org","@graph":[{"@type":"WebPage","@id":"https:\/\/www.tpa-group.cz\/de\/ueber-uns\/die-tpa-gruppe\/","url":"https:\/\/www.tpa-group.cz\/de\/ueber-uns\/die-tpa-gruppe\/","name":"Die TPA Gruppe - TPA Czech Republic","isPartOf":{"@id":"https:\/\/www.tpa-group.cz\/de\/#website"},"primaryImageOfPage":{"@id":"https:\/\/www.tpa-group.cz\/de\/ueber-uns\/die-tpa-gruppe\/#primaryimage"},"image":{"@id":"https:\/\/www.tpa-group.cz\/de\/ueber-uns\/die-tpa-gruppe\/#primaryimage"},"thumbnailUrl":"https:\/\/www.tpa-group.cz\/app\/uploads\/sites\/4\/2024\/05\/GE_Desk_Logo-300x253-1.png","datePublished":"2023-10-19T12:03:03+00:00","dateModified":"2026-04-16T13:47:43+00:00","description":"Erfahren Sie mehr \u00fcber die TPA Gruppe. Entdecken Sie unsere Werte, Erfahrung und Leistungen im deutschsprachigen Raum.","breadcrumb":{"@id":"https:\/\/www.tpa-group.cz\/de\/ueber-uns\/die-tpa-gruppe\/#breadcrumb"},"inLanguage":"de-DE","potentialAction":[{"@type":"ReadAction","target":["https:\/\/www.tpa-group.cz\/de\/ueber-uns\/die-tpa-gruppe\/"]}]},{"@type":"ImageObject","inLanguage":"de-DE","@id":"https:\/\/www.tpa-group.cz\/de\/ueber-uns\/die-tpa-gruppe\/#primaryimage","url":"https:\/\/www.tpa-group.cz\/app\/uploads\/sites\/4\/2024\/05\/GE_Desk_Logo-300x253-1.png","contentUrl":"https:\/\/www.tpa-group.cz\/app\/uploads\/sites\/4\/2024\/05\/GE_Desk_Logo-300x253-1.png"},{"@type":"BreadcrumbList","@id":"https:\/\/www.tpa-group.cz\/de\/ueber-uns\/die-tpa-gruppe\/#breadcrumb","itemListElement":[{"@type":"ListItem","position":1,"name":"Home","item":"https:\/\/www.tpa-group.cz\/de\/"},{"@type":"ListItem","position":2,"name":"\u00dcber uns","item":"https:\/\/www.tpa-group.cz\/de\/o-nas\/"},{"@type":"ListItem","position":3,"name":"Die TPA Gruppe"}]},{"@type":"WebSite","@id":"https:\/\/www.tpa-group.cz\/de\/#website","url":"https:\/\/www.tpa-group.cz\/de\/","name":"www.tpa-group.cz","description":"","publisher":{"@id":"https:\/\/www.tpa-group.cz\/de\/#organization"},"potentialAction":[{"@type":"SearchAction","target":{"@type":"EntryPoint","urlTemplate":"https:\/\/www.tpa-group.cz\/de\/?s={search_term_string}"},"query-input":{"@type":"PropertyValueSpecification","valueRequired":true,"valueName":"search_term_string"}}],"inLanguage":"de-DE"},{"@type":"Organization","@id":"https:\/\/www.tpa-group.cz\/de\/#organization","name":"www.tpa-group.cz","url":"https:\/\/www.tpa-group.cz\/de\/","logo":{"@type":"ImageObject","inLanguage":"de-DE","@id":"https:\/\/www.tpa-group.cz\/de\/#\/schema\/logo\/image\/","url":"https:\/\/www.tpa-group.cz\/app\/uploads\/sites\/4\/2023\/03\/tpa-logo.svg","contentUrl":"https:\/\/www.tpa-group.cz\/app\/uploads\/sites\/4\/2023\/03\/tpa-logo.svg","width":110,"height":93,"caption":"www.tpa-group.cz"},"image":{"@id":"https:\/\/www.tpa-group.cz\/de\/#\/schema\/logo\/image\/"}}]}},"_links":{"self":[{"href":"https:\/\/www.tpa-group.cz\/de\/wp-json\/wp\/v2\/pages\/7213","targetHints":{"allow":["GET"]}}],"collection":[{"href":"https:\/\/www.tpa-group.cz\/de\/wp-json\/wp\/v2\/pages"}],"about":[{"href":"https:\/\/www.tpa-group.cz\/de\/wp-json\/wp\/v2\/types\/page"}],"author":[{"embeddable":true,"href":"https:\/\/www.tpa-group.cz\/de\/wp-json\/wp\/v2\/users\/14"}],"replies":[{"embeddable":true,"href":"https:\/\/www.tpa-group.cz\/de\/wp-json\/wp\/v2\/comments?post=7213"}],"version-history":[{"count":23,"href":"https:\/\/www.tpa-group.cz\/de\/wp-json\/wp\/v2\/pages\/7213\/revisions"}],"predecessor-version":[{"id":14976,"href":"https:\/\/www.tpa-group.cz\/de\/wp-json\/wp\/v2\/pages\/7213\/revisions\/14976"}],"up":[{"embeddable":true,"href":"https:\/\/www.tpa-group.cz\/de\/wp-json\/wp\/v2\/pages\/6501"}],"wp:attachment":[{"href":"https:\/\/www.tpa-group.cz\/de\/wp-json\/wp\/v2\/media?parent=7213"}],"curies":[{"name":"wp","href":"https:\/\/api.w.org\/{rel}","templated":true}]}}