{"id":7055,"date":"2023-10-19T11:58:20","date_gmt":"2023-10-19T11:58:20","guid":{"rendered":"https:\/\/www.tpa-group.cz\/ueber-uns\/tpa-tschechischen-republik\/"},"modified":"2026-04-16T14:19:57","modified_gmt":"2026-04-16T14:19:57","slug":"tpa-tschechischen-republik","status":"publish","type":"page","link":"https:\/\/www.tpa-group.cz\/de\/ueber-uns\/tpa-tschechischen-republik\/","title":{"rendered":"TPA Tschechischen Republik"},"content":{"rendered":"\t\t<div data-elementor-type=\"wp-page\" data-elementor-id=\"7055\" class=\"elementor elementor-7055 elementor-2345\" data-elementor-post-type=\"page\">\n\t\t\t\t\t\t<section class=\"elementor-section elementor-top-section elementor-element elementor-element-494c3308 hero-banner elementor-section-boxed elementor-section-height-default elementor-section-height-default\" data-id=\"494c3308\" data-element_type=\"section\">\n\t\t\t\t\t\t<div class=\"elementor-container elementor-column-gap-default\">\n\t\t\t\t\t<div class=\"elementor-column elementor-col-50 elementor-top-column elementor-element elementor-element-24de6bb6\" data-id=\"24de6bb6\" data-element_type=\"column\">\n\t\t\t<div class=\"elementor-widget-wrap elementor-element-populated\">\n\t\t\t\t\t\t<section class=\"elementor-section elementor-inner-section elementor-element elementor-element-29833dc1 hero-banner-breadcrumbs-container elementor-section-boxed elementor-section-height-default elementor-section-height-default\" data-id=\"29833dc1\" data-element_type=\"section\">\n\t\t\t\t\t\t<div class=\"elementor-container elementor-column-gap-default\">\n\t\t\t\t\t<div class=\"elementor-column elementor-col-100 elementor-inner-column elementor-element elementor-element-18c046cc\" data-id=\"18c046cc\" data-element_type=\"column\">\n\t\t\t<div class=\"elementor-widget-wrap elementor-element-populated\">\n\t\t\t\t\t\t<div class=\"elementor-element elementor-element-199ea3a2 elementor-widget elementor-widget-heading\" data-id=\"199ea3a2\" data-element_type=\"widget\" data-widget_type=\"heading.default\">\n\t\t\t\t<div class=\"elementor-widget-container\">\n\t\t\t\t\t<p class=\"elementor-heading-title elementor-size-default\"><a href=\"\/de\">Home |&nbsp;<\/a><\/p>\t\t\t\t<\/div>\n\t\t\t\t<\/div>\n\t\t\t\t<div class=\"elementor-element elementor-element-5e4621d elementor-widget elementor-widget-heading\" data-id=\"5e4621d\" data-element_type=\"widget\" data-widget_type=\"heading.default\">\n\t\t\t\t<div class=\"elementor-widget-container\">\n\t\t\t\t\t<p class=\"elementor-heading-title elementor-size-default\"><a href=\"https:\/\/www.tpa-group.cz\/de\/ueber-uns\/\">\u00dcber uns |&nbsp;<\/a><\/p>\t\t\t\t<\/div>\n\t\t\t\t<\/div>\n\t\t\t\t<div class=\"elementor-element elementor-element-1c94c591 elementor-widget elementor-widget-heading\" data-id=\"1c94c591\" data-element_type=\"widget\" data-widget_type=\"heading.default\">\n\t\t\t\t<div class=\"elementor-widget-container\">\n\t\t\t\t\t<p class=\"elementor-heading-title elementor-size-default\">TPA Tschechischen Republik<\/p>\t\t\t\t<\/div>\n\t\t\t\t<\/div>\n\t\t\t\t\t<\/div>\n\t\t<\/div>\n\t\t\t\t\t<\/div>\n\t\t<\/section>\n\t\t\t\t<div class=\"elementor-element elementor-element-3743d8f2 elementor-widget elementor-widget-heading\" data-id=\"3743d8f2\" data-element_type=\"widget\" data-widget_type=\"heading.default\">\n\t\t\t\t<div class=\"elementor-widget-container\">\n\t\t\t\t\t<h1 class=\"elementor-heading-title elementor-size-default\">TPA Tschechischen Republik<\/h1>\t\t\t\t<\/div>\n\t\t\t\t<\/div>\n\t\t\t\t<div class=\"elementor-element elementor-element-c2429ea elementor-widget elementor-widget-text-editor\" data-id=\"c2429ea\" data-element_type=\"widget\" data-widget_type=\"text-editor.default\">\n\t\t\t\t<div class=\"elementor-widget-container\">\n\t\t\t\t\t\t\t\t\t<p>Sie kennen uns noch nicht? Wir z\u00e4hlen zu den f\u00fchrenden Steuerberatungsunternehmen in Tschechien. Wir sind Ihr Partner auf Augenh\u00f6he, der Sie auf dem Weg zu Ihrem Gesch\u00e4ftsziel unterst\u00fctzt und begleitet. Wachsen Sie mit uns \u2013 und steigern Sie weiter Ihren Erfolg.<\/p>\t\t\t\t\t\t\t\t<\/div>\n\t\t\t\t<\/div>\n\t\t\t\t\t<\/div>\n\t\t<\/div>\n\t\t\t\t<div class=\"elementor-column elementor-col-50 elementor-top-column elementor-element elementor-element-31b62d02\" data-id=\"31b62d02\" data-element_type=\"column\">\n\t\t\t<div class=\"elementor-widget-wrap\">\n\t\t\t\t\t\t\t<\/div>\n\t\t<\/div>\n\t\t\t\t\t<\/div>\n\t\t<\/section>\n\t\t<div class=\"elementor-element elementor-element-dacd1d4 page-content-container e-flex e-con-boxed e-con e-parent\" data-id=\"dacd1d4\" data-element_type=\"container\">\n\t\t\t\t\t<div class=\"e-con-inner\">\n\t\t\t\t<div class=\"elementor-element elementor-element-dac6bbb elementor-widget elementor-widget-text-editor\" data-id=\"dac6bbb\" data-element_type=\"widget\" data-widget_type=\"text-editor.default\">\n\t\t\t\t<div class=\"elementor-widget-container\">\n\t\t\t\t\t\t\t\t\t<p>TPA bietet seine Dienstleistungen in der Tschechischen Republik seit der Entstehung der Gesellschaft NOTIA AUDIT, spol. s.r.o. im Jahr 1993 an. Ein wichtiges Datum f\u00fcr uns war das Jahr 1999, in dem wir dank der Gr\u00fcndung eines Joint Ventures mit TPA Austria Teil der TPA-Gruppe wurden. Wir besch\u00e4ftigen derzeit mehr als 300 Mitarbeiter und decken die gesamte Tschechische Republik ab. Unsere B\u00fcros befinden sich in Prag, Ostrava, Opava und in Zl\u00edn<\/p><p>Die Dienstleistungen von TPA umfassen haupts\u00e4chlich die Bereiche Steuerberatung, Wirtschaftspr\u00fcfung, Beratung und Rechnungswesen. H\u00f6chste Qualit\u00e4t, st\u00e4ndige Weiterentwicklung unseres Know-hows und Verst\u00e4ndnis f\u00fcr die Bed\u00fcrfnisse unserer Kunden sind ein wesentlicher Bestandteil unserer Arbeit.<\/p>\t\t\t\t\t\t\t\t<\/div>\n\t\t\t\t<\/div>\n\t\t\t\t<div class=\"elementor-element elementor-element-e1c3dcc elementor-widget elementor-widget-heading\" data-id=\"e1c3dcc\" data-element_type=\"widget\" data-widget_type=\"heading.default\">\n\t\t\t\t<div class=\"elementor-widget-container\">\n\t\t\t\t\t<h2 class=\"elementor-heading-title elementor-size-default\">12 L\u00e4nder. 1 Unternehmen. Die TPA Gruppe.<\/h2>\t\t\t\t<\/div>\n\t\t\t\t<\/div>\n\t\t\t\t<div class=\"elementor-element elementor-element-da8f78a elementor-widget elementor-widget-text-editor\" data-id=\"da8f78a\" data-element_type=\"widget\" data-widget_type=\"text-editor.default\">\n\t\t\t\t<div class=\"elementor-widget-container\">\n\t\t\t\t\t\t\t\t\t<p>Die TPA Gruppe ist neben Tschechien in elf weiteren L\u00e4ndern in Mittel-und S\u00fcdosteuropa t\u00e4tig: in Albanien, \u00d6sterreich, Bulgarien, Kroatien, Montenegro, Polen, Rum\u00e4nien, Serbien, Slowakei, Slowenien und Ungarn. 2 100 Mitarbeiterinnen und Mitarbeiter sind an 34 Standorten in 12 L\u00e4ndern f\u00fcr Sie und Ihre Anliegen da.<\/p>\t\t\t\t\t\t\t\t<\/div>\n\t\t\t\t<\/div>\n\t\t\t\t<div class=\"elementor-element elementor-element-ba333d1 elementor-widget elementor-widget-heading\" data-id=\"ba333d1\" data-element_type=\"widget\" data-widget_type=\"heading.default\">\n\t\t\t\t<div class=\"elementor-widget-container\">\n\t\t\t\t\t<h2 class=\"elementor-heading-title elementor-size-default\">Regional verankert. Weltweit vernetzt.<\/h2>\t\t\t\t<\/div>\n\t\t\t\t<\/div>\n\t\t\t\t<div class=\"elementor-element elementor-element-fe3e666 elementor-widget elementor-widget-text-editor\" data-id=\"fe3e666\" data-element_type=\"widget\" data-widget_type=\"text-editor.default\">\n\t\t\t\t<div class=\"elementor-widget-container\">\n\t\t\t\t\t\t\t\t\t<p>Die TPA Gruppe ist ein unabh\u00e4ngiges Mitglied der Baker Tilly Europe Alliance und kann so ihren Kunden ein weltweites Netzwerk von Steuerberatern, Wirtschaftspr\u00fcfern und Unternehmensberatern bieten. DasBaker Tilly International Netzwerk z\u00e4hlt mit diesem Angebot zu den \u201eTop Ten\u201c der weltweit t\u00e4tigen Beratungsnetzwerke.<\/p><div class=\"elementor-element elementor-element-069b45a elementor-widget elementor-widget-heading\" data-id=\"069b45a\" data-element_type=\"widget\" data-widget_type=\"heading.default\"><div class=\"elementor-widget-container\">\u00a0<\/div><\/div><p><strong>Vereinigungen:<\/strong><\/p><p><a href=\"https:\/\/www.kdpcr.cz\/\" target=\"_blank\" rel=\"noopener\"><strong><span style=\"text-decoration: underline;\">Steuerberaterkammer<\/span><\/strong><\/a><\/p><p><strong><span style=\"text-decoration: underline;\"><a href=\"https:\/\/www.kacr.cz\/\" target=\"_blank\" rel=\"noopener\">Wirtschaftspr\u00fcferkammer der Tschechischen Republik<\/a><\/span><\/strong><\/p><p><strong><span style=\"text-decoration: underline;\"><a href=\"http:\/\/www.interniaudit.cz\/\" target=\"_blank\" rel=\"noopener\">Tschechisches Institut der Internen Revisoren<\/a><\/span><\/strong><\/p><p><strong><span style=\"text-decoration: underline;\"><a href=\"http:\/\/tschechien.ahk.de\/cz\/\" target=\"_blank\" rel=\"noopener\">Deutsch-tschechische Industrie- und Handelskammer<\/a><\/span><\/strong><\/p><p><strong><span style=\"text-decoration: underline;\"><a href=\"http:\/\/www.khkmsk.cz\/\" target=\"_blank\" rel=\"noopener\">Regionale Handelskammer der M\u00e4hrisch-Schlesischen Region<\/a><\/span><\/strong><\/p><p><strong><span style=\"text-decoration: underline;\"><a href=\"http:\/\/www.aprsf.cz\/sverenske-fondy\/\" target=\"_blank\" rel=\"noopener\">Treuhandfonds<\/a><\/span><\/strong><\/p><p align=\"left\"><span style=\"text-decoration: underline;\"><strong><a href=\"https:\/\/cvca.cz\/\" target=\"_blank\" rel=\"noopener\">Czech Private Equity&amp; Venture Capital Association<\/a><\/strong><\/span><\/p><p align=\"left\"><span style=\"text-decoration: underline;\"><strong><a href=\"http:\/\/www.ifa-cr.cz\/\" target=\"_blank\" rel=\"noopener\">International Fiscal Association<\/a><\/strong><\/span><\/p><p><a href=\"https:\/\/www.rics.org\/\" target=\"_blank\" rel=\"noopener\"><strong><span style=\"text-decoration: underline;\">Royal Institution of Chartered Surveyors<\/span><\/strong><\/a><\/p><p><strong>Wir sind Partner des<span style=\"text-decoration: underline;\"> <a href=\"http:\/\/www.asociaceexporteru.cz\/\" target=\"_blank\" rel=\"noopener\">Verbandes der Exporteure<\/a><\/span><\/strong><\/p>\t\t\t\t\t\t\t\t<\/div>\n\t\t\t\t<\/div>\n\t\t<div class=\"elementor-element elementor-element-222460a e-flex e-con-boxed e-con e-child\" data-id=\"222460a\" data-element_type=\"container\">\n\t\t\t\t\t<div class=\"e-con-inner\">\n\t\t<div class=\"elementor-element elementor-element-27e948b e-con-full e-flex e-con e-child\" data-id=\"27e948b\" data-element_type=\"container\">\n\t\t\t\t<div class=\"elementor-element elementor-element-db66567 elementor-widget elementor-widget-heading\" data-id=\"db66567\" data-element_type=\"widget\" data-widget_type=\"heading.default\">\n\t\t\t\t<div class=\"elementor-widget-container\">\n\t\t\t\t\t<h4 class=\"elementor-heading-title elementor-size-default\">ISO 27001 Informationssicherheitsmanagementsystem Zertifizierung<\/h4>\t\t\t\t<\/div>\n\t\t\t\t<\/div>\n\t\t\t\t<div class=\"elementor-element elementor-element-0bfe3e0 elementor-widget elementor-widget-image\" data-id=\"0bfe3e0\" data-element_type=\"widget\" data-widget_type=\"image.default\">\n\t\t\t\t<div class=\"elementor-widget-container\">\n\t\t\t\t\t\t\t\t\t\t\t\t\t\t\t<img fetchpriority=\"high\" decoding=\"async\" width=\"300\" height=\"291\" src=\"https:\/\/www.tpa-group.cz\/app\/uploads\/sites\/4\/2023\/12\/ISO-300x291.png\" class=\"attachment-medium size-medium wp-image-4012\" alt=\"\" srcset=\"https:\/\/www.tpa-group.cz\/app\/uploads\/sites\/4\/2023\/12\/ISO-300x291.png 300w, https:\/\/www.tpa-group.cz\/app\/uploads\/sites\/4\/2023\/12\/ISO-1024x994.png 1024w, https:\/\/www.tpa-group.cz\/app\/uploads\/sites\/4\/2023\/12\/ISO-768x745.png 768w, https:\/\/www.tpa-group.cz\/app\/uploads\/sites\/4\/2023\/12\/ISO.png 1501w\" sizes=\"(max-width: 300px) 100vw, 300px\" \/>\t\t\t\t\t\t\t\t\t\t\t\t\t\t\t<\/div>\n\t\t\t\t<\/div>\n\t\t\t\t<\/div>\n\t\t<div class=\"elementor-element elementor-element-9873753 e-con-full e-flex e-con e-child\" data-id=\"9873753\" data-element_type=\"container\">\n\t\t\t\t<div class=\"elementor-element elementor-element-e31d344 elementor-widget elementor-widget-heading\" data-id=\"e31d344\" data-element_type=\"widget\" data-widget_type=\"heading.default\">\n\t\t\t\t<div class=\"elementor-widget-container\">\n\t\t\t\t\t<h4 class=\"elementor-heading-title elementor-size-default\">Wir sind registrierte Mitglieder der Royal Institution of Chartered Surveyors<\/h4>\t\t\t\t<\/div>\n\t\t\t\t<\/div>\n\t\t\t\t<div class=\"elementor-element elementor-element-5bd59d3 elementor-widget elementor-widget-image\" data-id=\"5bd59d3\" data-element_type=\"widget\" data-widget_type=\"image.default\">\n\t\t\t\t<div class=\"elementor-widget-container\">\n\t\t\t\t\t\t\t\t\t\t\t\t\t\t\t<img decoding=\"async\" width=\"300\" height=\"120\" src=\"https:\/\/www.tpa-group.cz\/app\/uploads\/sites\/4\/2024\/02\/RICS-300x120.png\" class=\"attachment-medium size-medium wp-image-6144\" alt=\"\" srcset=\"https:\/\/www.tpa-group.cz\/app\/uploads\/sites\/4\/2024\/02\/RICS-300x120.png 300w, https:\/\/www.tpa-group.cz\/app\/uploads\/sites\/4\/2024\/02\/RICS-1024x410.png 1024w, https:\/\/www.tpa-group.cz\/app\/uploads\/sites\/4\/2024\/02\/RICS-768x308.png 768w, https:\/\/www.tpa-group.cz\/app\/uploads\/sites\/4\/2024\/02\/RICS.png 1537w\" sizes=\"(max-width: 300px) 100vw, 300px\" \/>\t\t\t\t\t\t\t\t\t\t\t\t\t\t\t<\/div>\n\t\t\t\t<\/div>\n\t\t\t\t<\/div>\n\t\t\t\t\t<\/div>\n\t\t\t\t<\/div>\n\t\t\t\t\t<\/div>\n\t\t\t\t<\/div>\n\t\t\t\t<\/div>\n\t\t","protected":false},"excerpt":{"rendered":"<p>Home |&nbsp; \u00dcber uns |&nbsp; TPA Tschechischen Republik TPA Tschechischen Republik Sie kennen uns noch nicht? Wir z\u00e4hlen zu den f\u00fchrenden Steuerberatungsunternehmen in Tschechien. Wir sind Ihr Partner auf Augenh\u00f6he, der Sie auf dem Weg zu Ihrem Gesch\u00e4ftsziel unterst\u00fctzt und begleitet. Wachsen Sie mit uns \u2013 und steigern Sie weiter Ihren Erfolg. TPA bietet seine [&hellip;]<\/p>\n","protected":false},"author":14,"featured_media":0,"parent":6501,"menu_order":0,"comment_status":"closed","ping_status":"closed","template":"elementor_header_footer","meta":{"_acf_changed":false,"footnotes":""},"class_list":["post-7055","page","type-page","status-publish","hentry"],"acf":[],"yoast_head":"<!-- This site is optimized with the Yoast SEO plugin v26.0 - https:\/\/yoast.com\/wordpress\/plugins\/seo\/ -->\n<title>TPA Tschechischen Republik - TPA Czech Republic<\/title>\n<meta name=\"robots\" content=\"index, follow, max-snippet:-1, max-image-preview:large, max-video-preview:-1\" \/>\n<link rel=\"canonical\" href=\"https:\/\/www.tpa-group.cz\/de\/ueber-uns\/tpa-tschechischen-republik\/\" \/>\n<meta property=\"og:locale\" content=\"de_DE\" \/>\n<meta property=\"og:type\" content=\"article\" \/>\n<meta property=\"og:title\" content=\"TPA Tschechischen Republik - TPA Czech Republic\" \/>\n<meta property=\"og:description\" content=\"Home |&nbsp; \u00dcber uns |&nbsp; TPA Tschechischen Republik TPA Tschechischen Republik Sie kennen uns noch nicht? Wir z\u00e4hlen zu den f\u00fchrenden Steuerberatungsunternehmen in Tschechien. Wir sind Ihr Partner auf Augenh\u00f6he, der Sie auf dem Weg zu Ihrem Gesch\u00e4ftsziel unterst\u00fctzt und begleitet. Wachsen Sie mit uns \u2013 und steigern Sie weiter Ihren Erfolg. TPA bietet seine [&hellip;]\" \/>\n<meta property=\"og:url\" content=\"https:\/\/www.tpa-group.cz\/de\/ueber-uns\/tpa-tschechischen-republik\/\" \/>\n<meta property=\"og:site_name\" content=\"TPA Czech Republic\" \/>\n<meta property=\"article:modified_time\" content=\"2026-04-16T14:19:57+00:00\" \/>\n<meta property=\"og:image\" content=\"https:\/\/www.tpa-group.cz\/app\/uploads\/sites\/4\/2023\/12\/ISO.png\" \/>\n\t<meta property=\"og:image:width\" content=\"1501\" \/>\n\t<meta property=\"og:image:height\" content=\"1457\" \/>\n\t<meta property=\"og:image:type\" content=\"image\/png\" \/>\n<meta name=\"twitter:card\" content=\"summary_large_image\" \/>\n<meta name=\"twitter:label1\" content=\"Est. reading time\" \/>\n\t<meta name=\"twitter:data1\" content=\"3 Minuten\" \/>\n<script type=\"application\/ld+json\" class=\"yoast-schema-graph\">{\"@context\":\"https:\/\/schema.org\",\"@graph\":[{\"@type\":\"WebPage\",\"@id\":\"https:\/\/www.tpa-group.cz\/de\/ueber-uns\/tpa-tschechischen-republik\/\",\"url\":\"https:\/\/www.tpa-group.cz\/de\/ueber-uns\/tpa-tschechischen-republik\/\",\"name\":\"TPA Tschechischen Republik - TPA Czech Republic\",\"isPartOf\":{\"@id\":\"https:\/\/www.tpa-group.cz\/de\/#website\"},\"primaryImageOfPage\":{\"@id\":\"https:\/\/www.tpa-group.cz\/de\/ueber-uns\/tpa-tschechischen-republik\/#primaryimage\"},\"image\":{\"@id\":\"https:\/\/www.tpa-group.cz\/de\/ueber-uns\/tpa-tschechischen-republik\/#primaryimage\"},\"thumbnailUrl\":\"https:\/\/www.tpa-group.cz\/app\/uploads\/sites\/4\/2023\/12\/ISO-300x291.png\",\"datePublished\":\"2023-10-19T11:58:20+00:00\",\"dateModified\":\"2026-04-16T14:19:57+00:00\",\"breadcrumb\":{\"@id\":\"https:\/\/www.tpa-group.cz\/de\/ueber-uns\/tpa-tschechischen-republik\/#breadcrumb\"},\"inLanguage\":\"de-DE\",\"potentialAction\":[{\"@type\":\"ReadAction\",\"target\":[\"https:\/\/www.tpa-group.cz\/de\/ueber-uns\/tpa-tschechischen-republik\/\"]}]},{\"@type\":\"ImageObject\",\"inLanguage\":\"de-DE\",\"@id\":\"https:\/\/www.tpa-group.cz\/de\/ueber-uns\/tpa-tschechischen-republik\/#primaryimage\",\"url\":\"https:\/\/www.tpa-group.cz\/app\/uploads\/sites\/4\/2023\/12\/ISO-300x291.png\",\"contentUrl\":\"https:\/\/www.tpa-group.cz\/app\/uploads\/sites\/4\/2023\/12\/ISO-300x291.png\"},{\"@type\":\"BreadcrumbList\",\"@id\":\"https:\/\/www.tpa-group.cz\/de\/ueber-uns\/tpa-tschechischen-republik\/#breadcrumb\",\"itemListElement\":[{\"@type\":\"ListItem\",\"position\":1,\"name\":\"Home\",\"item\":\"https:\/\/www.tpa-group.cz\/de\/\"},{\"@type\":\"ListItem\",\"position\":2,\"name\":\"\u00dcber uns\",\"item\":\"https:\/\/www.tpa-group.cz\/de\/o-nas\/\"},{\"@type\":\"ListItem\",\"position\":3,\"name\":\"TPA Tschechischen Republik\"}]},{\"@type\":\"WebSite\",\"@id\":\"https:\/\/www.tpa-group.cz\/de\/#website\",\"url\":\"https:\/\/www.tpa-group.cz\/de\/\",\"name\":\"www.tpa-group.cz\",\"description\":\"\",\"publisher\":{\"@id\":\"https:\/\/www.tpa-group.cz\/de\/#organization\"},\"potentialAction\":[{\"@type\":\"SearchAction\",\"target\":{\"@type\":\"EntryPoint\",\"urlTemplate\":\"https:\/\/www.tpa-group.cz\/de\/?s={search_term_string}\"},\"query-input\":{\"@type\":\"PropertyValueSpecification\",\"valueRequired\":true,\"valueName\":\"search_term_string\"}}],\"inLanguage\":\"de-DE\"},{\"@type\":\"Organization\",\"@id\":\"https:\/\/www.tpa-group.cz\/de\/#organization\",\"name\":\"www.tpa-group.cz\",\"url\":\"https:\/\/www.tpa-group.cz\/de\/\",\"logo\":{\"@type\":\"ImageObject\",\"inLanguage\":\"de-DE\",\"@id\":\"https:\/\/www.tpa-group.cz\/de\/#\/schema\/logo\/image\/\",\"url\":\"https:\/\/www.tpa-group.cz\/app\/uploads\/sites\/4\/2023\/03\/tpa-logo.svg\",\"contentUrl\":\"https:\/\/www.tpa-group.cz\/app\/uploads\/sites\/4\/2023\/03\/tpa-logo.svg\",\"width\":110,\"height\":93,\"caption\":\"www.tpa-group.cz\"},\"image\":{\"@id\":\"https:\/\/www.tpa-group.cz\/de\/#\/schema\/logo\/image\/\"}}]}<\/script>\n<!-- \/ Yoast SEO plugin. -->","yoast_head_json":{"title":"TPA Tschechischen Republik - TPA Czech Republic","robots":{"index":"index","follow":"follow","max-snippet":"max-snippet:-1","max-image-preview":"max-image-preview:large","max-video-preview":"max-video-preview:-1"},"canonical":"https:\/\/www.tpa-group.cz\/de\/ueber-uns\/tpa-tschechischen-republik\/","og_locale":"de_DE","og_type":"article","og_title":"TPA Tschechischen Republik - TPA Czech Republic","og_description":"Home |&nbsp; \u00dcber uns |&nbsp; TPA Tschechischen Republik TPA Tschechischen Republik Sie kennen uns noch nicht? Wir z\u00e4hlen zu den f\u00fchrenden Steuerberatungsunternehmen in Tschechien. Wir sind Ihr Partner auf Augenh\u00f6he, der Sie auf dem Weg zu Ihrem Gesch\u00e4ftsziel unterst\u00fctzt und begleitet. Wachsen Sie mit uns \u2013 und steigern Sie weiter Ihren Erfolg. TPA bietet seine [&hellip;]","og_url":"https:\/\/www.tpa-group.cz\/de\/ueber-uns\/tpa-tschechischen-republik\/","og_site_name":"TPA Czech Republic","article_modified_time":"2026-04-16T14:19:57+00:00","og_image":[{"width":1501,"height":1457,"url":"https:\/\/www.tpa-group.cz\/app\/uploads\/sites\/4\/2023\/12\/ISO.png","type":"image\/png"}],"twitter_card":"summary_large_image","twitter_misc":{"Est. reading time":"3 Minuten"},"schema":{"@context":"https:\/\/schema.org","@graph":[{"@type":"WebPage","@id":"https:\/\/www.tpa-group.cz\/de\/ueber-uns\/tpa-tschechischen-republik\/","url":"https:\/\/www.tpa-group.cz\/de\/ueber-uns\/tpa-tschechischen-republik\/","name":"TPA Tschechischen Republik - TPA Czech Republic","isPartOf":{"@id":"https:\/\/www.tpa-group.cz\/de\/#website"},"primaryImageOfPage":{"@id":"https:\/\/www.tpa-group.cz\/de\/ueber-uns\/tpa-tschechischen-republik\/#primaryimage"},"image":{"@id":"https:\/\/www.tpa-group.cz\/de\/ueber-uns\/tpa-tschechischen-republik\/#primaryimage"},"thumbnailUrl":"https:\/\/www.tpa-group.cz\/app\/uploads\/sites\/4\/2023\/12\/ISO-300x291.png","datePublished":"2023-10-19T11:58:20+00:00","dateModified":"2026-04-16T14:19:57+00:00","breadcrumb":{"@id":"https:\/\/www.tpa-group.cz\/de\/ueber-uns\/tpa-tschechischen-republik\/#breadcrumb"},"inLanguage":"de-DE","potentialAction":[{"@type":"ReadAction","target":["https:\/\/www.tpa-group.cz\/de\/ueber-uns\/tpa-tschechischen-republik\/"]}]},{"@type":"ImageObject","inLanguage":"de-DE","@id":"https:\/\/www.tpa-group.cz\/de\/ueber-uns\/tpa-tschechischen-republik\/#primaryimage","url":"https:\/\/www.tpa-group.cz\/app\/uploads\/sites\/4\/2023\/12\/ISO-300x291.png","contentUrl":"https:\/\/www.tpa-group.cz\/app\/uploads\/sites\/4\/2023\/12\/ISO-300x291.png"},{"@type":"BreadcrumbList","@id":"https:\/\/www.tpa-group.cz\/de\/ueber-uns\/tpa-tschechischen-republik\/#breadcrumb","itemListElement":[{"@type":"ListItem","position":1,"name":"Home","item":"https:\/\/www.tpa-group.cz\/de\/"},{"@type":"ListItem","position":2,"name":"\u00dcber uns","item":"https:\/\/www.tpa-group.cz\/de\/o-nas\/"},{"@type":"ListItem","position":3,"name":"TPA Tschechischen Republik"}]},{"@type":"WebSite","@id":"https:\/\/www.tpa-group.cz\/de\/#website","url":"https:\/\/www.tpa-group.cz\/de\/","name":"www.tpa-group.cz","description":"","publisher":{"@id":"https:\/\/www.tpa-group.cz\/de\/#organization"},"potentialAction":[{"@type":"SearchAction","target":{"@type":"EntryPoint","urlTemplate":"https:\/\/www.tpa-group.cz\/de\/?s={search_term_string}"},"query-input":{"@type":"PropertyValueSpecification","valueRequired":true,"valueName":"search_term_string"}}],"inLanguage":"de-DE"},{"@type":"Organization","@id":"https:\/\/www.tpa-group.cz\/de\/#organization","name":"www.tpa-group.cz","url":"https:\/\/www.tpa-group.cz\/de\/","logo":{"@type":"ImageObject","inLanguage":"de-DE","@id":"https:\/\/www.tpa-group.cz\/de\/#\/schema\/logo\/image\/","url":"https:\/\/www.tpa-group.cz\/app\/uploads\/sites\/4\/2023\/03\/tpa-logo.svg","contentUrl":"https:\/\/www.tpa-group.cz\/app\/uploads\/sites\/4\/2023\/03\/tpa-logo.svg","width":110,"height":93,"caption":"www.tpa-group.cz"},"image":{"@id":"https:\/\/www.tpa-group.cz\/de\/#\/schema\/logo\/image\/"}}]}},"_links":{"self":[{"href":"https:\/\/www.tpa-group.cz\/de\/wp-json\/wp\/v2\/pages\/7055","targetHints":{"allow":["GET"]}}],"collection":[{"href":"https:\/\/www.tpa-group.cz\/de\/wp-json\/wp\/v2\/pages"}],"about":[{"href":"https:\/\/www.tpa-group.cz\/de\/wp-json\/wp\/v2\/types\/page"}],"author":[{"embeddable":true,"href":"https:\/\/www.tpa-group.cz\/de\/wp-json\/wp\/v2\/users\/14"}],"replies":[{"embeddable":true,"href":"https:\/\/www.tpa-group.cz\/de\/wp-json\/wp\/v2\/comments?post=7055"}],"version-history":[{"count":34,"href":"https:\/\/www.tpa-group.cz\/de\/wp-json\/wp\/v2\/pages\/7055\/revisions"}],"predecessor-version":[{"id":14985,"href":"https:\/\/www.tpa-group.cz\/de\/wp-json\/wp\/v2\/pages\/7055\/revisions\/14985"}],"up":[{"embeddable":true,"href":"https:\/\/www.tpa-group.cz\/de\/wp-json\/wp\/v2\/pages\/6501"}],"wp:attachment":[{"href":"https:\/\/www.tpa-group.cz\/de\/wp-json\/wp\/v2\/media?parent=7055"}],"curies":[{"name":"wp","href":"https:\/\/api.w.org\/{rel}","templated":true}]}}