{"id":6830,"date":"2023-10-18T13:13:53","date_gmt":"2023-10-18T13:13:53","guid":{"rendered":"https:\/\/www.tpa-group.cz\/disclaimer\/"},"modified":"2024-08-08T10:09:57","modified_gmt":"2024-08-08T10:09:57","slug":"disclaimer","status":"publish","type":"page","link":"https:\/\/www.tpa-group.cz\/de\/disclaimer\/","title":{"rendered":"Disclaimer"},"content":{"rendered":"\t\t<div data-elementor-type=\"wp-page\" data-elementor-id=\"6830\" class=\"elementor elementor-6830 elementor-1975\" data-elementor-post-type=\"page\">\n\t\t\t\t\t\t<section class=\"elementor-section elementor-top-section elementor-element elementor-element-2e38cb66 hero-banner elementor-section-boxed elementor-section-height-default elementor-section-height-default\" data-id=\"2e38cb66\" data-element_type=\"section\">\n\t\t\t\t\t\t<div class=\"elementor-container elementor-column-gap-default\">\n\t\t\t\t\t<div class=\"elementor-column elementor-col-50 elementor-top-column elementor-element elementor-element-6f91a1b4\" data-id=\"6f91a1b4\" data-element_type=\"column\">\n\t\t\t<div class=\"elementor-widget-wrap elementor-element-populated\">\n\t\t\t\t\t\t<section class=\"elementor-section elementor-inner-section elementor-element elementor-element-776b894b hero-banner-breadcrumbs-container elementor-section-boxed elementor-section-height-default elementor-section-height-default\" data-id=\"776b894b\" data-element_type=\"section\">\n\t\t\t\t\t\t<div class=\"elementor-container elementor-column-gap-default\">\n\t\t\t\t\t<div class=\"elementor-column elementor-col-100 elementor-inner-column elementor-element elementor-element-69b2acfd\" data-id=\"69b2acfd\" data-element_type=\"column\">\n\t\t\t<div class=\"elementor-widget-wrap elementor-element-populated\">\n\t\t\t\t\t\t<div class=\"elementor-element elementor-element-41573dd8 elementor-widget elementor-widget-heading\" data-id=\"41573dd8\" data-element_type=\"widget\" data-widget_type=\"heading.default\">\n\t\t\t\t<div class=\"elementor-widget-container\">\n\t\t\t\t\t<p class=\"elementor-heading-title elementor-size-default\"><a href=\"\/\">Home |&nbsp;<\/a><\/p>\t\t\t\t<\/div>\n\t\t\t\t<\/div>\n\t\t\t\t<div class=\"elementor-element elementor-element-157289f5 elementor-widget elementor-widget-heading\" data-id=\"157289f5\" data-element_type=\"widget\" data-widget_type=\"heading.default\">\n\t\t\t\t<div class=\"elementor-widget-container\">\n\t\t\t\t\t<p class=\"elementor-heading-title elementor-size-default\">Disclaimer<\/p>\t\t\t\t<\/div>\n\t\t\t\t<\/div>\n\t\t\t\t\t<\/div>\n\t\t<\/div>\n\t\t\t\t\t<\/div>\n\t\t<\/section>\n\t\t\t\t<div class=\"elementor-element elementor-element-3b9dfd73 elementor-widget elementor-widget-heading\" data-id=\"3b9dfd73\" data-element_type=\"widget\" data-widget_type=\"heading.default\">\n\t\t\t\t<div class=\"elementor-widget-container\">\n\t\t\t\t\t<h1 class=\"elementor-heading-title elementor-size-default\">Disclaimer<\/h1>\t\t\t\t<\/div>\n\t\t\t\t<\/div>\n\t\t\t\t<div class=\"elementor-element elementor-element-68c7e06a elementor-widget elementor-widget-text-editor\" data-id=\"68c7e06a\" data-element_type=\"widget\" data-widget_type=\"text-editor.default\">\n\t\t\t\t<div class=\"elementor-widget-container\">\n\t\t\t\t\t\t\t\t\t<p>Die auf dieser Website dargebotenen fachlichen Informationen dienen lediglich der allgemeinen Information. Sollten Sie diese Informationen auf einen praktischen Fall anwenden wollen, empfehlen wir Ihnen, zuvor einen professionellen Berater zu kontaktieren, um alle Aspekte des vorliegenden Falles beurteilen zu k\u00f6nnen.<\/p>\n<p>Die auf dieser Website zur Verf\u00fcgung gestellten Informationen k\u00f6nnen und sollen eine professionelle Beratung nicht ersetzen. TPA \u00fcbernimmt daher keine Haftung f\u00fcr m\u00f6gliche Sch\u00e4den, die sich aus der Anwendung der oben genannten Informationen ergeben.<\/p>\n\t\t\t\t\t\t\t\t<\/div>\n\t\t\t\t<\/div>\n\t\t\t\t\t<\/div>\n\t\t<\/div>\n\t\t\t\t<div class=\"elementor-column elementor-col-50 elementor-top-column elementor-element elementor-element-3bb33015\" data-id=\"3bb33015\" data-element_type=\"column\">\n\t\t\t<div class=\"elementor-widget-wrap\">\n\t\t\t\t\t\t\t<\/div>\n\t\t<\/div>\n\t\t\t\t\t<\/div>\n\t\t<\/section>\n\t\t<div class=\"elementor-element elementor-element-643c2f2 e-flex e-con-boxed e-con e-parent\" data-id=\"643c2f2\" data-element_type=\"container\">\n\t\t\t\t\t<div class=\"e-con-inner\">\n\t\t\t\t<div class=\"elementor-element elementor-element-cb22b20 elementor-widget elementor-widget-spacer\" data-id=\"cb22b20\" data-element_type=\"widget\" data-widget_type=\"spacer.default\">\n\t\t\t\t<div class=\"elementor-widget-container\">\n\t\t\t\t\t\t\t<div class=\"elementor-spacer\">\n\t\t\t<div class=\"elementor-spacer-inner\"><\/div>\n\t\t<\/div>\n\t\t\t\t\t\t<\/div>\n\t\t\t\t<\/div>\n\t\t\t\t\t<\/div>\n\t\t\t\t<\/div>\n\t\t<div class=\"elementor-element elementor-element-be2485c e-flex e-con-boxed e-con e-parent\" data-id=\"be2485c\" data-element_type=\"container\">\n\t\t\t\t\t<div class=\"e-con-inner\">\n\t\t\t\t<div class=\"elementor-element elementor-element-90627dd elementor-widget elementor-widget-text-editor\" data-id=\"90627dd\" data-element_type=\"widget\" data-widget_type=\"text-editor.default\">\n\t\t\t\t<div class=\"elementor-widget-container\">\n\t\t\t\t\t\t\t\t\t<p><strong>Disclaimer for email<\/strong><\/p><p>The information contained in this message may be confidential, reticent and protected from disclosure. If you are not the intended recipient of this message or an employee of our company or an agent responsible for delivering this message to the intended recipient, you are hereby notified that any distribution, copying or other dilating of this message contents is prohibited. If you have received this message by mistake, please notify the sender immediately by replying to the message.<\/p><p><strong>Cookies<\/strong><\/p><p>Unsere Website verwendet so genannte Cookies. Dabei handelt es sich um kleine Textdateien, die mit Hilfe des Browsers auf Ihrem Endger\u00e4t abgelegt werden. Sie richten keinen Schaden an.<\/p><p>Wir nutzen Cookies dazu, unser Angebot nutzerfreundlich zu gestalten. Einige Cookies bleiben auf Ihrem Endger\u00e4t gespeichert, bis Sie diese l\u00f6schen. Sie erm\u00f6glichen es uns, Ihren Browser beim n\u00e4chsten Besuch wiederzuerkennen.<\/p><p>Wenn Sie dies nicht w\u00fcnschen, so k\u00f6nnen Sie Ihren Browser so einrichten, dass er Sie \u00fcber das Setzen von Cookies informiert und Sie dies nur im Einzelfall erlauben.<\/p><p>Bei der Deaktivierung von Cookies kann die Funktionalit\u00e4t unserer Website eingeschr\u00e4nkt sein.<\/p><p>Auf unserer Website verwenden wir die folgenden Cookies:<\/p><p>Name: WordPress test cookie<br \/>Zweck: akzeptiert WordPress Cookies auf der Website<br \/>Name: wp-settings-1<br \/>Zweck: unterst\u00fctzt die optimierte Anzeige und Nutzung der WordPress-Website durch den Administrator<br \/>Standardablaufzeit: 1 Jahr<br \/>Name: wp-settings-time<br \/>Zweck: unterst\u00fctzt die optimierte Anzeige und Nutzung der WordPress-Website durch den Administrator<br \/>Standardablaufzeit: 1 Jahr<br \/>Name: _ga<br \/>Zweck: wird zur Unterscheidung von Benutzern verwendet<br \/>Standardablaufzeit: 2 Jahre<br \/>Name: _gid<br \/>Zweck: Wird zur Unterscheidung von Benutzern verwendet<br \/>Standardablaufzeit: 24 Stunden<br \/>Name: _gat<br \/>Zweck: wird zur Drosselung der Request-Rate verwendet<br \/>Standardablaufzeit: 1 Minute<br \/>Name: cerber_groove<br \/>Zweck: Sicherheitscookie, mit dem die Benutzersitzung \u00fcberpr\u00fcft wird<br \/>Name: _icl_current_language<br \/>Zweck: speichert die aktuelle Spracheinstellung<br \/>Standardablaufzeit: 24 Stunden<br \/>Name: cookie_notice_accepted<br \/>Zweck: Speichert die Annahme der Cookie-Benachrichtigung<br \/>Standardablaufzeit: 2 Wochen<\/p><p>Die vollst\u00e4ndige Liste der verwendeten Cookies finden Sie hier:<br \/>https:\/\/www.tpa-group.cz\/de\/ueber-cookies\/<\/p><p><strong>Einsatz von Google Analytics mit Anonymisierungsfunktion<\/strong><\/p><p>Wir setzen auf unserer Seite Google-Analytics, einen Webanalysedienst der Firma Google LLC., 1600 Amphitheatre Parkway, Mountain View, CA 94043 USA, nachfolgend \u201eGoogle\u201c ein. Google Analytics verwendet sog. \u201eCookies\u201c, Textdateien, die auf Ihrem Computer gespeichert werden und hierdurch eine Analyse der Benutzung der Website durch Sie erm\u00f6glichen.<\/p><p>Die durch diese Cookies erzeugten Informationen, beispielsweise Zeit, Ort und H\u00e4ufigkeit Ihres Website-Besuchs einschlie\u00dflich Ihrer IP-Adresse, werden an Google in den USA \u00fcbertragen und dort gespeichert.<\/p><p>Wir verwenden auf unserer Website Google-Analytics mit einer IP-Anonymisierungsfunktion. Ihre IP-Adresse wird in diesem Fall von Google schon innerhalb von Mitgliedstaaten der Europ\u00e4ischen Union oder in anderen Vertragsstaaten des Abkommens \u00fcber den Europ\u00e4ischen Wirtschaftsraum gek\u00fcrzt und dadurch anonymisiert.<\/p><p>Google wird diese Informationen benutzen, um Ihre Nutzung unserer Seite auszuwerten, um Reports \u00fcber die Websiteaktivit\u00e4ten f\u00fcr uns zusammenzustellen und um weitere mit der Websitenutzung und der Internetnutzung verbundene Dienstleistungen zu erbringen. Auch wird Google diese Informationen gegebenenfalls an Dritte \u00fcbertragen, sofern dies gesetzlich vorgeschrieben oder soweit Dritte diese Daten im Auftrag von Google verarbeiten.<\/p><p>Google wird, nach eigenen Angaben, in keinem Fall Ihre IP-Adresse mit anderen Daten von Google in Verbindung bringen. Sie k\u00f6nnen die Installation der Cookies durch eine entsprechende Einstellung Ihrer Browser-Software verhindern; wir weisen Sie jedoch darauf hin, dass Sie in diesem Fall gegebenenfalls nicht s\u00e4mtliche Funktionen unserer Website vollumf\u00e4nglich nutzen k\u00f6nnen.<\/p><p>Des Weiteren bietet Google f\u00fcr die g\u00e4ngigsten Browser eine Deaktivierungsoption an, welche Ihnen mehr Kontrolle dar\u00fcber gibt, welche Daten von Google erfasst und verarbeitet werden. Sollten Sie diese Option aktivieren, werden keine Informationen zum Website-Besuch an Google Analytics \u00fcbermittelt. Die Aktivierung verhindert aber nicht, dass Informationen an uns oder an andere von uns gegebenenfalls eingesetzte Webanalyse-Services \u00fcbermittelt werden. Weitere Informationen zu der von Google bereitgestellten Deaktivierungsoption sowie zu der Aktivierung dieser Option, erhalten Sie \u00fcber nachfolgenden Link:<\/p><p>Browser-Add-Ons im Google Analyitcs deaktivieren<\/p><p>Wir haben mit dem Anbieter einen entsprechenden Vertrag zur Auftragsdatenverarbeitung abgeschlossen.<\/p><p><strong>Einsatz von Google Maps<\/strong><\/p><p>Wir setzen auf unserer Seite die Komponente \u201eGoogle Maps\u201c der Firma Google LLC., 1600 Amphitheatre Parkway, Mountain View, CA 94043 USA, nachfolgend \u201eGoogle\u201c, ein.<\/p><p>Bei jedem einzelnen Aufruf der Komponente \u201eGoogle Maps\u201c wird von Google ein Cookie gesetzt, um bei der Anzeige der Seite, auf der die Komponente \u201eGoogle Maps\u201c integriert ist, Nutzereinstellungen und -daten zu verarbeiten. Dieses Cookie wird im Regelfall nicht durch das Schlie\u00dfen des Browsers gel\u00f6scht, sondern l\u00e4uft nach einer bestimmten Zeit ab, soweit es nicht von Ihnen zuvor manuell gel\u00f6scht wird.<\/p><p>Wenn Sie mit dieser Verarbeitung Ihrer Daten nicht einverstanden sind, so besteht die M\u00f6glichkeit, den Service von \u201eGoogle Maps\u201c zu deaktivieren und auf diesem Weg die \u00dcbertragung von Daten an Google zu verhindern. Dazu m\u00fcssen Sie die Java-Script-Funktion in Ihrem Browser deaktivieren. Wir weisen Sie jedoch darauf hin, dass Sie in diesem Fall die \u201eGoogle Maps\u201c nicht oder nur eingeschr\u00e4nkt nutzen k\u00f6nnen. Die Nutzung von \u201eGoogle Maps\u201c und der \u00fcber \u201eGoogle Maps\u201c erlangten Informationen erfolgt gem\u00e4\u00df den Google-Nutzungsbedingungen sowie der zus\u00e4tzlichen Gesch\u00e4ftsbedingungen f\u00fcr \u201eGoogle Maps\u201c.<\/p><p><strong>Einsatz von Google reCAPTCHA<\/strong><\/p><p>Um Eingabeformulare auf unserer Seite zu sch\u00fctzen, setzen wir den Dienst \u201ereCAPTCHA\u201c der Firma Google LLC., 1600 Amphitheatre Parkway, Mountain View, CA 94043 USA, nachfolgend \u201eGoogle\u201c, ein. Durch den Einsatz dieses Dienstes kann unterschieden werden, ob die entsprechende Eingabe menschlicher Herkunft ist oder durch automatisierte maschinelle Verarbeitung missbr\u00e4uchlich erfolgt.<\/p><p>Nach unserer Kenntnis werden die Referrer-URL, die IP-Adresse, das Verhalten der Websitebesucher, Informationen \u00fcber Betriebssystem, Browser und Verweildauer, Cookies, Darstellungsanweisungen und Skripte, das Eingabeverhalten des Nutzers sowie Mausbewegungen im Bereich der \u201ereCAPTCHA\u201c-Checkbox an \u201eGoogle\u201c \u00fcbertragen.<\/p><p>Google verwendet die so erlangten Informationen unter anderem dazu, B\u00fccher und andere Druckerzeugnisse zu digitalisieren sowie Dienste wie Google Street View und Google Maps zu optimieren (z. B. Hausnummern- und Stra\u00dfennamenerkennung).<\/p><p>Die im Rahmen von \u201ereCAPTCHA\u201c \u00fcbermittelte IP-Adresse wird nicht mit anderen Daten von Google zusammengef\u00fchrt, au\u00dfer Sie sind zum Zeitpunkt der Nutzung des \u201ereCAPTCHA\u201c-Plugins bei Ihrem Google-Account angemeldet. Wenn Sie diese \u00dcbermittlung und Speicherung von Daten \u00fcber Sie und Ihr Verhalten auf unserer Website durch \u201eGoogle\u201c unterbinden wollen, m\u00fcssen Sie sich bei \u201eGoogle\u201c ausloggen und zwar bevor Sie unsere Seite besuchen bzw. das reCAPTCHA Plugin benutzen.<\/p><p>Die Nutzung des Dienstes \u201ereCAPTCHA\u201c erfolgt gem\u00e4\u00df den Google-Nutzungsbedingungen.<\/p><p><strong>Einsatz von Social Media Plugins<\/strong><\/p><p>Diese Website verwendet Social Media Share Plugins, damit der User Inhalte unserer Seite auf sozialen Netzwerken teilen kann. Durch die Nutzung der Plugins stimmt der User der Weitergabe seiner Daten wie dargestellt zu. Wenn Sie nicht w\u00fcnschen, dass der Besuch unserer Seiten den Sozialen Netzwerken zugeordnet werden kann, loggen Sie sich bitte aus Ihren sozialen Benutzerkonten aus.<\/p><p><strong>Facebook<\/strong><\/p><p>Diese Website verwendet Facebook Social Plugins zum Teilen von Inhalten und zus\u00e4tzlich auf unserer Karriereseite einen Facebook Feed (\u201aSocial Wall\u2018), welche von der Facebook Inc. (1 Hacker Way, Menlo Park, California 94025, USA) betrieben wird.<\/p><p>Die Facebook-Plugins erkennen Sie an dem Facebook-Logo oder dem \u201eLike-Button\u201c (\u201eGef\u00e4llt mir\u201c) auf unserer Seite. Eine \u00dcbersicht \u00fcber die Facebook-Plugins finden Sie hier: http:\/\/developers.facebook.com\/docs\/plugins\/ Wenn Sie unsere Seiten besuchen, wird \u00fcber das Plugin eine direkte Verbindung zwischen Ihrem Browser und dem Facebook-Server hergestellt. Facebook erh\u00e4lt dadurch die Information, dass Sie mit Ihrer IP-Adresse unsere Seite besucht haben. Wenn Sie den Facebook \u201eLike-Button\u201c anklicken oder kommentieren, w\u00e4hrend Sie in Ihrem Facebook-Account eingeloggt sind, k\u00f6nnen Sie die Inhalte unserer Seiten auf Ihrem Facebook-Profil verlinken. Dadurch kann Facebook den Besuch unserer Seiten Ihrem Benutzerkonto zuordnen. Wir weisen darauf hin, dass wir als Anbieter der Seiten keine Kenntnis vom Inhalt der \u00fcbermittelten Daten sowie deren Nutzung durch Facebook erhalten. Weitere Informationen hierzu finden Sie in der Datenschutzerkl\u00e4rung von Facebook unter https:\/\/www.facebook.com\/about\/privacy\/update<\/p><p>Wenn Sie nicht w\u00fcnschen, dass Facebook den Besuch unserer Seiten Ihrem Facebook-Nutzerkonto zuordnen kann, loggen Sie sich bitte aus Ihrem Facebook-Benutzerkonto aus.<\/p><p><strong>YouTube<\/strong><\/p><p>Auf unserer Webseite setzen wir Komponenten (Videos) des Unternehmens YouTube, LLC 901 Cherry Ave., 94066 San Bruno, CA, USA, einem Unternehmen der Google LLC., Amphitheatre Parkway, Mountain View, CA 94043, USA, ein.<\/p><p>Hierbei nutzen wir die von YouTube zur Verf\u00fcgung gestellte Option erweiterter Datenschutzmodus.<\/p><p>Wenn Sie eine Seite aufrufen, die \u00fcber ein eingebettetes Video verf\u00fcgt, wird eine Verbindung zu den YouTube-Servern hergestellt und dabei der Inhalt durch Mitteilung an Ihren Browser auf der Internetseite dargestellt.<\/p><p>Laut den Angaben von YouTube werden im erweiterten Datenschutzmodus nur Daten an den YouTube-Server \u00fcbermittelt, insbesondere welche unserer Internetseiten Sie besucht haben, wenn Sie das Video anschauen. Sind Sie gleichzeitig bei YouTube eingeloggt, werden diese Informationen Ihrem Mitgliedskonto bei YouTube zugeordnet. Dies k\u00f6nnen Sie verhindern, indem Sie sich vor dem Besuch unserer Website von Ihrem Mitgliedskonto abmelden.<\/p><p>Weitere Informationen zum Datenschutz von YouTube werden von Google unter dem folgenden Link bereitgestellt: https:\/\/www.google.de\/intl\/de\/policies\/privacy\/<\/p><p><strong>Leady<\/strong><\/p><p>Werkzeug von Imper CZ, s.r.o. um juristische Personen, Website-Besucher zu identifizieren, die an unseren Dienstleistungen interessiert sein k\u00f6nnten.<\/p><p><strong>Links zu anderen Websites<\/strong><\/p><p>Sobald Sie einem Link auf eine andere Website folgen und damit unsere Website verlassen, haben wir keine weitere Kontrolle oder Einfluss auf die dort aufgef\u00fchrten Inhalte. Daher k\u00f6nnen wir keine Garantie oder Haftung (weder mittelbar noch unmittelbar) f\u00fcr die Richtigkeit, Vollst\u00e4ndigkeit, Nutzbarkeit, Verl\u00e4sslichkeit oder Zeitlosigkeit der auf solchen Seiten angebotenen Informationen \u00fcbernehmen.<\/p><p>Soweit rechtlich zul\u00e4ssig \u00fcbernehmen wir keinerlei Haftung f\u00fcr den Inhalt verlinkter Seiten, davon ohne Beschr\u00e4nkung eingeschlossen sind die Links auf einer verlinkten Seite sowie \u00c4nderungen oder Updates einer verlinkten Seite.<\/p><p>Beachten Sie bitte auch, dass die Nutzungsbedingungen und Datenschutzbestimmungen einer verlinkten Seite von den Nutzungsbedingungen und Datenschutzstandards unserer Seite abweichen. Aus diesem Grund sollten Sie die Datenschutzbestimmungen und Nutzungsbedingungen der verlinkten Seite lesen und einhalten.<\/p>\t\t\t\t\t\t\t\t<\/div>\n\t\t\t\t<\/div>\n\t\t\t\t\t<\/div>\n\t\t\t\t<\/div>\n\t\t\t\t<\/div>\n\t\t","protected":false},"excerpt":{"rendered":"<p>Home |&nbsp; Disclaimer Disclaimer Die auf dieser Website dargebotenen fachlichen Informationen dienen lediglich der allgemeinen Information. Sollten Sie diese Informationen auf einen praktischen Fall anwenden wollen, empfehlen wir Ihnen, zuvor einen professionellen Berater zu kontaktieren, um alle Aspekte des vorliegenden Falles beurteilen zu k\u00f6nnen. Die auf dieser Website zur Verf\u00fcgung gestellten Informationen k\u00f6nnen und sollen [&hellip;]<\/p>\n","protected":false},"author":14,"featured_media":0,"parent":0,"menu_order":0,"comment_status":"closed","ping_status":"closed","template":"elementor_header_footer","meta":{"_acf_changed":false,"footnotes":""},"class_list":["post-6830","page","type-page","status-publish","hentry"],"acf":[],"yoast_head":"<!-- This site is optimized with the Yoast SEO plugin v26.0 - https:\/\/yoast.com\/wordpress\/plugins\/seo\/ -->\n<title>Disclaimer - TPA Czech Republic<\/title>\n<meta name=\"robots\" content=\"index, follow, max-snippet:-1, max-image-preview:large, max-video-preview:-1\" \/>\n<link rel=\"canonical\" href=\"https:\/\/www.tpa-group.cz\/de\/disclaimer\/\" \/>\n<meta property=\"og:locale\" content=\"de_DE\" \/>\n<meta property=\"og:type\" content=\"article\" \/>\n<meta property=\"og:title\" content=\"Disclaimer - TPA Czech Republic\" \/>\n<meta property=\"og:description\" content=\"Home |&nbsp; Disclaimer Disclaimer Die auf dieser Website dargebotenen fachlichen Informationen dienen lediglich der allgemeinen Information. Sollten Sie diese Informationen auf einen praktischen Fall anwenden wollen, empfehlen wir Ihnen, zuvor einen professionellen Berater zu kontaktieren, um alle Aspekte des vorliegenden Falles beurteilen zu k\u00f6nnen. Die auf dieser Website zur Verf\u00fcgung gestellten Informationen k\u00f6nnen und sollen [&hellip;]\" \/>\n<meta property=\"og:url\" content=\"https:\/\/www.tpa-group.cz\/de\/disclaimer\/\" \/>\n<meta property=\"og:site_name\" content=\"TPA Czech Republic\" \/>\n<meta property=\"article:modified_time\" content=\"2024-08-08T10:09:57+00:00\" \/>\n<meta name=\"twitter:card\" content=\"summary_large_image\" \/>\n<meta name=\"twitter:label1\" content=\"Est. reading time\" \/>\n\t<meta name=\"twitter:data1\" content=\"9 Minuten\" \/>\n<script type=\"application\/ld+json\" class=\"yoast-schema-graph\">{\"@context\":\"https:\/\/schema.org\",\"@graph\":[{\"@type\":\"WebPage\",\"@id\":\"https:\/\/www.tpa-group.cz\/de\/disclaimer\/\",\"url\":\"https:\/\/www.tpa-group.cz\/de\/disclaimer\/\",\"name\":\"Disclaimer - TPA Czech Republic\",\"isPartOf\":{\"@id\":\"https:\/\/www.tpa-group.cz\/de\/#website\"},\"datePublished\":\"2023-10-18T13:13:53+00:00\",\"dateModified\":\"2024-08-08T10:09:57+00:00\",\"breadcrumb\":{\"@id\":\"https:\/\/www.tpa-group.cz\/de\/disclaimer\/#breadcrumb\"},\"inLanguage\":\"de-DE\",\"potentialAction\":[{\"@type\":\"ReadAction\",\"target\":[\"https:\/\/www.tpa-group.cz\/de\/disclaimer\/\"]}]},{\"@type\":\"BreadcrumbList\",\"@id\":\"https:\/\/www.tpa-group.cz\/de\/disclaimer\/#breadcrumb\",\"itemListElement\":[{\"@type\":\"ListItem\",\"position\":1,\"name\":\"Home\",\"item\":\"https:\/\/www.tpa-group.cz\/de\/\"},{\"@type\":\"ListItem\",\"position\":2,\"name\":\"Disclaimer\"}]},{\"@type\":\"WebSite\",\"@id\":\"https:\/\/www.tpa-group.cz\/de\/#website\",\"url\":\"https:\/\/www.tpa-group.cz\/de\/\",\"name\":\"www.tpa-group.cz\",\"description\":\"\",\"publisher\":{\"@id\":\"https:\/\/www.tpa-group.cz\/de\/#organization\"},\"potentialAction\":[{\"@type\":\"SearchAction\",\"target\":{\"@type\":\"EntryPoint\",\"urlTemplate\":\"https:\/\/www.tpa-group.cz\/de\/?s={search_term_string}\"},\"query-input\":{\"@type\":\"PropertyValueSpecification\",\"valueRequired\":true,\"valueName\":\"search_term_string\"}}],\"inLanguage\":\"de-DE\"},{\"@type\":\"Organization\",\"@id\":\"https:\/\/www.tpa-group.cz\/de\/#organization\",\"name\":\"www.tpa-group.cz\",\"url\":\"https:\/\/www.tpa-group.cz\/de\/\",\"logo\":{\"@type\":\"ImageObject\",\"inLanguage\":\"de-DE\",\"@id\":\"https:\/\/www.tpa-group.cz\/de\/#\/schema\/logo\/image\/\",\"url\":\"https:\/\/www.tpa-group.cz\/app\/uploads\/sites\/4\/2023\/03\/tpa-logo.svg\",\"contentUrl\":\"https:\/\/www.tpa-group.cz\/app\/uploads\/sites\/4\/2023\/03\/tpa-logo.svg\",\"width\":110,\"height\":93,\"caption\":\"www.tpa-group.cz\"},\"image\":{\"@id\":\"https:\/\/www.tpa-group.cz\/de\/#\/schema\/logo\/image\/\"}}]}<\/script>\n<!-- \/ Yoast SEO plugin. -->","yoast_head_json":{"title":"Disclaimer - TPA Czech Republic","robots":{"index":"index","follow":"follow","max-snippet":"max-snippet:-1","max-image-preview":"max-image-preview:large","max-video-preview":"max-video-preview:-1"},"canonical":"https:\/\/www.tpa-group.cz\/de\/disclaimer\/","og_locale":"de_DE","og_type":"article","og_title":"Disclaimer - TPA Czech Republic","og_description":"Home |&nbsp; Disclaimer Disclaimer Die auf dieser Website dargebotenen fachlichen Informationen dienen lediglich der allgemeinen Information. Sollten Sie diese Informationen auf einen praktischen Fall anwenden wollen, empfehlen wir Ihnen, zuvor einen professionellen Berater zu kontaktieren, um alle Aspekte des vorliegenden Falles beurteilen zu k\u00f6nnen. Die auf dieser Website zur Verf\u00fcgung gestellten Informationen k\u00f6nnen und sollen [&hellip;]","og_url":"https:\/\/www.tpa-group.cz\/de\/disclaimer\/","og_site_name":"TPA Czech Republic","article_modified_time":"2024-08-08T10:09:57+00:00","twitter_card":"summary_large_image","twitter_misc":{"Est. reading time":"9 Minuten"},"schema":{"@context":"https:\/\/schema.org","@graph":[{"@type":"WebPage","@id":"https:\/\/www.tpa-group.cz\/de\/disclaimer\/","url":"https:\/\/www.tpa-group.cz\/de\/disclaimer\/","name":"Disclaimer - TPA Czech Republic","isPartOf":{"@id":"https:\/\/www.tpa-group.cz\/de\/#website"},"datePublished":"2023-10-18T13:13:53+00:00","dateModified":"2024-08-08T10:09:57+00:00","breadcrumb":{"@id":"https:\/\/www.tpa-group.cz\/de\/disclaimer\/#breadcrumb"},"inLanguage":"de-DE","potentialAction":[{"@type":"ReadAction","target":["https:\/\/www.tpa-group.cz\/de\/disclaimer\/"]}]},{"@type":"BreadcrumbList","@id":"https:\/\/www.tpa-group.cz\/de\/disclaimer\/#breadcrumb","itemListElement":[{"@type":"ListItem","position":1,"name":"Home","item":"https:\/\/www.tpa-group.cz\/de\/"},{"@type":"ListItem","position":2,"name":"Disclaimer"}]},{"@type":"WebSite","@id":"https:\/\/www.tpa-group.cz\/de\/#website","url":"https:\/\/www.tpa-group.cz\/de\/","name":"www.tpa-group.cz","description":"","publisher":{"@id":"https:\/\/www.tpa-group.cz\/de\/#organization"},"potentialAction":[{"@type":"SearchAction","target":{"@type":"EntryPoint","urlTemplate":"https:\/\/www.tpa-group.cz\/de\/?s={search_term_string}"},"query-input":{"@type":"PropertyValueSpecification","valueRequired":true,"valueName":"search_term_string"}}],"inLanguage":"de-DE"},{"@type":"Organization","@id":"https:\/\/www.tpa-group.cz\/de\/#organization","name":"www.tpa-group.cz","url":"https:\/\/www.tpa-group.cz\/de\/","logo":{"@type":"ImageObject","inLanguage":"de-DE","@id":"https:\/\/www.tpa-group.cz\/de\/#\/schema\/logo\/image\/","url":"https:\/\/www.tpa-group.cz\/app\/uploads\/sites\/4\/2023\/03\/tpa-logo.svg","contentUrl":"https:\/\/www.tpa-group.cz\/app\/uploads\/sites\/4\/2023\/03\/tpa-logo.svg","width":110,"height":93,"caption":"www.tpa-group.cz"},"image":{"@id":"https:\/\/www.tpa-group.cz\/de\/#\/schema\/logo\/image\/"}}]}},"_links":{"self":[{"href":"https:\/\/www.tpa-group.cz\/de\/wp-json\/wp\/v2\/pages\/6830","targetHints":{"allow":["GET"]}}],"collection":[{"href":"https:\/\/www.tpa-group.cz\/de\/wp-json\/wp\/v2\/pages"}],"about":[{"href":"https:\/\/www.tpa-group.cz\/de\/wp-json\/wp\/v2\/types\/page"}],"author":[{"embeddable":true,"href":"https:\/\/www.tpa-group.cz\/de\/wp-json\/wp\/v2\/users\/14"}],"replies":[{"embeddable":true,"href":"https:\/\/www.tpa-group.cz\/de\/wp-json\/wp\/v2\/comments?post=6830"}],"version-history":[{"count":11,"href":"https:\/\/www.tpa-group.cz\/de\/wp-json\/wp\/v2\/pages\/6830\/revisions"}],"predecessor-version":[{"id":11166,"href":"https:\/\/www.tpa-group.cz\/de\/wp-json\/wp\/v2\/pages\/6830\/revisions\/11166"}],"wp:attachment":[{"href":"https:\/\/www.tpa-group.cz\/de\/wp-json\/wp\/v2\/media?parent=6830"}],"curies":[{"name":"wp","href":"https:\/\/api.w.org\/{rel}","templated":true}]}}