{"id":6824,"date":"2023-10-18T11:15:47","date_gmt":"2023-10-18T11:15:47","guid":{"rendered":"https:\/\/www.tpa-group.cz\/impressum\/"},"modified":"2025-02-18T16:58:32","modified_gmt":"2025-02-18T16:58:32","slug":"impressum","status":"publish","type":"page","link":"https:\/\/www.tpa-group.cz\/de\/impressum\/","title":{"rendered":"Impressum"},"content":{"rendered":"\t\t<div data-elementor-type=\"wp-page\" data-elementor-id=\"6824\" class=\"elementor elementor-6824 elementor-1918\" data-elementor-post-type=\"page\">\n\t\t\t\t\t\t<section class=\"elementor-section elementor-top-section elementor-element elementor-element-9ad52a2 hero-banner elementor-section-boxed elementor-section-height-default elementor-section-height-default\" data-id=\"9ad52a2\" data-element_type=\"section\">\n\t\t\t\t\t\t<div class=\"elementor-container elementor-column-gap-default\">\n\t\t\t\t\t<div class=\"elementor-column elementor-col-50 elementor-top-column elementor-element elementor-element-7e64f7b\" data-id=\"7e64f7b\" data-element_type=\"column\">\n\t\t\t<div class=\"elementor-widget-wrap elementor-element-populated\">\n\t\t\t\t\t\t<section class=\"elementor-section elementor-inner-section elementor-element elementor-element-0b966bd hero-banner-breadcrumbs-container elementor-section-boxed elementor-section-height-default elementor-section-height-default\" data-id=\"0b966bd\" data-element_type=\"section\">\n\t\t\t\t\t\t<div class=\"elementor-container elementor-column-gap-default\">\n\t\t\t\t\t<div class=\"elementor-column elementor-col-100 elementor-inner-column elementor-element elementor-element-7f7e041\" data-id=\"7f7e041\" data-element_type=\"column\">\n\t\t\t<div class=\"elementor-widget-wrap elementor-element-populated\">\n\t\t\t\t\t\t<div class=\"elementor-element elementor-element-b1fedb8 elementor-widget elementor-widget-heading\" data-id=\"b1fedb8\" data-element_type=\"widget\" data-widget_type=\"heading.default\">\n\t\t\t\t<div class=\"elementor-widget-container\">\n\t\t\t\t\t<p class=\"elementor-heading-title elementor-size-default\"><a href=\"\/\">Home |&nbsp;<\/a><\/p>\t\t\t\t<\/div>\n\t\t\t\t<\/div>\n\t\t\t\t<div class=\"elementor-element elementor-element-3c2c73e elementor-widget elementor-widget-heading\" data-id=\"3c2c73e\" data-element_type=\"widget\" data-widget_type=\"heading.default\">\n\t\t\t\t<div class=\"elementor-widget-container\">\n\t\t\t\t\t<p class=\"elementor-heading-title elementor-size-default\">Impressum<\/p>\t\t\t\t<\/div>\n\t\t\t\t<\/div>\n\t\t\t\t\t<\/div>\n\t\t<\/div>\n\t\t\t\t\t<\/div>\n\t\t<\/section>\n\t\t\t\t<div class=\"elementor-element elementor-element-4879078 elementor-widget elementor-widget-heading\" data-id=\"4879078\" data-element_type=\"widget\" data-widget_type=\"heading.default\">\n\t\t\t\t<div class=\"elementor-widget-container\">\n\t\t\t\t\t<h1 class=\"elementor-heading-title elementor-size-default\">Impressum<\/h1>\t\t\t\t<\/div>\n\t\t\t\t<\/div>\n\t\t\t\t\t<\/div>\n\t\t<\/div>\n\t\t\t\t<div class=\"elementor-column elementor-col-50 elementor-top-column elementor-element elementor-element-1141ad4\" data-id=\"1141ad4\" data-element_type=\"column\">\n\t\t\t<div class=\"elementor-widget-wrap\">\n\t\t\t\t\t\t\t<\/div>\n\t\t<\/div>\n\t\t\t\t\t<\/div>\n\t\t<\/section>\n\t\t<div class=\"elementor-element elementor-element-90b15a0 e-flex e-con-boxed e-con e-parent\" data-id=\"90b15a0\" data-element_type=\"container\">\n\t\t\t\t\t<div class=\"e-con-inner\">\n\t\t\t\t<div class=\"elementor-element elementor-element-49eaf0a elementor-widget elementor-widget-spacer\" data-id=\"49eaf0a\" data-element_type=\"widget\" data-widget_type=\"spacer.default\">\n\t\t\t\t<div class=\"elementor-widget-container\">\n\t\t\t\t\t\t\t<div class=\"elementor-spacer\">\n\t\t\t<div class=\"elementor-spacer-inner\"><\/div>\n\t\t<\/div>\n\t\t\t\t\t\t<\/div>\n\t\t\t\t<\/div>\n\t\t\t\t<div class=\"elementor-element elementor-element-0691718 elementor-widget elementor-widget-text-editor\" data-id=\"0691718\" data-element_type=\"widget\" data-widget_type=\"text-editor.default\">\n\t\t\t\t<div class=\"elementor-widget-container\">\n\t\t\t\t\t\t\t\t\t<p><strong>Informationen gem\u00e4\u00df \u00a7 13a des Handelsgesetzbuches<\/strong><\/p><p><strong>Name und Sitz der Gesellschaft:<\/strong><br \/><strong>TPA Audit s.r.o.<\/strong><br \/>Antala Sta\u0161ka 2027\/79<br \/>140 00 Prag 4<br \/>Tschechische Republik<\/p><p>Tel.: +420 222 826 311<br \/>E-Mail: audit@tpa-group.cz<br \/>Identifikationsnr.: 60203480<br \/>Steueridentifikationsnr.: CZ60203480<\/p><p>Mitglied der Baker Tilly Europe Alliance<br \/>Mitglied der Kammer der Wirtschaftspr\u00fcfer in der Tschechischen Republik \u2013 Zertifikat Nr. 80 der Kammer der Wirtschaftspr\u00fcfer in der Tschechischen Republik<\/p><p>Amtsgericht in Prag, Abteil C, Einlage Nr. 25463<\/p><p><strong>Name und Sitz der Gesellschaft:<\/strong><br \/><strong>TPA Tax s.r.o.<\/strong><br \/>Antala Sta\u0161ka 2027\/79<br \/>140 00 Prag 4<br \/>Tschechische Republik<\/p><p>Tel.: +420 222 826 411<br \/>E-Mail: tax@tpa-group.cz<br \/>Identifikationsnr.: 26126851<br \/>Steueridentifikationsnr.: CZ26126851<\/p><p>Mitglied der Baker Tilly Europe Alliance<\/p><p>Amtsgericht in Prag, Abteil C, Einlage Nr. 72491<\/p><p><strong>Name und Sitz der Gesellschaft:<\/strong><br \/><strong>TPA Valuation &amp; Advisory s.r.o.<\/strong><br \/>Antala Sta\u0161ka 2027\/79<br \/>140 00 Prag 4<br \/>Tschechische Republik<\/p><p>Tel.: +420 222 826 211<br \/>Fax: +420 222 826 212<br \/>E-Mail: valuation@tpa-group.cz<br \/>Identifikationsnr.: 25507796<br \/>Steueridentifitkationsnr.: CZ25507796<\/p><p>Mitglied der Baker Tilly Europe Alliance<\/p><p>Amtsgericht in Prag, Abteil C, Einlage Nr. 151055<\/p><p><strong>Information \u00fcber die au\u00dfergerichtliche L\u00f6sung von Verbraucherstreitigkeiten<\/strong><br \/>Die Kunden in ihrer Eigenschaft als Verbraucher k\u00f6nnen Streitigkeiten, die im Zusammenhang mit den erbrachten Dienstleistungen entstehen, nach dem Gesetz Nr. 634\/1992 GBl. \u00fcber den Verbraucherschutz, in der jeweils g\u00fcltigen Fassung, auch au\u00dfergerichtlich l\u00f6sen, und zwar bei der tschechischen Handelsinspektion (www.coi.cz) unter der Adresse: \u010cesk\u00e1 obchodn\u00ed inspekce, \u00dast\u0159edn\u00ed inspektor\u00e1t \u2013 odd\u011blen\u00ed ADR, \u0160t\u011bp\u00e1nsk\u00e1 15, 120 00 Praha 2.<\/p>\t\t\t\t\t\t\t\t<\/div>\n\t\t\t\t<\/div>\n\t\t\t\t\t<\/div>\n\t\t\t\t<\/div>\n\t\t\t\t<\/div>\n\t\t","protected":false},"excerpt":{"rendered":"<p>Home |&nbsp; Impressum Impressum Informationen gem\u00e4\u00df \u00a7 13a des Handelsgesetzbuches Name und Sitz der Gesellschaft:TPA Audit s.r.o.Antala Sta\u0161ka 2027\/79140 00 Prag 4Tschechische Republik Tel.: +420 222 826 311E-Mail: audit@tpa-group.czIdentifikationsnr.: 60203480Steueridentifikationsnr.: CZ60203480 Mitglied der Baker Tilly Europe AllianceMitglied der Kammer der Wirtschaftspr\u00fcfer in der Tschechischen Republik \u2013 Zertifikat Nr. 80 der Kammer der Wirtschaftspr\u00fcfer in der [&hellip;]<\/p>\n","protected":false},"author":14,"featured_media":0,"parent":0,"menu_order":0,"comment_status":"closed","ping_status":"closed","template":"elementor_header_footer","meta":{"_acf_changed":false,"footnotes":""},"class_list":["post-6824","page","type-page","status-publish","hentry"],"acf":[],"yoast_head":"<!-- This site is optimized with the Yoast SEO plugin v26.0 - https:\/\/yoast.com\/wordpress\/plugins\/seo\/ -->\n<title>Impressum - TPA Czech Republic<\/title>\n<meta name=\"description\" content=\"Impressum der TPA Group auf Deutsch. Hier finden Sie rechtliche Informationen und Kontaktdaten zum Unternehmen.\" \/>\n<meta name=\"robots\" content=\"index, follow, max-snippet:-1, max-image-preview:large, max-video-preview:-1\" \/>\n<link rel=\"canonical\" href=\"https:\/\/www.tpa-group.cz\/de\/impressum\/\" \/>\n<meta property=\"og:locale\" content=\"de_DE\" \/>\n<meta property=\"og:type\" content=\"article\" \/>\n<meta property=\"og:title\" content=\"Impressum - TPA Czech Republic\" \/>\n<meta property=\"og:description\" content=\"Impressum der TPA Group auf Deutsch. Hier finden Sie rechtliche Informationen und Kontaktdaten zum Unternehmen.\" \/>\n<meta property=\"og:url\" content=\"https:\/\/www.tpa-group.cz\/de\/impressum\/\" \/>\n<meta property=\"og:site_name\" content=\"TPA Czech Republic\" \/>\n<meta property=\"article:modified_time\" content=\"2025-02-18T16:58:32+00:00\" \/>\n<meta name=\"twitter:card\" content=\"summary_large_image\" \/>\n<meta name=\"twitter:label1\" content=\"Est. reading time\" \/>\n\t<meta name=\"twitter:data1\" content=\"2 Minuten\" \/>\n<script type=\"application\/ld+json\" class=\"yoast-schema-graph\">{\"@context\":\"https:\/\/schema.org\",\"@graph\":[{\"@type\":\"WebPage\",\"@id\":\"https:\/\/www.tpa-group.cz\/de\/impressum\/\",\"url\":\"https:\/\/www.tpa-group.cz\/de\/impressum\/\",\"name\":\"Impressum - TPA Czech Republic\",\"isPartOf\":{\"@id\":\"https:\/\/www.tpa-group.cz\/de\/#website\"},\"datePublished\":\"2023-10-18T11:15:47+00:00\",\"dateModified\":\"2025-02-18T16:58:32+00:00\",\"description\":\"Impressum der TPA Group auf Deutsch. Hier finden Sie rechtliche Informationen und Kontaktdaten zum Unternehmen.\",\"breadcrumb\":{\"@id\":\"https:\/\/www.tpa-group.cz\/de\/impressum\/#breadcrumb\"},\"inLanguage\":\"de-DE\",\"potentialAction\":[{\"@type\":\"ReadAction\",\"target\":[\"https:\/\/www.tpa-group.cz\/de\/impressum\/\"]}]},{\"@type\":\"BreadcrumbList\",\"@id\":\"https:\/\/www.tpa-group.cz\/de\/impressum\/#breadcrumb\",\"itemListElement\":[{\"@type\":\"ListItem\",\"position\":1,\"name\":\"Home\",\"item\":\"https:\/\/www.tpa-group.cz\/de\/\"},{\"@type\":\"ListItem\",\"position\":2,\"name\":\"Impressum\"}]},{\"@type\":\"WebSite\",\"@id\":\"https:\/\/www.tpa-group.cz\/de\/#website\",\"url\":\"https:\/\/www.tpa-group.cz\/de\/\",\"name\":\"www.tpa-group.cz\",\"description\":\"\",\"publisher\":{\"@id\":\"https:\/\/www.tpa-group.cz\/de\/#organization\"},\"potentialAction\":[{\"@type\":\"SearchAction\",\"target\":{\"@type\":\"EntryPoint\",\"urlTemplate\":\"https:\/\/www.tpa-group.cz\/de\/?s={search_term_string}\"},\"query-input\":{\"@type\":\"PropertyValueSpecification\",\"valueRequired\":true,\"valueName\":\"search_term_string\"}}],\"inLanguage\":\"de-DE\"},{\"@type\":\"Organization\",\"@id\":\"https:\/\/www.tpa-group.cz\/de\/#organization\",\"name\":\"www.tpa-group.cz\",\"url\":\"https:\/\/www.tpa-group.cz\/de\/\",\"logo\":{\"@type\":\"ImageObject\",\"inLanguage\":\"de-DE\",\"@id\":\"https:\/\/www.tpa-group.cz\/de\/#\/schema\/logo\/image\/\",\"url\":\"https:\/\/www.tpa-group.cz\/app\/uploads\/sites\/4\/2023\/03\/tpa-logo.svg\",\"contentUrl\":\"https:\/\/www.tpa-group.cz\/app\/uploads\/sites\/4\/2023\/03\/tpa-logo.svg\",\"width\":110,\"height\":93,\"caption\":\"www.tpa-group.cz\"},\"image\":{\"@id\":\"https:\/\/www.tpa-group.cz\/de\/#\/schema\/logo\/image\/\"}}]}<\/script>\n<!-- \/ Yoast SEO plugin. -->","yoast_head_json":{"title":"Impressum - TPA Czech Republic","description":"Impressum der TPA Group auf Deutsch. Hier finden Sie rechtliche Informationen und Kontaktdaten zum Unternehmen.","robots":{"index":"index","follow":"follow","max-snippet":"max-snippet:-1","max-image-preview":"max-image-preview:large","max-video-preview":"max-video-preview:-1"},"canonical":"https:\/\/www.tpa-group.cz\/de\/impressum\/","og_locale":"de_DE","og_type":"article","og_title":"Impressum - TPA Czech Republic","og_description":"Impressum der TPA Group auf Deutsch. Hier finden Sie rechtliche Informationen und Kontaktdaten zum Unternehmen.","og_url":"https:\/\/www.tpa-group.cz\/de\/impressum\/","og_site_name":"TPA Czech Republic","article_modified_time":"2025-02-18T16:58:32+00:00","twitter_card":"summary_large_image","twitter_misc":{"Est. reading time":"2 Minuten"},"schema":{"@context":"https:\/\/schema.org","@graph":[{"@type":"WebPage","@id":"https:\/\/www.tpa-group.cz\/de\/impressum\/","url":"https:\/\/www.tpa-group.cz\/de\/impressum\/","name":"Impressum - TPA Czech Republic","isPartOf":{"@id":"https:\/\/www.tpa-group.cz\/de\/#website"},"datePublished":"2023-10-18T11:15:47+00:00","dateModified":"2025-02-18T16:58:32+00:00","description":"Impressum der TPA Group auf Deutsch. Hier finden Sie rechtliche Informationen und Kontaktdaten zum Unternehmen.","breadcrumb":{"@id":"https:\/\/www.tpa-group.cz\/de\/impressum\/#breadcrumb"},"inLanguage":"de-DE","potentialAction":[{"@type":"ReadAction","target":["https:\/\/www.tpa-group.cz\/de\/impressum\/"]}]},{"@type":"BreadcrumbList","@id":"https:\/\/www.tpa-group.cz\/de\/impressum\/#breadcrumb","itemListElement":[{"@type":"ListItem","position":1,"name":"Home","item":"https:\/\/www.tpa-group.cz\/de\/"},{"@type":"ListItem","position":2,"name":"Impressum"}]},{"@type":"WebSite","@id":"https:\/\/www.tpa-group.cz\/de\/#website","url":"https:\/\/www.tpa-group.cz\/de\/","name":"www.tpa-group.cz","description":"","publisher":{"@id":"https:\/\/www.tpa-group.cz\/de\/#organization"},"potentialAction":[{"@type":"SearchAction","target":{"@type":"EntryPoint","urlTemplate":"https:\/\/www.tpa-group.cz\/de\/?s={search_term_string}"},"query-input":{"@type":"PropertyValueSpecification","valueRequired":true,"valueName":"search_term_string"}}],"inLanguage":"de-DE"},{"@type":"Organization","@id":"https:\/\/www.tpa-group.cz\/de\/#organization","name":"www.tpa-group.cz","url":"https:\/\/www.tpa-group.cz\/de\/","logo":{"@type":"ImageObject","inLanguage":"de-DE","@id":"https:\/\/www.tpa-group.cz\/de\/#\/schema\/logo\/image\/","url":"https:\/\/www.tpa-group.cz\/app\/uploads\/sites\/4\/2023\/03\/tpa-logo.svg","contentUrl":"https:\/\/www.tpa-group.cz\/app\/uploads\/sites\/4\/2023\/03\/tpa-logo.svg","width":110,"height":93,"caption":"www.tpa-group.cz"},"image":{"@id":"https:\/\/www.tpa-group.cz\/de\/#\/schema\/logo\/image\/"}}]}},"_links":{"self":[{"href":"https:\/\/www.tpa-group.cz\/de\/wp-json\/wp\/v2\/pages\/6824","targetHints":{"allow":["GET"]}}],"collection":[{"href":"https:\/\/www.tpa-group.cz\/de\/wp-json\/wp\/v2\/pages"}],"about":[{"href":"https:\/\/www.tpa-group.cz\/de\/wp-json\/wp\/v2\/types\/page"}],"author":[{"embeddable":true,"href":"https:\/\/www.tpa-group.cz\/de\/wp-json\/wp\/v2\/users\/14"}],"replies":[{"embeddable":true,"href":"https:\/\/www.tpa-group.cz\/de\/wp-json\/wp\/v2\/comments?post=6824"}],"version-history":[{"count":5,"href":"https:\/\/www.tpa-group.cz\/de\/wp-json\/wp\/v2\/pages\/6824\/revisions"}],"predecessor-version":[{"id":6829,"href":"https:\/\/www.tpa-group.cz\/de\/wp-json\/wp\/v2\/pages\/6824\/revisions\/6829"}],"wp:attachment":[{"href":"https:\/\/www.tpa-group.cz\/de\/wp-json\/wp\/v2\/media?parent=6824"}],"curies":[{"name":"wp","href":"https:\/\/api.w.org\/{rel}","templated":true}]}}