{"id":6521,"date":"2023-10-19T11:54:49","date_gmt":"2023-10-19T11:54:49","guid":{"rendered":"https:\/\/www.tpa-group.cz\/ueber-uns\/unsere-philosophie\/"},"modified":"2024-07-09T10:41:16","modified_gmt":"2024-07-09T10:41:16","slug":"unsere-philosophie","status":"publish","type":"page","link":"https:\/\/www.tpa-group.cz\/de\/ueber-uns\/unsere-philosophie\/","title":{"rendered":"Unsere Philosophie"},"content":{"rendered":"\t\t<div data-elementor-type=\"wp-page\" data-elementor-id=\"6521\" class=\"elementor elementor-6521 elementor-2337\" data-elementor-post-type=\"page\">\n\t\t\t\t\t\t<section class=\"elementor-section elementor-top-section elementor-element elementor-element-494c3308 hero-banner elementor-section-boxed elementor-section-height-default elementor-section-height-default\" data-id=\"494c3308\" data-element_type=\"section\">\n\t\t\t\t\t\t<div class=\"elementor-container elementor-column-gap-default\">\n\t\t\t\t\t<div class=\"elementor-column elementor-col-50 elementor-top-column elementor-element elementor-element-24de6bb6\" data-id=\"24de6bb6\" data-element_type=\"column\">\n\t\t\t<div class=\"elementor-widget-wrap elementor-element-populated\">\n\t\t\t\t\t\t<section class=\"elementor-section elementor-inner-section elementor-element elementor-element-29833dc1 hero-banner-breadcrumbs-container elementor-section-boxed elementor-section-height-default elementor-section-height-default\" data-id=\"29833dc1\" data-element_type=\"section\">\n\t\t\t\t\t\t<div class=\"elementor-container elementor-column-gap-default\">\n\t\t\t\t\t<div class=\"elementor-column elementor-col-100 elementor-inner-column elementor-element elementor-element-18c046cc\" data-id=\"18c046cc\" data-element_type=\"column\">\n\t\t\t<div class=\"elementor-widget-wrap elementor-element-populated\">\n\t\t\t\t\t\t<div class=\"elementor-element elementor-element-199ea3a2 elementor-widget elementor-widget-heading\" data-id=\"199ea3a2\" data-element_type=\"widget\" data-widget_type=\"heading.default\">\n\t\t\t\t<div class=\"elementor-widget-container\">\n\t\t\t\t\t<p class=\"elementor-heading-title elementor-size-default\"><a href=\"\/de\">Home |&nbsp;<\/a><\/p>\t\t\t\t<\/div>\n\t\t\t\t<\/div>\n\t\t\t\t<div class=\"elementor-element elementor-element-5e4621d elementor-widget elementor-widget-heading\" data-id=\"5e4621d\" data-element_type=\"widget\" data-widget_type=\"heading.default\">\n\t\t\t\t<div class=\"elementor-widget-container\">\n\t\t\t\t\t<p class=\"elementor-heading-title elementor-size-default\"><a href=\"https:\/\/www.tpa-group.cz\/de\/ueber-uns\/\">\u00dcber uns |&nbsp;<\/a><\/p>\t\t\t\t<\/div>\n\t\t\t\t<\/div>\n\t\t\t\t<div class=\"elementor-element elementor-element-1c94c591 elementor-widget elementor-widget-heading\" data-id=\"1c94c591\" data-element_type=\"widget\" data-widget_type=\"heading.default\">\n\t\t\t\t<div class=\"elementor-widget-container\">\n\t\t\t\t\t<p class=\"elementor-heading-title elementor-size-default\">Unsere Philosophie<\/p>\t\t\t\t<\/div>\n\t\t\t\t<\/div>\n\t\t\t\t\t<\/div>\n\t\t<\/div>\n\t\t\t\t\t<\/div>\n\t\t<\/section>\n\t\t\t\t<div class=\"elementor-element elementor-element-3743d8f2 elementor-widget elementor-widget-heading\" data-id=\"3743d8f2\" data-element_type=\"widget\" data-widget_type=\"heading.default\">\n\t\t\t\t<div class=\"elementor-widget-container\">\n\t\t\t\t\t<h1 class=\"elementor-heading-title elementor-size-default\">Face to Face Business.\nWeil Ihre Ziele z\u00e4hlen.<\/h1>\t\t\t\t<\/div>\n\t\t\t\t<\/div>\n\t\t\t\t<div class=\"elementor-element elementor-element-c2429ea elementor-widget elementor-widget-text-editor\" data-id=\"c2429ea\" data-element_type=\"widget\" data-widget_type=\"text-editor.default\">\n\t\t\t\t<div class=\"elementor-widget-container\">\n\t\t\t\t\t\t\t\t\t<p><strong>Die TPA Gruppe sieht sich als Ihr starker Partner auf Augenh\u00f6he \u2013 auf den Sie sich jederzeit verlassen k\u00f6nnen. Denn f\u00fcr uns gilt:<\/strong><\/p><p>Nur wer auf Augenh\u00f6he kommuniziert und sich in jedes Projekt hineindenkt, findet die passende L\u00f6sung. Das ist es, was wir unter Face to Face Business verstehen und leben. Tag f\u00fcr Tag, regional und international. In den Bereichen Steuerberatung, Buchhaltung &amp; Bilanzierung, Wirtschaftspr\u00fcfung und Unternehmensberatung.<\/p>\t\t\t\t\t\t\t\t<\/div>\n\t\t\t\t<\/div>\n\t\t\t\t\t<\/div>\n\t\t<\/div>\n\t\t\t\t<div class=\"elementor-column elementor-col-50 elementor-top-column elementor-element elementor-element-31b62d02\" data-id=\"31b62d02\" data-element_type=\"column\">\n\t\t\t<div class=\"elementor-widget-wrap\">\n\t\t\t\t\t\t\t<\/div>\n\t\t<\/div>\n\t\t\t\t\t<\/div>\n\t\t<\/section>\n\t\t<div class=\"elementor-element elementor-element-0e31233 page-content-container e-flex e-con-boxed e-con e-parent\" data-id=\"0e31233\" data-element_type=\"container\">\n\t\t\t\t\t<div class=\"e-con-inner\">\n\t\t\t\t<div class=\"elementor-element elementor-element-edae61e elementor-widget elementor-widget-heading\" data-id=\"edae61e\" data-element_type=\"widget\" data-widget_type=\"heading.default\">\n\t\t\t\t<div class=\"elementor-widget-container\">\n\t\t\t\t\t<h2 class=\"elementor-heading-title elementor-size-default\">Face to Face Business. Weil der Kunde z\u00e4hlt.<\/h2>\t\t\t\t<\/div>\n\t\t\t\t<\/div>\n\t\t\t\t<div class=\"elementor-element elementor-element-91e9319 elementor-widget elementor-widget-text-editor\" data-id=\"91e9319\" data-element_type=\"widget\" data-widget_type=\"text-editor.default\">\n\t\t\t\t<div class=\"elementor-widget-container\">\n\t\t\t\t\t\t\t\t\t<p>Wir sprechen Ihre Sprache, kennen Ihre Branche und setzen uns engagiert f\u00fcr Ihre Anliegen ein. Jede Beratung beginnt mit einem detaillierten Gespr\u00e4ch. Auf dieser Basis erarbeiten wir mit Ihnen die passende L\u00f6sung und begleiten Sie bei der Umsetzung. Unsere Expertinnen und Experten haben Gesp\u00fcr f\u00fcr Ihre Situation, lesen zwischen den Zahlen und behalten dabei immer das Wesentliche im Blick: Ihren Erfolg.<\/p>\t\t\t\t\t\t\t\t<\/div>\n\t\t\t\t<\/div>\n\t\t\t\t<div class=\"elementor-element elementor-element-7607d4c elementor-widget elementor-widget-heading\" data-id=\"7607d4c\" data-element_type=\"widget\" data-widget_type=\"heading.default\">\n\t\t\t\t<div class=\"elementor-widget-container\">\n\t\t\t\t\t<h2 class=\"elementor-heading-title elementor-size-default\">Nicht die Gr\u00f6\u00dfe ist wichtig. Sondern das Anliegen.<\/h2>\t\t\t\t<\/div>\n\t\t\t\t<\/div>\n\t\t\t\t<div class=\"elementor-element elementor-element-da2dc29 elementor-widget elementor-widget-text-editor\" data-id=\"da2dc29\" data-element_type=\"widget\" data-widget_type=\"text-editor.default\">\n\t\t\t\t<div class=\"elementor-widget-container\">\n\t\t\t\t\t\t\t\t\t<p>Sie suchen einen Partner f\u00fcr Ihre Buchhaltung, stehen vor strategischen Entscheidungen oder bereiten sich auf eine Abschlusspr\u00fcfung vor? Bei der TPA Gruppe steht Ihr Bedarf im Vordergrund. Wir sch\u00e4tzen Herausforderungen, arbeiten verl\u00e4sslich und kreativ und liefern rasche und kompetente L\u00f6sungen. Das gilt f\u00fcr kleine und mittlere Unternehmen ebenso wie f\u00fcr Konzerne oder \u00f6ffentliche Institutionen.<\/p>\t\t\t\t\t\t\t\t<\/div>\n\t\t\t\t<\/div>\n\t\t\t\t<div class=\"elementor-element elementor-element-a83b6d0 elementor-widget elementor-widget-heading\" data-id=\"a83b6d0\" data-element_type=\"widget\" data-widget_type=\"heading.default\">\n\t\t\t\t<div class=\"elementor-widget-container\">\n\t\t\t\t\t<h2 class=\"elementor-heading-title elementor-size-default\">Lokal, regional, international. Immer ein Partner an Ihrer Seite.<\/h2>\t\t\t\t<\/div>\n\t\t\t\t<\/div>\n\t\t\t\t<div class=\"elementor-element elementor-element-76e9c15 elementor-widget elementor-widget-text-editor\" data-id=\"76e9c15\" data-element_type=\"widget\" data-widget_type=\"text-editor.default\">\n\t\t\t\t<div class=\"elementor-widget-container\">\n\t\t\t\t\t\t\t\t\t<p>Wo immer unsere Kunden uns brauchen \u2013 wir sind in der N\u00e4he. Sie profitieren von hochwertiger Beratung und pers\u00f6nlicher Betreuung vor Ort.<\/p><p>Die TPA Gruppe ist ein unabh\u00e4ngiges Mitglied der Baker Tilly Europe Alliance und bietet dadurch seinen Kunden ein weltweites Netzwerk von Steuerberatern, Wirtschaftspr\u00fcfern und Unternehmensberatern.<\/p>\t\t\t\t\t\t\t\t<\/div>\n\t\t\t\t<\/div>\n\t\t\t\t<div class=\"elementor-element elementor-element-54ed058 elementor-widget elementor-widget-heading\" data-id=\"54ed058\" data-element_type=\"widget\" data-widget_type=\"heading.default\">\n\t\t\t\t<div class=\"elementor-widget-container\">\n\t\t\t\t\t<h2 class=\"elementor-heading-title elementor-size-default\">Endlich entfalten. Wir f\u00f6rdern Menschen.<\/h2>\t\t\t\t<\/div>\n\t\t\t\t<\/div>\n\t\t\t\t<div class=\"elementor-element elementor-element-992553b elementor-widget elementor-widget-text-editor\" data-id=\"992553b\" data-element_type=\"widget\" data-widget_type=\"text-editor.default\">\n\t\t\t\t<div class=\"elementor-widget-container\">\n\t\t\t\t\t\t\t\t\t<p>Die Mitarbeiterinnen und Mitarbeiter der TPA Gruppe erbringen t\u00e4glich Spitzenleistungen. Wir unterst\u00fctzen sie dabei, sich weiterzuentwickeln. Daf\u00fcr bieten wir ihnen neben vielf\u00e4ltigen Karrierechancen und Weiterbildung vor allem eines: Freiraum f\u00fcr ihre pers\u00f6nliche Entfaltung. Denn St\u00e4rken k\u00f6nnen nur wachsen, wenn die Aufgaben Freude machen und wenn das Arbeitsumfeld passt.<\/p>\t\t\t\t\t\t\t\t<\/div>\n\t\t\t\t<\/div>\n\t\t\t\t\t<\/div>\n\t\t\t\t<\/div>\n\t\t\t\t<\/div>\n\t\t","protected":false},"excerpt":{"rendered":"<p>Home |&nbsp; \u00dcber uns |&nbsp; Unsere Philosophie Face to Face Business. Weil Ihre Ziele z\u00e4hlen. Die TPA Gruppe sieht sich als Ihr starker Partner auf Augenh\u00f6he \u2013 auf den Sie sich jederzeit verlassen k\u00f6nnen. Denn f\u00fcr uns gilt: Nur wer auf Augenh\u00f6he kommuniziert und sich in jedes Projekt hineindenkt, findet die passende L\u00f6sung. Das ist [&hellip;]<\/p>\n","protected":false},"author":14,"featured_media":0,"parent":6501,"menu_order":0,"comment_status":"closed","ping_status":"closed","template":"elementor_header_footer","meta":{"_acf_changed":false,"footnotes":""},"class_list":["post-6521","page","type-page","status-publish","hentry"],"acf":[],"yoast_head":"<!-- This site is optimized with the Yoast SEO plugin v26.0 - https:\/\/yoast.com\/wordpress\/plugins\/seo\/ -->\n<title>Unsere Philosophie - TPA Czech Republic<\/title>\n<meta name=\"robots\" content=\"index, follow, max-snippet:-1, max-image-preview:large, max-video-preview:-1\" \/>\n<link rel=\"canonical\" href=\"https:\/\/www.tpa-group.cz\/de\/ueber-uns\/unsere-philosophie\/\" \/>\n<meta property=\"og:locale\" content=\"de_DE\" \/>\n<meta property=\"og:type\" content=\"article\" \/>\n<meta property=\"og:title\" content=\"Unsere Philosophie - TPA Czech Republic\" \/>\n<meta property=\"og:description\" content=\"Home |&nbsp; \u00dcber uns |&nbsp; Unsere Philosophie Face to Face Business. Weil Ihre Ziele z\u00e4hlen. Die TPA Gruppe sieht sich als Ihr starker Partner auf Augenh\u00f6he \u2013 auf den Sie sich jederzeit verlassen k\u00f6nnen. Denn f\u00fcr uns gilt: Nur wer auf Augenh\u00f6he kommuniziert und sich in jedes Projekt hineindenkt, findet die passende L\u00f6sung. Das ist [&hellip;]\" \/>\n<meta property=\"og:url\" content=\"https:\/\/www.tpa-group.cz\/de\/ueber-uns\/unsere-philosophie\/\" \/>\n<meta property=\"og:site_name\" content=\"TPA Czech Republic\" \/>\n<meta property=\"article:modified_time\" content=\"2024-07-09T10:41:16+00:00\" \/>\n<meta name=\"twitter:card\" content=\"summary_large_image\" \/>\n<meta name=\"twitter:label1\" content=\"Est. reading time\" \/>\n\t<meta name=\"twitter:data1\" content=\"2 Minuten\" \/>\n<script type=\"application\/ld+json\" class=\"yoast-schema-graph\">{\"@context\":\"https:\/\/schema.org\",\"@graph\":[{\"@type\":\"WebPage\",\"@id\":\"https:\/\/www.tpa-group.cz\/de\/ueber-uns\/unsere-philosophie\/\",\"url\":\"https:\/\/www.tpa-group.cz\/de\/ueber-uns\/unsere-philosophie\/\",\"name\":\"Unsere Philosophie - TPA Czech Republic\",\"isPartOf\":{\"@id\":\"https:\/\/www.tpa-group.cz\/de\/#website\"},\"datePublished\":\"2023-10-19T11:54:49+00:00\",\"dateModified\":\"2024-07-09T10:41:16+00:00\",\"breadcrumb\":{\"@id\":\"https:\/\/www.tpa-group.cz\/de\/ueber-uns\/unsere-philosophie\/#breadcrumb\"},\"inLanguage\":\"de-DE\",\"potentialAction\":[{\"@type\":\"ReadAction\",\"target\":[\"https:\/\/www.tpa-group.cz\/de\/ueber-uns\/unsere-philosophie\/\"]}]},{\"@type\":\"BreadcrumbList\",\"@id\":\"https:\/\/www.tpa-group.cz\/de\/ueber-uns\/unsere-philosophie\/#breadcrumb\",\"itemListElement\":[{\"@type\":\"ListItem\",\"position\":1,\"name\":\"Home\",\"item\":\"https:\/\/www.tpa-group.cz\/de\/\"},{\"@type\":\"ListItem\",\"position\":2,\"name\":\"\u00dcber uns\",\"item\":\"https:\/\/www.tpa-group.cz\/de\/o-nas\/\"},{\"@type\":\"ListItem\",\"position\":3,\"name\":\"Unsere Philosophie\"}]},{\"@type\":\"WebSite\",\"@id\":\"https:\/\/www.tpa-group.cz\/de\/#website\",\"url\":\"https:\/\/www.tpa-group.cz\/de\/\",\"name\":\"www.tpa-group.cz\",\"description\":\"\",\"publisher\":{\"@id\":\"https:\/\/www.tpa-group.cz\/de\/#organization\"},\"potentialAction\":[{\"@type\":\"SearchAction\",\"target\":{\"@type\":\"EntryPoint\",\"urlTemplate\":\"https:\/\/www.tpa-group.cz\/de\/?s={search_term_string}\"},\"query-input\":{\"@type\":\"PropertyValueSpecification\",\"valueRequired\":true,\"valueName\":\"search_term_string\"}}],\"inLanguage\":\"de-DE\"},{\"@type\":\"Organization\",\"@id\":\"https:\/\/www.tpa-group.cz\/de\/#organization\",\"name\":\"www.tpa-group.cz\",\"url\":\"https:\/\/www.tpa-group.cz\/de\/\",\"logo\":{\"@type\":\"ImageObject\",\"inLanguage\":\"de-DE\",\"@id\":\"https:\/\/www.tpa-group.cz\/de\/#\/schema\/logo\/image\/\",\"url\":\"https:\/\/www.tpa-group.cz\/app\/uploads\/sites\/4\/2023\/03\/tpa-logo.svg\",\"contentUrl\":\"https:\/\/www.tpa-group.cz\/app\/uploads\/sites\/4\/2023\/03\/tpa-logo.svg\",\"width\":110,\"height\":93,\"caption\":\"www.tpa-group.cz\"},\"image\":{\"@id\":\"https:\/\/www.tpa-group.cz\/de\/#\/schema\/logo\/image\/\"}}]}<\/script>\n<!-- \/ Yoast SEO plugin. -->","yoast_head_json":{"title":"Unsere Philosophie - TPA Czech Republic","robots":{"index":"index","follow":"follow","max-snippet":"max-snippet:-1","max-image-preview":"max-image-preview:large","max-video-preview":"max-video-preview:-1"},"canonical":"https:\/\/www.tpa-group.cz\/de\/ueber-uns\/unsere-philosophie\/","og_locale":"de_DE","og_type":"article","og_title":"Unsere Philosophie - TPA Czech Republic","og_description":"Home |&nbsp; \u00dcber uns |&nbsp; Unsere Philosophie Face to Face Business. Weil Ihre Ziele z\u00e4hlen. Die TPA Gruppe sieht sich als Ihr starker Partner auf Augenh\u00f6he \u2013 auf den Sie sich jederzeit verlassen k\u00f6nnen. Denn f\u00fcr uns gilt: Nur wer auf Augenh\u00f6he kommuniziert und sich in jedes Projekt hineindenkt, findet die passende L\u00f6sung. Das ist [&hellip;]","og_url":"https:\/\/www.tpa-group.cz\/de\/ueber-uns\/unsere-philosophie\/","og_site_name":"TPA Czech Republic","article_modified_time":"2024-07-09T10:41:16+00:00","twitter_card":"summary_large_image","twitter_misc":{"Est. reading time":"2 Minuten"},"schema":{"@context":"https:\/\/schema.org","@graph":[{"@type":"WebPage","@id":"https:\/\/www.tpa-group.cz\/de\/ueber-uns\/unsere-philosophie\/","url":"https:\/\/www.tpa-group.cz\/de\/ueber-uns\/unsere-philosophie\/","name":"Unsere Philosophie - TPA Czech Republic","isPartOf":{"@id":"https:\/\/www.tpa-group.cz\/de\/#website"},"datePublished":"2023-10-19T11:54:49+00:00","dateModified":"2024-07-09T10:41:16+00:00","breadcrumb":{"@id":"https:\/\/www.tpa-group.cz\/de\/ueber-uns\/unsere-philosophie\/#breadcrumb"},"inLanguage":"de-DE","potentialAction":[{"@type":"ReadAction","target":["https:\/\/www.tpa-group.cz\/de\/ueber-uns\/unsere-philosophie\/"]}]},{"@type":"BreadcrumbList","@id":"https:\/\/www.tpa-group.cz\/de\/ueber-uns\/unsere-philosophie\/#breadcrumb","itemListElement":[{"@type":"ListItem","position":1,"name":"Home","item":"https:\/\/www.tpa-group.cz\/de\/"},{"@type":"ListItem","position":2,"name":"\u00dcber uns","item":"https:\/\/www.tpa-group.cz\/de\/o-nas\/"},{"@type":"ListItem","position":3,"name":"Unsere Philosophie"}]},{"@type":"WebSite","@id":"https:\/\/www.tpa-group.cz\/de\/#website","url":"https:\/\/www.tpa-group.cz\/de\/","name":"www.tpa-group.cz","description":"","publisher":{"@id":"https:\/\/www.tpa-group.cz\/de\/#organization"},"potentialAction":[{"@type":"SearchAction","target":{"@type":"EntryPoint","urlTemplate":"https:\/\/www.tpa-group.cz\/de\/?s={search_term_string}"},"query-input":{"@type":"PropertyValueSpecification","valueRequired":true,"valueName":"search_term_string"}}],"inLanguage":"de-DE"},{"@type":"Organization","@id":"https:\/\/www.tpa-group.cz\/de\/#organization","name":"www.tpa-group.cz","url":"https:\/\/www.tpa-group.cz\/de\/","logo":{"@type":"ImageObject","inLanguage":"de-DE","@id":"https:\/\/www.tpa-group.cz\/de\/#\/schema\/logo\/image\/","url":"https:\/\/www.tpa-group.cz\/app\/uploads\/sites\/4\/2023\/03\/tpa-logo.svg","contentUrl":"https:\/\/www.tpa-group.cz\/app\/uploads\/sites\/4\/2023\/03\/tpa-logo.svg","width":110,"height":93,"caption":"www.tpa-group.cz"},"image":{"@id":"https:\/\/www.tpa-group.cz\/de\/#\/schema\/logo\/image\/"}}]}},"_links":{"self":[{"href":"https:\/\/www.tpa-group.cz\/de\/wp-json\/wp\/v2\/pages\/6521","targetHints":{"allow":["GET"]}}],"collection":[{"href":"https:\/\/www.tpa-group.cz\/de\/wp-json\/wp\/v2\/pages"}],"about":[{"href":"https:\/\/www.tpa-group.cz\/de\/wp-json\/wp\/v2\/types\/page"}],"author":[{"embeddable":true,"href":"https:\/\/www.tpa-group.cz\/de\/wp-json\/wp\/v2\/users\/14"}],"replies":[{"embeddable":true,"href":"https:\/\/www.tpa-group.cz\/de\/wp-json\/wp\/v2\/comments?post=6521"}],"version-history":[{"count":17,"href":"https:\/\/www.tpa-group.cz\/de\/wp-json\/wp\/v2\/pages\/6521\/revisions"}],"predecessor-version":[{"id":10137,"href":"https:\/\/www.tpa-group.cz\/de\/wp-json\/wp\/v2\/pages\/6521\/revisions\/10137"}],"up":[{"embeddable":true,"href":"https:\/\/www.tpa-group.cz\/de\/wp-json\/wp\/v2\/pages\/6501"}],"wp:attachment":[{"href":"https:\/\/www.tpa-group.cz\/de\/wp-json\/wp\/v2\/media?parent=6521"}],"curies":[{"name":"wp","href":"https:\/\/api.w.org\/{rel}","templated":true}]}}