{"id":6501,"date":"2023-10-19T11:51:20","date_gmt":"2023-10-19T11:51:20","guid":{"rendered":"https:\/\/www.tpa-group.cz\/ueber-uns\/"},"modified":"2024-07-10T07:37:23","modified_gmt":"2024-07-10T07:37:23","slug":"ueber-uns","status":"publish","type":"page","link":"https:\/\/www.tpa-group.cz\/de\/ueber-uns\/","title":{"rendered":"\u00dcber uns"},"content":{"rendered":"\t\t<div data-elementor-type=\"wp-page\" data-elementor-id=\"6501\" class=\"elementor elementor-6501 elementor-2330\" data-elementor-post-type=\"page\">\n\t\t\t\t\t\t<section class=\"elementor-section elementor-top-section elementor-element elementor-element-494c3308 hero-banner elementor-section-boxed elementor-section-height-default elementor-section-height-default\" data-id=\"494c3308\" data-element_type=\"section\">\n\t\t\t\t\t\t<div class=\"elementor-container elementor-column-gap-default\">\n\t\t\t\t\t<div class=\"elementor-column elementor-col-50 elementor-top-column elementor-element elementor-element-24de6bb6\" data-id=\"24de6bb6\" data-element_type=\"column\">\n\t\t\t<div class=\"elementor-widget-wrap elementor-element-populated\">\n\t\t\t\t\t\t<section class=\"elementor-section elementor-inner-section elementor-element elementor-element-29833dc1 hero-banner-breadcrumbs-container elementor-section-boxed elementor-section-height-default elementor-section-height-default\" data-id=\"29833dc1\" data-element_type=\"section\">\n\t\t\t\t\t\t<div class=\"elementor-container elementor-column-gap-default\">\n\t\t\t\t\t<div class=\"elementor-column elementor-col-100 elementor-inner-column elementor-element elementor-element-18c046cc\" data-id=\"18c046cc\" data-element_type=\"column\">\n\t\t\t<div class=\"elementor-widget-wrap elementor-element-populated\">\n\t\t\t\t\t\t<div class=\"elementor-element elementor-element-199ea3a2 elementor-widget elementor-widget-heading\" data-id=\"199ea3a2\" data-element_type=\"widget\" data-widget_type=\"heading.default\">\n\t\t\t\t<div class=\"elementor-widget-container\">\n\t\t\t\t\t<p class=\"elementor-heading-title elementor-size-default\"><a href=\"\/de\">Home |&nbsp;<\/a><\/p>\t\t\t\t<\/div>\n\t\t\t\t<\/div>\n\t\t\t\t<div class=\"elementor-element elementor-element-1c94c591 elementor-widget elementor-widget-heading\" data-id=\"1c94c591\" data-element_type=\"widget\" data-widget_type=\"heading.default\">\n\t\t\t\t<div class=\"elementor-widget-container\">\n\t\t\t\t\t<p class=\"elementor-heading-title elementor-size-default\">\u00dcber uns<\/p>\t\t\t\t<\/div>\n\t\t\t\t<\/div>\n\t\t\t\t\t<\/div>\n\t\t<\/div>\n\t\t\t\t\t<\/div>\n\t\t<\/section>\n\t\t\t\t<div class=\"elementor-element elementor-element-3743d8f2 elementor-widget elementor-widget-heading\" data-id=\"3743d8f2\" data-element_type=\"widget\" data-widget_type=\"heading.default\">\n\t\t\t\t<div class=\"elementor-widget-container\">\n\t\t\t\t\t<h2 class=\"elementor-heading-title elementor-size-default\">Willkommen bei TPA!<\/h2>\t\t\t\t<\/div>\n\t\t\t\t<\/div>\n\t\t\t\t<div class=\"elementor-element elementor-element-c2429ea elementor-widget elementor-widget-text-editor\" data-id=\"c2429ea\" data-element_type=\"widget\" data-widget_type=\"text-editor.default\">\n\t\t\t\t<div class=\"elementor-widget-container\">\n\t\t\t\t\t\t\t\t\t<p>Sie suchen einen Partner, der versteht, was Sie brauchen?<br \/>Der Ihre Sprache spricht, Ihre Branche kennt und sich Zeit f\u00fcr Ihre Anliegen nimmt?<\/p>\t\t\t\t\t\t\t\t<\/div>\n\t\t\t\t<\/div>\n\t\t\t\t\t<\/div>\n\t\t<\/div>\n\t\t\t\t<div class=\"elementor-column elementor-col-50 elementor-top-column elementor-element elementor-element-31b62d02\" data-id=\"31b62d02\" data-element_type=\"column\">\n\t\t\t<div class=\"elementor-widget-wrap\">\n\t\t\t\t\t\t\t<\/div>\n\t\t<\/div>\n\t\t\t\t\t<\/div>\n\t\t<\/section>\n\t\t<div class=\"elementor-element elementor-element-3697b49 page-content-container e-flex e-con-boxed e-con e-parent\" data-id=\"3697b49\" data-element_type=\"container\">\n\t\t\t\t\t<div class=\"e-con-inner\">\n\t\t\t\t<div class=\"elementor-element elementor-element-6e7cc1b elementor-widget elementor-widget-text-editor\" data-id=\"6e7cc1b\" data-element_type=\"widget\" data-widget_type=\"text-editor.default\">\n\t\t\t\t<div class=\"elementor-widget-container\">\n\t\t\t\t\t\t\t\t\t<p>Dann sind Sie bei TPA Steuerberatung genau richtig. Unsere wichtigsten Werkzeuge sind nicht Rechenstifte, Tabellen und die neuesten Technologien. Sondern ein genauer Blick, ein feines Geh\u00f6r, der richtige Riecher und ein ehrliches Gespr\u00e4ch.<\/p>\t\t\t\t\t\t\t\t<\/div>\n\t\t\t\t<\/div>\n\t\t\t\t<div class=\"elementor-element elementor-element-8433915 elementor-widget elementor-widget-heading\" data-id=\"8433915\" data-element_type=\"widget\" data-widget_type=\"heading.default\">\n\t\t\t\t<div class=\"elementor-widget-container\">\n\t\t\t\t\t<h2 class=\"elementor-heading-title elementor-size-default\">Face to Face Business<\/h2>\t\t\t\t<\/div>\n\t\t\t\t<\/div>\n\t\t\t\t<div class=\"elementor-element elementor-element-b03d9ad elementor-widget elementor-widget-text-editor\" data-id=\"b03d9ad\" data-element_type=\"widget\" data-widget_type=\"text-editor.default\">\n\t\t\t\t<div class=\"elementor-widget-container\">\n\t\t\t\t\t\t\t\t\t<p>Nur wer auf Augenh\u00f6he kommuniziert und sich in jedes Projekt hineindenkt, findet die passende L\u00f6sung. Das ist es, was wir unter\u00a0<strong>Face to Face Business<\/strong> verstehen und leben. Tag f\u00fcr Tag, regional und international.<\/p><p>Erfahren Sie mehr \u00fcber unser\u00a0<strong><a title=\"N\u00e4her am Kunden - Erfahren Sie mehr \u00fcber TPA \u00d6sterreich\" href=\"https:\/\/www.tpa-group.cz\/de\/ueber-uns\/tpa-tschechischen-republik\/\"><u>Unternehmen<\/u><\/a><\/strong>, das<strong>\u00a0<a title=\"Unsere Partner sind Steuerberater, Wirtschaftspr\u00fcfer und Unternehmensberater \" href=\"https:\/\/www.tpa-group.cz\/de\/partnerinnen\/\"><u>Team<\/u><\/a><\/strong>, unsere <strong><a title=\"Steuerberatung, Buchhaltung und Unternehmensberatung von TPA\" href=\"https:\/\/www.tpa-group.cz\/de\/leistungen\/\"><span style=\"text-decoration: underline;\">Dienstleistungsangebote<\/span><\/a><\/strong> und unsere <strong><a href=\"https:\/\/www.tpa-group.cz\/de\/ueber-uns\/unsere-philosophie\/\"><span style=\"text-decoration: underline;\">Philosophie<\/span><\/a><\/strong>. Oder lernen Sie uns pers\u00f6nlich bei einem Face to Face-Gespr\u00e4ch kennen.<\/p>\t\t\t\t\t\t\t\t<\/div>\n\t\t\t\t<\/div>\n\t\t\t\t<div class=\"elementor-element elementor-element-4b0d5cf elementor-widget elementor-widget-image\" data-id=\"4b0d5cf\" data-element_type=\"widget\" data-widget_type=\"image.default\">\n\t\t\t\t<div class=\"elementor-widget-container\">\n\t\t\t\t\t\t\t\t\t\t\t\t\t\t\t<img fetchpriority=\"high\" decoding=\"async\" width=\"800\" height=\"324\" src=\"https:\/\/www.tpa-group.cz\/app\/uploads\/sites\/4\/2024\/02\/face-to-face-1024x415.jpg\" class=\"attachment-large size-large wp-image-5720\" alt=\"\" srcset=\"https:\/\/www.tpa-group.cz\/app\/uploads\/sites\/4\/2024\/02\/face-to-face-1024x415.jpg 1024w, https:\/\/www.tpa-group.cz\/app\/uploads\/sites\/4\/2024\/02\/face-to-face-300x121.jpg 300w, https:\/\/www.tpa-group.cz\/app\/uploads\/sites\/4\/2024\/02\/face-to-face-768x311.jpg 768w, https:\/\/www.tpa-group.cz\/app\/uploads\/sites\/4\/2024\/02\/face-to-face-1536x622.jpg 1536w, https:\/\/www.tpa-group.cz\/app\/uploads\/sites\/4\/2024\/02\/face-to-face.jpg 1605w\" sizes=\"(max-width: 800px) 100vw, 800px\" \/>\t\t\t\t\t\t\t\t\t\t\t\t\t\t\t<\/div>\n\t\t\t\t<\/div>\n\t\t\t\t\t<\/div>\n\t\t\t\t<\/div>\n\t\t\t\t<\/div>\n\t\t","protected":false},"excerpt":{"rendered":"<p>Home |&nbsp; \u00dcber uns Willkommen bei TPA! Sie suchen einen Partner, der versteht, was Sie brauchen?Der Ihre Sprache spricht, Ihre Branche kennt und sich Zeit f\u00fcr Ihre Anliegen nimmt? Dann sind Sie bei TPA Steuerberatung genau richtig. Unsere wichtigsten Werkzeuge sind nicht Rechenstifte, Tabellen und die neuesten Technologien. Sondern ein genauer Blick, ein feines Geh\u00f6r, [&hellip;]<\/p>\n","protected":false},"author":14,"featured_media":0,"parent":0,"menu_order":0,"comment_status":"closed","ping_status":"closed","template":"elementor_header_footer","meta":{"_acf_changed":false,"footnotes":""},"class_list":["post-6501","page","type-page","status-publish","hentry"],"acf":[],"yoast_head":"<!-- This site is optimized with the Yoast SEO plugin v26.0 - https:\/\/yoast.com\/wordpress\/plugins\/seo\/ -->\n<title>\u00dcber uns - TPA Czech Republic<\/title>\n<meta name=\"robots\" content=\"index, follow, max-snippet:-1, max-image-preview:large, max-video-preview:-1\" \/>\n<link rel=\"canonical\" href=\"https:\/\/www.tpa-group.cz\/de\/ueber-uns\/\" \/>\n<meta property=\"og:locale\" content=\"de_DE\" \/>\n<meta property=\"og:type\" content=\"article\" \/>\n<meta property=\"og:title\" content=\"\u00dcber uns - TPA Czech Republic\" \/>\n<meta property=\"og:description\" content=\"Home |&nbsp; \u00dcber uns Willkommen bei TPA! Sie suchen einen Partner, der versteht, was Sie brauchen?Der Ihre Sprache spricht, Ihre Branche kennt und sich Zeit f\u00fcr Ihre Anliegen nimmt? Dann sind Sie bei TPA Steuerberatung genau richtig. Unsere wichtigsten Werkzeuge sind nicht Rechenstifte, Tabellen und die neuesten Technologien. Sondern ein genauer Blick, ein feines Geh\u00f6r, [&hellip;]\" \/>\n<meta property=\"og:url\" content=\"https:\/\/www.tpa-group.cz\/de\/ueber-uns\/\" \/>\n<meta property=\"og:site_name\" content=\"TPA Czech Republic\" \/>\n<meta property=\"article:modified_time\" content=\"2024-07-10T07:37:23+00:00\" \/>\n<meta property=\"og:image\" content=\"https:\/\/www.tpa-group.cz\/app\/uploads\/sites\/4\/2024\/02\/face-to-face-1024x415.jpg\" \/>\n<meta name=\"twitter:card\" content=\"summary_large_image\" \/>\n<meta name=\"twitter:label1\" content=\"Est. reading time\" \/>\n\t<meta name=\"twitter:data1\" content=\"1 Minute\" \/>\n<script type=\"application\/ld+json\" class=\"yoast-schema-graph\">{\"@context\":\"https:\/\/schema.org\",\"@graph\":[{\"@type\":\"WebPage\",\"@id\":\"https:\/\/www.tpa-group.cz\/de\/ueber-uns\/\",\"url\":\"https:\/\/www.tpa-group.cz\/de\/ueber-uns\/\",\"name\":\"\u00dcber uns - TPA Czech Republic\",\"isPartOf\":{\"@id\":\"https:\/\/www.tpa-group.cz\/de\/#website\"},\"primaryImageOfPage\":{\"@id\":\"https:\/\/www.tpa-group.cz\/de\/ueber-uns\/#primaryimage\"},\"image\":{\"@id\":\"https:\/\/www.tpa-group.cz\/de\/ueber-uns\/#primaryimage\"},\"thumbnailUrl\":\"https:\/\/www.tpa-group.cz\/app\/uploads\/sites\/4\/2024\/02\/face-to-face-1024x415.jpg\",\"datePublished\":\"2023-10-19T11:51:20+00:00\",\"dateModified\":\"2024-07-10T07:37:23+00:00\",\"breadcrumb\":{\"@id\":\"https:\/\/www.tpa-group.cz\/de\/ueber-uns\/#breadcrumb\"},\"inLanguage\":\"de-DE\",\"potentialAction\":[{\"@type\":\"ReadAction\",\"target\":[\"https:\/\/www.tpa-group.cz\/de\/ueber-uns\/\"]}]},{\"@type\":\"ImageObject\",\"inLanguage\":\"de-DE\",\"@id\":\"https:\/\/www.tpa-group.cz\/de\/ueber-uns\/#primaryimage\",\"url\":\"https:\/\/www.tpa-group.cz\/app\/uploads\/sites\/4\/2024\/02\/face-to-face-1024x415.jpg\",\"contentUrl\":\"https:\/\/www.tpa-group.cz\/app\/uploads\/sites\/4\/2024\/02\/face-to-face-1024x415.jpg\"},{\"@type\":\"BreadcrumbList\",\"@id\":\"https:\/\/www.tpa-group.cz\/de\/ueber-uns\/#breadcrumb\",\"itemListElement\":[{\"@type\":\"ListItem\",\"position\":1,\"name\":\"Home\",\"item\":\"https:\/\/www.tpa-group.cz\/de\/\"},{\"@type\":\"ListItem\",\"position\":2,\"name\":\"\u00dcber uns\"}]},{\"@type\":\"WebSite\",\"@id\":\"https:\/\/www.tpa-group.cz\/de\/#website\",\"url\":\"https:\/\/www.tpa-group.cz\/de\/\",\"name\":\"www.tpa-group.cz\",\"description\":\"\",\"publisher\":{\"@id\":\"https:\/\/www.tpa-group.cz\/de\/#organization\"},\"potentialAction\":[{\"@type\":\"SearchAction\",\"target\":{\"@type\":\"EntryPoint\",\"urlTemplate\":\"https:\/\/www.tpa-group.cz\/de\/?s={search_term_string}\"},\"query-input\":{\"@type\":\"PropertyValueSpecification\",\"valueRequired\":true,\"valueName\":\"search_term_string\"}}],\"inLanguage\":\"de-DE\"},{\"@type\":\"Organization\",\"@id\":\"https:\/\/www.tpa-group.cz\/de\/#organization\",\"name\":\"www.tpa-group.cz\",\"url\":\"https:\/\/www.tpa-group.cz\/de\/\",\"logo\":{\"@type\":\"ImageObject\",\"inLanguage\":\"de-DE\",\"@id\":\"https:\/\/www.tpa-group.cz\/de\/#\/schema\/logo\/image\/\",\"url\":\"https:\/\/www.tpa-group.cz\/app\/uploads\/sites\/4\/2023\/03\/tpa-logo.svg\",\"contentUrl\":\"https:\/\/www.tpa-group.cz\/app\/uploads\/sites\/4\/2023\/03\/tpa-logo.svg\",\"width\":110,\"height\":93,\"caption\":\"www.tpa-group.cz\"},\"image\":{\"@id\":\"https:\/\/www.tpa-group.cz\/de\/#\/schema\/logo\/image\/\"}}]}<\/script>\n<!-- \/ Yoast SEO plugin. -->","yoast_head_json":{"title":"\u00dcber uns - TPA Czech Republic","robots":{"index":"index","follow":"follow","max-snippet":"max-snippet:-1","max-image-preview":"max-image-preview:large","max-video-preview":"max-video-preview:-1"},"canonical":"https:\/\/www.tpa-group.cz\/de\/ueber-uns\/","og_locale":"de_DE","og_type":"article","og_title":"\u00dcber uns - TPA Czech Republic","og_description":"Home |&nbsp; \u00dcber uns Willkommen bei TPA! Sie suchen einen Partner, der versteht, was Sie brauchen?Der Ihre Sprache spricht, Ihre Branche kennt und sich Zeit f\u00fcr Ihre Anliegen nimmt? Dann sind Sie bei TPA Steuerberatung genau richtig. Unsere wichtigsten Werkzeuge sind nicht Rechenstifte, Tabellen und die neuesten Technologien. Sondern ein genauer Blick, ein feines Geh\u00f6r, [&hellip;]","og_url":"https:\/\/www.tpa-group.cz\/de\/ueber-uns\/","og_site_name":"TPA Czech Republic","article_modified_time":"2024-07-10T07:37:23+00:00","og_image":[{"url":"https:\/\/www.tpa-group.cz\/app\/uploads\/sites\/4\/2024\/02\/face-to-face-1024x415.jpg","type":"","width":"","height":""}],"twitter_card":"summary_large_image","twitter_misc":{"Est. reading time":"1 Minute"},"schema":{"@context":"https:\/\/schema.org","@graph":[{"@type":"WebPage","@id":"https:\/\/www.tpa-group.cz\/de\/ueber-uns\/","url":"https:\/\/www.tpa-group.cz\/de\/ueber-uns\/","name":"\u00dcber uns - TPA Czech Republic","isPartOf":{"@id":"https:\/\/www.tpa-group.cz\/de\/#website"},"primaryImageOfPage":{"@id":"https:\/\/www.tpa-group.cz\/de\/ueber-uns\/#primaryimage"},"image":{"@id":"https:\/\/www.tpa-group.cz\/de\/ueber-uns\/#primaryimage"},"thumbnailUrl":"https:\/\/www.tpa-group.cz\/app\/uploads\/sites\/4\/2024\/02\/face-to-face-1024x415.jpg","datePublished":"2023-10-19T11:51:20+00:00","dateModified":"2024-07-10T07:37:23+00:00","breadcrumb":{"@id":"https:\/\/www.tpa-group.cz\/de\/ueber-uns\/#breadcrumb"},"inLanguage":"de-DE","potentialAction":[{"@type":"ReadAction","target":["https:\/\/www.tpa-group.cz\/de\/ueber-uns\/"]}]},{"@type":"ImageObject","inLanguage":"de-DE","@id":"https:\/\/www.tpa-group.cz\/de\/ueber-uns\/#primaryimage","url":"https:\/\/www.tpa-group.cz\/app\/uploads\/sites\/4\/2024\/02\/face-to-face-1024x415.jpg","contentUrl":"https:\/\/www.tpa-group.cz\/app\/uploads\/sites\/4\/2024\/02\/face-to-face-1024x415.jpg"},{"@type":"BreadcrumbList","@id":"https:\/\/www.tpa-group.cz\/de\/ueber-uns\/#breadcrumb","itemListElement":[{"@type":"ListItem","position":1,"name":"Home","item":"https:\/\/www.tpa-group.cz\/de\/"},{"@type":"ListItem","position":2,"name":"\u00dcber uns"}]},{"@type":"WebSite","@id":"https:\/\/www.tpa-group.cz\/de\/#website","url":"https:\/\/www.tpa-group.cz\/de\/","name":"www.tpa-group.cz","description":"","publisher":{"@id":"https:\/\/www.tpa-group.cz\/de\/#organization"},"potentialAction":[{"@type":"SearchAction","target":{"@type":"EntryPoint","urlTemplate":"https:\/\/www.tpa-group.cz\/de\/?s={search_term_string}"},"query-input":{"@type":"PropertyValueSpecification","valueRequired":true,"valueName":"search_term_string"}}],"inLanguage":"de-DE"},{"@type":"Organization","@id":"https:\/\/www.tpa-group.cz\/de\/#organization","name":"www.tpa-group.cz","url":"https:\/\/www.tpa-group.cz\/de\/","logo":{"@type":"ImageObject","inLanguage":"de-DE","@id":"https:\/\/www.tpa-group.cz\/de\/#\/schema\/logo\/image\/","url":"https:\/\/www.tpa-group.cz\/app\/uploads\/sites\/4\/2023\/03\/tpa-logo.svg","contentUrl":"https:\/\/www.tpa-group.cz\/app\/uploads\/sites\/4\/2023\/03\/tpa-logo.svg","width":110,"height":93,"caption":"www.tpa-group.cz"},"image":{"@id":"https:\/\/www.tpa-group.cz\/de\/#\/schema\/logo\/image\/"}}]}},"_links":{"self":[{"href":"https:\/\/www.tpa-group.cz\/de\/wp-json\/wp\/v2\/pages\/6501","targetHints":{"allow":["GET"]}}],"collection":[{"href":"https:\/\/www.tpa-group.cz\/de\/wp-json\/wp\/v2\/pages"}],"about":[{"href":"https:\/\/www.tpa-group.cz\/de\/wp-json\/wp\/v2\/types\/page"}],"author":[{"embeddable":true,"href":"https:\/\/www.tpa-group.cz\/de\/wp-json\/wp\/v2\/users\/14"}],"replies":[{"embeddable":true,"href":"https:\/\/www.tpa-group.cz\/de\/wp-json\/wp\/v2\/comments?post=6501"}],"version-history":[{"count":24,"href":"https:\/\/www.tpa-group.cz\/de\/wp-json\/wp\/v2\/pages\/6501\/revisions"}],"predecessor-version":[{"id":10238,"href":"https:\/\/www.tpa-group.cz\/de\/wp-json\/wp\/v2\/pages\/6501\/revisions\/10238"}],"wp:attachment":[{"href":"https:\/\/www.tpa-group.cz\/de\/wp-json\/wp\/v2\/media?parent=6501"}],"curies":[{"name":"wp","href":"https:\/\/api.w.org\/{rel}","templated":true}]}}